{"id":55730,"date":"2021-05-13T14:55:06","date_gmt":"2021-05-13T12:55:06","guid":{"rendered":"http:\/\/designenwijn.com\/?post_type=product&#038;p=55730"},"modified":"2026-03-20T17:34:09","modified_gmt":"2026-03-20T16:34:09","slug":"fruhlingsburgunder-2022-weinberg-dorn","status":"publish","type":"product","link":"https:\/\/www.designenwijn.com\/de\/product\/fruhburgunder-2022-wijngoed-thorn\/","title":{"rendered":"Fr\u00fchburgunder 2022 \u2013 Weingut Thorn"},"content":{"rendered":"<p>Der Fr\u00fchburgunder 2022 \u2013 Wijngoed Thorn ist ein raffinierter und eleganter Rotwein mit einer leuchtend hellroten Farbe und einem weichen, fruchtigen Geschmack. Er ist zug\u00e4nglich und vielseitig und eignet sich perfekt f\u00fcr ein gem\u00fctliches Abendessen oder einen entspannten Abend mit Freunden. Dieser Fr\u00fchburgunder ist einzigartig in den Niederlanden: ein besonderer Ausdruck einer seltenen Rebsorte, optimal entwickelt im milden Mikroklima von Wijngoed Thorn, im Herzen des Limburger Stadtteils \u2019t Witte Stadje\u201c.<\/p>\n<h5>Charakter und Aromen<\/h5>\n<p>Der Fr\u00fchburgunder 2022 besticht im ersten Moment mit frischen Aromen von Kirschen und Himbeeren, erg\u00e4nzt durch eine zarte florale Note und eine leichte Erdigkeit, die die Komplexit\u00e4t des Weins unterstreicht. Am Gaumen pr\u00e4sentiert er sich elegant und geschmeidig mit weichen Tanninen und einer feinen Balance zwischen fruchtiger Frische und subtiler W\u00fcrze. Ein Hauch von W\u00fcrze verleiht ihm eine raffinierte Note, w\u00e4hrend der volle, fruchtige Auftakt in einem \u00fcppigen, langen Abgang gipfelt.<\/p>\n<h5>\u00dcber den Winzer<\/h5>\n<p data-start=\"1292\" data-end=\"1661\"><a href=\"https:\/\/wijngoed-thorn.nl\/\" target=\"_blank\" rel=\"noopener\">Weingut Dorn<\/a> Das Weingut liegt im Herzen der limburgischen Stadt Thorn, auch bekannt als \u2019t Witte Stadje\u201c (Die Wei\u00dfe Stadt). Im Jahr 2001 begannen Harry und Mieke mit dem Anbau von Weintrauben und der Weinherstellung. Was als kleines Projekt begann, hat sich mittlerweile zu einem renommierten Weingut mit neun Hektar Weinbergen und einer breiten, hochwertigen Auswahl an Weinen entwickelt.<\/p>\n<p data-start=\"1663\" data-end=\"2045\">Die Weinberge liegen an einem alten Maasarm und bestehen aus lehmig-sandigen B\u00f6den. Diese Bodenstruktur gew\u00e4hrleistet eine gute Wasserspeicherung und W\u00e4rmespeicherung, was zu reifen Trauben mit feinen Aromen beitr\u00e4gt. Mit durchschnittlich 1.600 Sonnenstunden pro Jahr und der Lage in einer der trockensten Regionen der Benelux-Staaten bietet dieser warme Teil Limburgs hervorragende Bedingungen f\u00fcr den Weinbau.<\/p>\n<p data-start=\"2047\" data-end=\"2379\">Das milde Mikroklima des Maastals bringt Weine mit Ausgewogenheit, Frische und Herkunftscharakter hervor. Seit dem 10. Januar 2018 ist das Weinbaugebiet von der Europ\u00e4ischen Kommission offiziell mit der gesch\u00fctzten Ursprungsbezeichnung (g.U.) Maasvallei Limburg anerkannt, was die einzigartige Qualit\u00e4t und Identit\u00e4t dieser Region best\u00e4tigt.<\/p>\n<h5>Passt gut zu<\/h5>\n<p data-start=\"1292\" data-end=\"1661\">Der Fr\u00fchburgunder 2022 passt hervorragend zu Grillfleisch, wie zartem Lammr\u00fccken oder Kr\u00e4uterh\u00e4hnchen. Er harmoniert auch wunderbar mit einer Weinplatte mit jungem K\u00e4se, Wurstwaren oder einem leichten Salat. Dank seiner Vielseitigkeit eignet er sich gleicherma\u00dfen f\u00fcr eine leichte Mahlzeit oder einen gem\u00fctlichen Abend mit Freunden.<\/p>\n<h5>Geschenktipp<\/h5>\n<p>Pinot Noir 777 \u2013 Wijngoed Thorn ist ein stilvolles und durchdachtes Geschenk. Perfekt f\u00fcr ein Dinner, einen besonderen Anlass oder als einzigartige Einf\u00fchrung in die Welt des niederl\u00e4ndischen Rotweins. Kombinieren Sie ihn mit einem eleganten Weinglas und einer Auswahl an passenden Snacks f\u00fcr ein rundum gelungenes Geschenk. Entdecken Sie weitere Weine von Wijngoed Thorn in <a href=\"https:\/\/www.designenwijn.com\/de\/?s=Wijngoed+Thorn&amp;post_type=product&amp;dgwt_wcas=1\">unsere Sammlung<\/a>.<\/p>","protected":false},"excerpt":{"rendered":"<p>De Fr\u00fchburgunder 2022 &#8211; Wijngoed Thorn is een verfijnde en elegante rode wijn met een heldere lichtrode kleur en een soepele, fruitige smaak. Met aroma\u2019s van rijpe kersen, frambozen en een subtiele bloemige toets, gecombineerd met een zachte aardse ondertoon, biedt deze wijn een harmonieus en complex karakter. Hij is toegankelijk en veelzijdig, perfect voor zowel een gezellig diner als een ontspannen avond met vrienden. Deze Fr\u00fchburgunder is uniek in Nederland: een bijzondere expressie van een zeldzame druivensoort, optimaal ontwikkeld in het milde microklimaat van Wijngoed Thorn, gelegen in het hart van het Limburgse &#8217;t Witte Stadje.<\/p>\n<h5>Charakter und Aromen<\/h5>\n<p>Der Fr\u00fchburgunder 2022 besticht im ersten Moment mit frischen Aromen von Kirschen und Himbeeren, erg\u00e4nzt durch eine zarte florale Note und eine leichte Erdigkeit, die die Komplexit\u00e4t des Weins unterstreicht. Am Gaumen pr\u00e4sentiert er sich elegant und geschmeidig mit weichen Tanninen und einer feinen Balance zwischen fruchtiger Frische und subtiler W\u00fcrze. Ein Hauch von W\u00fcrze verleiht ihm eine raffinierte Note, w\u00e4hrend der volle, fruchtige Auftakt in einem \u00fcppigen, langen Abgang gipfelt.<\/p>\n<h5>\u00dcber den Winzer<\/h5>\n<p data-start=\"1292\" data-end=\"1661\"><a href=\"https:\/\/wijngoed-thorn.nl\/\">Weingut Dorn<\/a> Das Weingut liegt im Herzen der limburgischen Stadt Thorn, auch bekannt als \u2019t Witte Stadje\u201c (Die Wei\u00dfe Stadt). Im Jahr 2001 begannen Harry und Mieke mit dem Anbau von Weintrauben und der Weinherstellung. Was als kleines Projekt begann, hat sich mittlerweile zu einem renommierten Weingut mit neun Hektar Weinbergen und einer breiten, hochwertigen Auswahl an Weinen entwickelt.<\/p>\n<p data-start=\"1663\" data-end=\"2045\">Die Weinberge liegen an einem alten Maasarm und bestehen aus lehmig-sandigen B\u00f6den. Diese Bodenstruktur gew\u00e4hrleistet eine gute Wasserspeicherung und W\u00e4rmespeicherung, was zu reifen Trauben mit feinen Aromen beitr\u00e4gt. Mit durchschnittlich 1.600 Sonnenstunden pro Jahr und der Lage in einer der trockensten Regionen der Benelux-Staaten bietet dieser warme Teil Limburgs hervorragende Bedingungen f\u00fcr den Weinbau.<\/p>\n<p data-start=\"2047\" data-end=\"2379\">Das milde Mikroklima des Maastals bringt Weine mit Ausgewogenheit, Frische und Herkunftscharakter hervor. Seit dem 10. Januar 2018 ist das Weinbaugebiet von der Europ\u00e4ischen Kommission offiziell mit der gesch\u00fctzten Ursprungsbezeichnung (g.U.) Maasvallei Limburg anerkannt, was die einzigartige Qualit\u00e4t und Identit\u00e4t dieser Region best\u00e4tigt.<\/p>\n<h5>Passt gut zu<\/h5>\n<p data-start=\"1292\" data-end=\"1661\">Der Fr\u00fchburgunder 2022 passt hervorragend zu Grillfleisch, wie zartem Lammr\u00fccken oder Kr\u00e4uterh\u00e4hnchen. Er harmoniert auch wunderbar mit einer Weinplatte mit jungem K\u00e4se, Wurstwaren oder einem leichten Salat. Dank seiner Vielseitigkeit eignet er sich gleicherma\u00dfen f\u00fcr eine leichte Mahlzeit oder einen gem\u00fctlichen Abend mit Freunden.<\/p>\n<h5>Geschenktipp<\/h5>\n<p>Pinot Noir 777 \u2013 Wijngoed Thorn ist ein stilvolles und durchdachtes Geschenk. Perfekt f\u00fcr ein Dinner, einen besonderen Anlass oder als einzigartige Einf\u00fchrung in die Welt des niederl\u00e4ndischen Rotweins. Kombinieren Sie ihn mit einem eleganten Weinglas und einer Auswahl an passenden Snacks f\u00fcr ein rundum gelungenes Geschenk. Entdecken Sie weitere Weine von Wijngoed Thorn in <a href=\"https:\/\/www.designenwijn.com\/de\/?s=Wijngoed+Thorn&amp;post_type=product&amp;dgwt_wcas=1\">unsere Sammlung<\/a>.<\/p>","protected":false},"featured_media":56324,"comment_status":"open","ping_status":"closed","template":"","meta":{"_et_pb_use_builder":"","_et_pb_old_content":"","_et_gb_content_width":"","footnotes":""},"product_brand":[],"product_cat":[57,53],"product_tag":[],"class_list":{"0":"post-55730","1":"product","2":"type-product","3":"status-publish","4":"has-post-thumbnail","6":"product_cat-nederlandse-rode-wijn","7":"product_cat-nederlandse-wijn","8":"pa_druif-pinot-noir","9":"pa_inhoud-750ml","10":"pa_kleur-nederlandse-rode-wijn","11":"pa_past-goed-bij-gevogelte","12":"pa_past-goed-bij-rood-vlees","13":"pa_prijs-15-tot-25-euro","14":"pa_provincie-limburg","15":"pa_smaak-droog","16":"pa_smaak-fruitig","17":"pa_smaak-kruidig","18":"pa_smaak-medium-body","19":"pa_wijnhuis-wijngoed-thorn","21":"first","22":"instock","23":"taxable","24":"shipping-taxable","25":"purchasable","26":"product-type-simple"},"_links":{"self":[{"href":"https:\/\/www.designenwijn.com\/de\/wp-json\/wp\/v2\/product\/55730","targetHints":{"allow":["GET"]}}],"collection":[{"href":"https:\/\/www.designenwijn.com\/de\/wp-json\/wp\/v2\/product"}],"about":[{"href":"https:\/\/www.designenwijn.com\/de\/wp-json\/wp\/v2\/types\/product"}],"replies":[{"embeddable":true,"href":"https:\/\/www.designenwijn.com\/de\/wp-json\/wp\/v2\/comments?post=55730"}],"version-history":[{"count":8,"href":"https:\/\/www.designenwijn.com\/de\/wp-json\/wp\/v2\/product\/55730\/revisions"}],"predecessor-version":[{"id":77221,"href":"https:\/\/www.designenwijn.com\/de\/wp-json\/wp\/v2\/product\/55730\/revisions\/77221"}],"wp:featuredmedia":[{"embeddable":true,"href":"https:\/\/www.designenwijn.com\/de\/wp-json\/wp\/v2\/media\/56324"}],"wp:attachment":[{"href":"https:\/\/www.designenwijn.com\/de\/wp-json\/wp\/v2\/media?parent=55730"}],"wp:term":[{"taxonomy":"product_brand","embeddable":true,"href":"https:\/\/www.designenwijn.com\/de\/wp-json\/wp\/v2\/product_brand?post=55730"},{"taxonomy":"product_cat","embeddable":true,"href":"https:\/\/www.designenwijn.com\/de\/wp-json\/wp\/v2\/product_cat?post=55730"},{"taxonomy":"product_tag","embeddable":true,"href":"https:\/\/www.designenwijn.com\/de\/wp-json\/wp\/v2\/product_tag?post=55730"}],"curies":[{"name":"wp","href":"https:\/\/api.w.org\/{rel}","templated":true}]}}