{"id":59331,"date":"2021-12-07T14:06:07","date_gmt":"2021-12-07T13:06:07","guid":{"rendered":"https:\/\/designenwijn.com\/?post_type=product&#038;p=59331"},"modified":"2025-11-20T08:16:53","modified_gmt":"2025-11-20T07:16:53","slug":"geschenkkartendesign-wein","status":"publish","type":"product","link":"https:\/\/www.designenwijn.com\/de\/product\/cadeaukaart-design-wijn\/","title":{"rendered":"Gutscheindesign &amp; Wein"},"content":{"rendered":"<p>Mit diesem Geschenkgutschein k\u00f6nnen Sie aus dem gesamten Weinsortiment von Design &amp; Wijn w\u00e4hlen. Nutzen Sie die Karte, um niederl\u00e4ndische Weine, Dekanter oder Weinb\u00fccher in unserem Gesch\u00e4ft zu kaufen. <a href=\"https:\/\/www.designenwijn.com\/de\/niederlandischer-wein-webshop\/\" target=\"_blank\" rel=\"noopener\">Online-Shop<\/a> oder in einem Ladengesch\u00e4ft. Die Geschenkkarte kann auch f\u00fcr eine niederl\u00e4ndische Weinprobe eingel\u00f6st werden.<\/p>\n<h5>Sie k\u00f6nnen den Wert Ihres Design &amp; Wine-Geschenkgutscheins zwischen 10 \u20ac und 150 \u20ac* (oder einem Vielfachen davon) selbst bestimmen. Alternativ k\u00f6nnen Sie auch einen Gutschein f\u00fcr eine Weinprobe w\u00e4hlen. Geschenkgutscheine ab 20 \u20ac werden innerhalb der Niederlande versandkostenfrei geliefert.<\/h5>\n<h2>Geben Sie eine Weinprobe<\/h2>\n<p>M\u00f6chten Sie lieber eine Verkostung als einen Gutschein verschenken? Dann w\u00e4hlen Sie eine unserer Weinproben:<\/p>\n<h5>Niederl\u00e4ndische Weinprobe<\/h5>\n<p class=\"p1\">Verschenken Sie eine Verkostung von 5 niederl\u00e4ndischen Qualit\u00e4tsweinen im Wert von 39 Euro. Unser Sommelier verw\u00f6hnt Ihren Freund, Kollegen oder Familienmitglied bei einer zweist\u00fcndigen Verkostung. Dieses lehrreiche und schmackhafte Erlebnis ist ein perfektes Geschenk f\u00fcr Weinliebhaber. Zur Verkostung geh\u00f6ren Probierformen, Brot und Wasser.<\/p>\n<h5>Weinprobe Royale<\/h5>\n<p>Unsere beliebteste Geschenkkarte ist die Royale-Weinprobe im Wert von 55 Euro. Diese Verkostung mit 5 niederl\u00e4ndischen Qualit\u00e4tsweinen wird durch eine k\u00f6stliche Platte mit lokalen K\u00f6stlichkeiten erg\u00e4nzt:<\/p>\n<ul>\n<li>Brot aus Niemeijer<\/li>\n<li>K\u00e4se aus burgundischem Lebensstil<\/li>\n<li>Wurst vom au\u00dfergew\u00f6hnlichen Schwein*<\/li>\n<li>Trauben<\/li>\n<li>N\u00fcsse<\/li>\n<li>Kesbekes feine Gurken<\/li>\n<\/ul>\n<p>*Diese Verkostung kann auch vegetarisch bestellt werden.<\/p>\n<h2>Sie erhalten den Geschenkgutschein<\/h2>\n<ul>\n<li>Ausdruck \u2013 innerhalb von 3 Werktagen\n<ul>\n<li>Optional \u2013 Direkt an den Empf\u00e4nger liefern lassen**<\/li>\n<\/ul>\n<\/li>\n<li>Oder digital \u2013 Bitte geben Sie dies in der Bestellnotiz an.<\/li>\n<\/ul>\n<p>**W\u00e4hlen Sie beim Abschluss der Bestellung eine andere Lieferadresse<br \/>\nSchreiben Sie eine pers\u00f6nliche Nachricht in die Bestellnotiz<\/p>","protected":false},"excerpt":{"rendered":"<p>Met deze gift-voucher heb je keuze uit het gehele wijnassortiment van Design &amp; Wijn. Zo gebruik je de kaart om Nederlandse wijn, decanters of wijnboeken te kopen in onze webshop of fysieke winkel. Ook is het mogelijk de cadeaukaart te verzilveren voor een Nederlandse wijnproeverij. Je kiest zelf de waarde van de Design &amp; Wijn [&hellip;]<\/p>\n","protected":false},"featured_media":66654,"comment_status":"open","ping_status":"closed","template":"","meta":{"_et_pb_use_builder":"","_et_pb_old_content":"","_et_gb_content_width":"","footnotes":""},"product_brand":[],"product_cat":[151],"product_tag":[],"class_list":{"0":"post-59331","1":"product","2":"type-product","3":"status-publish","4":"has-post-thumbnail","6":"product_cat-cadeau-tips","7":"product_shipping_class-briefpost-cadeaukaarten-nederland","9":"first","10":"instock","11":"taxable","12":"shipping-taxable","13":"purchasable","14":"product-type-variable","15":"has-default-attributes"},"_links":{"self":[{"href":"https:\/\/www.designenwijn.com\/de\/wp-json\/wp\/v2\/product\/59331","targetHints":{"allow":["GET"]}}],"collection":[{"href":"https:\/\/www.designenwijn.com\/de\/wp-json\/wp\/v2\/product"}],"about":[{"href":"https:\/\/www.designenwijn.com\/de\/wp-json\/wp\/v2\/types\/product"}],"replies":[{"embeddable":true,"href":"https:\/\/www.designenwijn.com\/de\/wp-json\/wp\/v2\/comments?post=59331"}],"version-history":[{"count":7,"href":"https:\/\/www.designenwijn.com\/de\/wp-json\/wp\/v2\/product\/59331\/revisions"}],"predecessor-version":[{"id":76115,"href":"https:\/\/www.designenwijn.com\/de\/wp-json\/wp\/v2\/product\/59331\/revisions\/76115"}],"wp:featuredmedia":[{"embeddable":true,"href":"https:\/\/www.designenwijn.com\/de\/wp-json\/wp\/v2\/media\/66654"}],"wp:attachment":[{"href":"https:\/\/www.designenwijn.com\/de\/wp-json\/wp\/v2\/media?parent=59331"}],"wp:term":[{"taxonomy":"product_brand","embeddable":true,"href":"https:\/\/www.designenwijn.com\/de\/wp-json\/wp\/v2\/product_brand?post=59331"},{"taxonomy":"product_cat","embeddable":true,"href":"https:\/\/www.designenwijn.com\/de\/wp-json\/wp\/v2\/product_cat?post=59331"},{"taxonomy":"product_tag","embeddable":true,"href":"https:\/\/www.designenwijn.com\/de\/wp-json\/wp\/v2\/product_tag?post=59331"}],"curies":[{"name":"wp","href":"https:\/\/api.w.org\/{rel}","templated":true}]}}