{"id":65410,"date":"2023-06-15T11:31:37","date_gmt":"2023-06-15T09:31:37","guid":{"rendered":"https:\/\/www.designenwijn.com\/?post_type=product&#038;p=65410"},"modified":"2025-12-10T16:05:54","modified_gmt":"2025-12-10T15:05:54","slug":"weinaromen-masterkit-le-nez-du-vin","status":"publish","type":"product","link":"https:\/\/www.designenwijn.com\/de\/product\/wijnaromas-masterskit-le-nez-du-vin\/","title":{"rendered":"Das Masterkit 54 Weinaromen \u2013 Le Nez du Vin J.Lenoir"},"content":{"rendered":"<p>Entdecken Sie die faszinierende Welt der Weinaromen mit den 54 Aromen von Le Nez du Vin J.Lenoir. Dieses sch\u00f6ne Set soll Ihre Sinne anregen und Ihre Nase darin schulen, verschiedene Aromen im Wein zu erkennen. Mit 54 sorgf\u00e4ltig ausgew\u00e4hlten D\u00fcften, die von fruchtig und blumig bis hin zu w\u00fcrzig und erdig reichen, bietet dieses Set eine umfangreiche Sammlung der g\u00e4ngigsten Weinaromen. Le Nez du Vin ist Jean Lenoirs Nachschlagewerk f\u00fcr schnelle Fortschritte bei der Weinverkostung. \u201eMachen Sie den Duft des Weins m\u00f6glich\u201c dank dieses Lerntools f\u00fcr Amateur- und Profi-Weinliebhaber.<\/p>\n<h4><span style=\"color: #61b0bc;\"><a style=\"color: #61b0bc;\" href=\"https:\/\/www.designenwijn.com\/de\/niederlandische-weinprobe\/\" target=\"_blank\" rel=\"noopener\">Tipp: Kommen Sie vorbei und probieren Sie das Set in unserem Verkostungsraum aus!\u00a0<\/a><\/span><\/h4>\n<p>Ob Sie ein Weinliebhaber sind, der sein Wissen erweitern m\u00f6chte, oder ein Weinprofi, der seine F\u00e4higkeiten verfeinern m\u00f6chte, Le Nez du Vin J.Lenoir 54 Aromen ist der ideale Begleiter. Jede Duftflasche wurde sorgf\u00e4ltig formuliert und enth\u00e4lt eine klare Beschreibung des Aromas, sodass Sie leicht lernen k\u00f6nnen, wie man sie in verschiedenen Weinen identifiziert.<\/p>\n<p>Neben dem p\u00e4dagogischen Aspekt ist dieses Set auch ein gro\u00dfartiges Werkzeug, um Ihre Weinprobe auf die n\u00e4chste Stufe zu heben. Indem Sie Ihre Nase mit diesen Aromen trainieren, k\u00f6nnen Sie subtilere Nuancen im Wein entdecken und Ihr Geschmackserlebnis bereichern.<\/p>\n<h2>Ein luxuri\u00f6ses und funktionelles Weingeschenk f\u00fcr Sie selbst oder einen echten Wein<a href=\"https:\/\/www.designenwijn.com\/de\/weinbegriffe\/#c\" target=\"_blank\" rel=\"noopener\">Kenner<\/a><\/h2>\n<p>Le Nez du Vin J.Lenoir 54 Aromen ist aus hochwertigen Materialien hergestellt und wird in einer eleganten Pr\u00e4sentationsbox geliefert. Es ist ein perfektes Geschenk f\u00fcr Weinliebhaber und eine wertvolle Erg\u00e4nzung zu jeder Weinprobe oder jedem Weinkurs.<\/p>\n<p>Kaufen Sie jetzt Le Nez du Vin J.Lenoir 54 Aromen und tauchen Sie ein in die bezaubernde Welt der D\u00fcfte im Wein. Erweitern Sie Ihr Wissen, verfeinern Sie Ihre F\u00e4higkeiten und genie\u00dfen Sie die Weinverkostung noch mehr.<\/p>\n<h2>Inhalt Masterkit mit Weinaromen<\/h2>\n<ul>\n<li>\n<h4>Eine raffinierte rote Kiste mit 54 Aromen von ausgezeichneter Qualit\u00e4t, die in Ihrer Erinnerung lebendig werden und Sie sie in edlen Weinen wiedererkennen k\u00f6nnen. Von fruchtigen Noten wie Zitrone und Banane bis hin zu blumigen, w\u00fcrzigen und ger\u00f6steten Aromen.<\/h4>\n<\/li>\n<li>\n<h4>54 Karteikarten erkl\u00e4ren den wahren Zusammenhang zwischen Aromen und Wein.<\/h4>\n<\/li>\n<li>\n<h4>Ein Leitfaden, der zeigt, wie die 54 Hauptaromen sowohl Rebsorten und Weinberge der Neuen Welt als auch der Alten Welt widerspiegeln. Es f\u00fchrt Sie mit reichhaltigen Illustrationen und praktischen \u00dcbungen durch die Verkostung von Weinen aus aller Welt.<\/h4>\n<\/li>\n<\/ul>\n<h4>Fruchtige Noten:<\/h4>\n<p>Zitrone | Grapefruit | Orange | Ananas | Banane | Litschi | Melone | Maskat | Apfel | Birne | Quitte | Erdbeere | Himbeere | Rote Johannisbeere | Schwarze Johannisbeere | Blaubeere | Brombeeren | Kirsche | Aprikose | Pfirsich | Marzipan | Pflaume | Walnuss |<\/p>\n<h4>Blumige Noten:<\/h4>\n<p>Wei\u00dfdorn | Akazie | Linde | Honig | Rose | Stiefm\u00fctterchen |<\/p>\n<h4>Pflanzliche und w\u00fcrzige Noten:<\/h4>\n<p>Paprika \/ Capsicum | Pilz | Tr\u00fcffel | Weinhefe | Zedernholz | H\u00f6hle | Tropfen | Buchsbaum (oder Knospe der schwarzen Johannisbeere) | Frisches Heu | Thymian | Vanille | Zimt | Nelke | Pfeffer | Safran |<\/p>\n<h4>Tiernotizen:<\/h4>\n<p>Lernen | Moschus | Butter |<\/p>\n<h4>R\u00f6stnoten:<\/h4>\n<p>Ger\u00f6stetes Brot | Ger\u00f6stete Mandel | Ger\u00f6stete Haselnuss | Karamell | Kaffee | Schokolade | Rauchige Note |<\/p>","protected":false},"excerpt":{"rendered":"<p>Entdecken Sie die faszinierende Welt der Weinaromen mit Le Nez de Vin J.Lenoir 54 Aromen. Dieses wundersch\u00f6ne Set stimuliert Ihre Sinne und trainiert Ihre Nase, verschiedene Aromen im Wein zu erkennen. Mit 54 sorgf\u00e4ltig ausgew\u00e4hlten D\u00fcften, von fruchtig und blumig bis w\u00fcrzig und erdig, bietet dieses Set eine umfangreiche Sammlung der g\u00e4ngigsten Weinaromen.<\/p>","protected":false},"featured_media":71071,"comment_status":"closed","ping_status":"closed","template":"","meta":{"_et_pb_use_builder":"","_et_pb_old_content":"","_et_gb_content_width":"","footnotes":""},"product_brand":[],"product_cat":[335,151,336,107],"product_tag":[996],"class_list":{"0":"post-65410","1":"product","2":"type-product","3":"status-publish","4":"has-post-thumbnail","6":"product_cat-aroma-boeken","7":"product_cat-cadeau-tips","8":"product_cat-wijn-professionals","9":"product_cat-wijnboeken","10":"product_tag-lokale-helden","11":"pa_formaat-294-x-382-x-55-mm","12":"pa_taal-engels","13":"pa_taal-nederlands","15":"first","16":"instock","17":"taxable","18":"shipping-taxable","19":"purchasable","20":"product-type-variable"},"_links":{"self":[{"href":"https:\/\/www.designenwijn.com\/de\/wp-json\/wp\/v2\/product\/65410","targetHints":{"allow":["GET"]}}],"collection":[{"href":"https:\/\/www.designenwijn.com\/de\/wp-json\/wp\/v2\/product"}],"about":[{"href":"https:\/\/www.designenwijn.com\/de\/wp-json\/wp\/v2\/types\/product"}],"replies":[{"embeddable":true,"href":"https:\/\/www.designenwijn.com\/de\/wp-json\/wp\/v2\/comments?post=65410"}],"version-history":[{"count":3,"href":"https:\/\/www.designenwijn.com\/de\/wp-json\/wp\/v2\/product\/65410\/revisions"}],"predecessor-version":[{"id":74831,"href":"https:\/\/www.designenwijn.com\/de\/wp-json\/wp\/v2\/product\/65410\/revisions\/74831"}],"wp:featuredmedia":[{"embeddable":true,"href":"https:\/\/www.designenwijn.com\/de\/wp-json\/wp\/v2\/media\/71071"}],"wp:attachment":[{"href":"https:\/\/www.designenwijn.com\/de\/wp-json\/wp\/v2\/media?parent=65410"}],"wp:term":[{"taxonomy":"product_brand","embeddable":true,"href":"https:\/\/www.designenwijn.com\/de\/wp-json\/wp\/v2\/product_brand?post=65410"},{"taxonomy":"product_cat","embeddable":true,"href":"https:\/\/www.designenwijn.com\/de\/wp-json\/wp\/v2\/product_cat?post=65410"},{"taxonomy":"product_tag","embeddable":true,"href":"https:\/\/www.designenwijn.com\/de\/wp-json\/wp\/v2\/product_tag?post=65410"}],"curies":[{"name":"wp","href":"https:\/\/api.w.org\/{rel}","templated":true}]}}