{"id":65557,"date":"2023-06-18T15:05:40","date_gmt":"2023-06-18T13:05:40","guid":{"rendered":"https:\/\/www.designenwijn.com\/?post_type=product&#038;p=65557"},"modified":"2026-04-18T11:13:09","modified_gmt":"2026-04-18T09:13:09","slug":"24-weinaromen-le-nez-du-vin","status":"publish","type":"product","link":"https:\/\/www.designenwijn.com\/de\/product\/24-wijnaromas-le-nez-du-vin\/","title":{"rendered":"DUO \u2013 24 essentielle Weinaromen \u2013 Wei\u00df- und Rotweine \u2013 Le Nez du Vin"},"content":{"rendered":"<p>Entdecken Sie die Essenz des Weins mit Le Nez du Vin: Duo 24 Aromen. Dieses einzigartige und raffinierte Aromaset wurde entwickelt, um Ihre Sinne zu entwickeln und Ihren Geruchssinn zu schulen. Mit diesem Set k\u00f6nnen Sie die Geheimnisse der Weinaromen l\u00fcften und Ihr Geschmackserlebnis auf ein ganz neues Niveau heben.<\/p>\n<p>Das Duo 24-Aromenpaket enth\u00e4lt 24 sorgf\u00e4ltig ausgew\u00e4hlte Aromen, aufgeteilt in zwei 12er-Sets. Jede Aromaflasche wurde sorgf\u00e4ltig zusammengestellt, um die g\u00e4ngigsten Geruchsprofile von Wein darzustellen, von fruchtig bis w\u00fcrzig, blumig bis holzig.<\/p>\n<p>Die Aromen werden aus den hochwertigsten nat\u00fcrlichen Inhaltsstoffen hergestellt, die sorgf\u00e4ltig destilliert und konzentriert wurden, um die authentischsten D\u00fcfte wiederherzustellen. Sie sollen die Essenz der Weinaromen einfangen und Ihnen helfen, sie zu erkennen und zu benennen.<\/p>\n<p>Dieses Set ist ein unverzichtbares Werkzeug nicht nur f\u00fcr Weinprofis, sondern auch f\u00fcr Weinliebhaber, die ihr Wissen und ihre Wertsch\u00e4tzung f\u00fcr Wein erweitern m\u00f6chten. Mit den Aromen von Le Nez du Vin: Duo 24 k\u00f6nnen Sie Ihre Nase trainieren und Ihre F\u00e4higkeit entwickeln, subtile Aromen zu erkennen, die Ihnen sonst entgehen w\u00fcrden.<\/p>\n<p>Ganz gleich, ob Sie ein unerfahrener Weinverkoster oder ein erfahrener Kenner sind, mit den Aromen von Le Nez du Vin: Duo 24 k\u00f6nnen Sie in die Welt der D\u00fcfte und Ihrer Aromen eintauchen <a href=\"https:\/\/www.designenwijn.com\/de\/eine-weinprobe-organisieren\/\" target=\"_blank\" rel=\"noopener\">Weinproben<\/a> bereichern. Verfeinern Sie Ihre Sinne, entdecken Sie neue Nuancen und genie\u00dfen Sie jeden Schluck Wein noch mehr.<\/p>\n<p>Bestellen Sie jetzt Le Nez du Vin: Duo 24 Aromen und lassen Sie sich auf eine aromatische Reise entf\u00fchren, die Ihre Wertsch\u00e4tzung f\u00fcr Wein ver\u00e4ndern wird.<\/p>\n<h3>Das Duo-Kit enth\u00e4lt<\/h3>\n<ul>\n<li>Drei Hefte. Das erste Heft befasst sich mit Geruch und Geschmack im Allgemeinen. Die anderen beiden Hefte konzentrieren sich speziell auf Wei\u00df- und Rotweine und zeigen, wie die 24 Hauptaromen Rebsorten und Weinberge sowohl in der Neuen als auch in der Alten Welt widerspiegeln. Entdecken Sie mit diesem lehrreichen und interaktiven Set die Komplexit\u00e4t des Weins und lernen Sie, die Nuancen von D\u00fcften und Aromen zu sch\u00e4tzen.<\/li>\n<li>24 Weinaromen<\/li>\n<\/ul>\n<h4>Duftset 1 \u2013 12 Weinaromen in Wei\u00dfwein<\/h4>\n<p>Zitrone | Grapefruit | Ananas | Litschi | Muskattraube | Birne | Wei\u00dfdorn | Schatz | Buchsbaum (oder Knospe der schwarzen Johannisbeere) | Butter | ger\u00f6stetes Brot | ger\u00f6stete Haselnuss<\/p>\n<h4>Duftset 2 \u2013 12 Weinaromen in Rotwein<\/h4>\n<p>Erdbeere | Himbeere | schwarze Johannisbeere | Brombeere | Kirsche | violett | Paprika \/ gr\u00fcner Pfeffer | Tr\u00fcffel | Lakritz | Vanille | Pfeffer | rauchige Note<\/p>","protected":false},"excerpt":{"rendered":"<p>Entdecken und sch\u00e4rfen Sie Ihre Nase f\u00fcr Weinaromen mit Le Nez du Vin: Duo 24 Aromen. Dieses besondere Set bietet ein einzigartiges und raffiniertes Erlebnis, um Ihre Sinne zu schulen und die komplexe Welt der Weinaromen zu erkunden. Mit zwei Sets mit je 12 sorgf\u00e4ltig komponierten Aromen, von fruchtig \u00fcber blumig und w\u00fcrzig bis hin zu ger\u00f6stet, bereichern Sie Ihr Geschmackserlebnis und gewinnen einen tieferen Einblick in die Duftprofile von Wei\u00df- und Rotweinen. Verfeinern Sie Ihre Nase, entdecken Sie neue Nuancen und steigern Sie Ihre Weinfreude mit Le Nez du Vin: Duo 24 Aromen.<\/p>","protected":false},"featured_media":71075,"comment_status":"closed","ping_status":"closed","template":"","meta":{"_et_pb_use_builder":"","_et_pb_old_content":"","_et_gb_content_width":"","footnotes":""},"product_brand":[],"product_cat":[335,151,336,107],"product_tag":[658],"class_list":{"0":"post-65557","1":"product","2":"type-product","3":"status-publish","4":"has-post-thumbnail","6":"product_cat-aroma-boeken","7":"product_cat-cadeau-tips","8":"product_cat-wijn-professionals","9":"product_cat-wijnboeken","10":"product_tag-wijnboeken","11":"pa_formaat-237-x-305-x-48-mm","12":"pa_taal-engels","14":"first","15":"onbackorder","16":"taxable","17":"shipping-taxable","18":"purchasable","19":"product-type-simple"},"_links":{"self":[{"href":"https:\/\/www.designenwijn.com\/de\/wp-json\/wp\/v2\/product\/65557","targetHints":{"allow":["GET"]}}],"collection":[{"href":"https:\/\/www.designenwijn.com\/de\/wp-json\/wp\/v2\/product"}],"about":[{"href":"https:\/\/www.designenwijn.com\/de\/wp-json\/wp\/v2\/types\/product"}],"replies":[{"embeddable":true,"href":"https:\/\/www.designenwijn.com\/de\/wp-json\/wp\/v2\/comments?post=65557"}],"version-history":[{"count":1,"href":"https:\/\/www.designenwijn.com\/de\/wp-json\/wp\/v2\/product\/65557\/revisions"}],"predecessor-version":[{"id":71872,"href":"https:\/\/www.designenwijn.com\/de\/wp-json\/wp\/v2\/product\/65557\/revisions\/71872"}],"wp:featuredmedia":[{"embeddable":true,"href":"https:\/\/www.designenwijn.com\/de\/wp-json\/wp\/v2\/media\/71075"}],"wp:attachment":[{"href":"https:\/\/www.designenwijn.com\/de\/wp-json\/wp\/v2\/media?parent=65557"}],"wp:term":[{"taxonomy":"product_brand","embeddable":true,"href":"https:\/\/www.designenwijn.com\/de\/wp-json\/wp\/v2\/product_brand?post=65557"},{"taxonomy":"product_cat","embeddable":true,"href":"https:\/\/www.designenwijn.com\/de\/wp-json\/wp\/v2\/product_cat?post=65557"},{"taxonomy":"product_tag","embeddable":true,"href":"https:\/\/www.designenwijn.com\/de\/wp-json\/wp\/v2\/product_tag?post=65557"}],"curies":[{"name":"wp","href":"https:\/\/api.w.org\/{rel}","templated":true}]}}