{"id":67765,"date":"2024-10-03T12:26:41","date_gmt":"2024-10-03T10:26:41","guid":{"rendered":"https:\/\/www.designenwijn.com\/?post_type=product&#038;p=67765"},"modified":"2026-04-14T12:49:45","modified_gmt":"2026-04-14T10:49:45","slug":"weisweinbauernhof-de-kleine-schorre","status":"publish","type":"product","link":"https:\/\/www.designenwijn.com\/de\/product\/blanc-wijnhoeve-de-kleine-schorre\/","title":{"rendered":"Blanc \u2013 Weingut De Kleine Schorre"},"content":{"rendered":"<p class=\"p1\">Dieser Pinot Blanc \u2013 Wijnhoeve De Kleine Schorre ist saftig und fast prickelnd frisch, mit raffinierten Noten von Zitrusfr\u00fcchten, Apfel und Birne.<br \/>Die dezente Sch\u00e4rfe und die salzigen Mineralien sorgen f\u00fcr eine perfekte Balance, w\u00e4hrend ein wenig Pfeffer im Nachgeschmack f\u00fcr das gewisse Extra an W\u00fcrze sorgt.<br \/>Dieser frische, fruchtige Wein aus Zeeland ist wunderbar weich und rund, perfekt f\u00fcr den Junggenuss.<\/p>\n<p class=\"p1\">Ideal in Kombination mit Fischgerichten, Schalentieren und nat\u00fcrlich Muscheln<\/p>\n<p class=\"p1\">Alkohol: 12,51 TP3T<\/p>\n<p class=\"p1\">\u00dcber den Winzer:<\/p>\n<p class=\"p1\">De Kleine Schorre liegt in Schouwen Duivenland, Zeeland. Durch die Meeresbrise findet man hier eine leicht mineralische\/salzige Note in den Weinen.<\/p>\n<p class=\"p1\">Durch die sonnige Lage in den Niederlanden k\u00f6nnen die Trauben gut reifen und durch das maritime Klima sind sie etwas besser vor Frost gesch\u00fctzt. Urspr\u00fcnglich wurden auf dem Weingut Kleine Schorre auch andere Obstsorten angebaut, doch als die letzte Generation, Johan Van der Velde, die Nachfolge seines Vaters antrat, verlagerte sich der Schwerpunkt auf den Weinanbau.<br \/>Das hat so gut geklappt, dass sie heute mit 14 Hektar einer der gr\u00f6\u00dften Winzer in den Niederlanden sind und sich voll und ganz auf den Weinanbau und die Weinherstellung konzentrieren. F\u00fcr den kalkhaltigen Boden sind die klassischen Rebsorten Auxerrois, Wei\u00dfburgunder, Grauburgunder und Rivaner vorgesehen.<\/p>\n<p class=\"p1\">Besondere Zusammenarbeit:<\/p>\n<p class=\"p1\">Der Kleine Schorre Blanc ist im Weinangebot der KLM Business Class zu finden<\/p>","protected":false},"excerpt":{"rendered":"<p data-start=\"212\" data-end=\"735\">Der Blanc von Wijnhoeve De Kleine Schorre ist ein frischer, fruchtiger Pinot Blanc aus Zeeland, der Eleganz und Zug\u00e4nglichkeit perfekt vereint. Mit seinem saftigen Charakter und den raffinierten Aromen von Zitrusfr\u00fcchten, Apfel und Birne l\u00e4dt dieser Wein zum bewussten Genuss ein \u2013 ob zum Abendessen, zum Sektempfang oder zu festlichen Anl\u00e4ssen. Dank seiner subtilen W\u00fcrze und einer leichten salzigen Mineralit\u00e4t ist der Wein perfekt ausbalanciert, w\u00e4hrend ein Hauch von Pfeffer im Abgang f\u00fcr zus\u00e4tzliche W\u00fcrze sorgt. Dieser Wein ist Teil der Business Class-Auswahl von KLM und wird weltweit als elegantes und geschmackvolles Beispiel niederl\u00e4ndischer Weintradition angeboten.<\/p>\n<h5 data-start=\"737\" data-end=\"762\">Charakter und Aromen<\/h5>\n<p data-start=\"764\" data-end=\"1176\">Im Glas pr\u00e4sentiert sich der Blanc strahlend und lebendig. Das Bouquet er\u00f6ffnet mit frischen Fruchtnoten von Zitrusfr\u00fcchten, Apfel und Birne, subtil erg\u00e4nzt durch eine leichte W\u00fcrze und eine salzige Mineralit\u00e4t, die das Terroir von Zeeland widerspiegelt. Am Gaumen ist er weich und rund, mit einer leichten Frische, die zum jungen Genuss einl\u00e4dt. Der Abgang ist elegant und erfrischend, mit einem Hauch von Pfeffer, der dem Wein eine \u00fcberraschende Note verleiht.<\/p>\n<h5 data-start=\"1178\" data-end=\"1201\">\u00dcber den Winzer<\/h5>\n<p><span style=\"font-weight: 400;\"><a href=\"https:\/\/www.dekleineschorre.nl\/\">Weingut De Kleine Schorre<\/a> Das Weingut liegt auf der Insel Schouwen-Duiveland in Zeeland und baute urspr\u00fcnglich verschiedene Obstsorten an. Als die letzte Generation (Johan van der Velde) den Betrieb von seinem Vater \u00fcbernahm, verlagerte sich der Schwerpunkt auf den Weinbau. Die Weinberge erstrecken sich heute \u00fcber beeindruckende 14 Hektar und machen De Kleine Schorre zu einem der gr\u00f6\u00dften Weing\u00fcter der Niederlande.\u00a0<\/span><\/p>\n<p><span style=\"font-weight: 400;\">Der Weinberg profitiert von seiner sonnigen Lage, die optimale Reifebedingungen f\u00fcr die Trauben bietet, w\u00e4hrend das maritime Klima nat\u00fcrlichen Schutz vor Frost gew\u00e4hrleistet. Die Meeresbrise tr\u00e4gt zudem zu den charakteristischen, leicht mineralischen und salzigen Noten bei. In Zusammenarbeit mit dem renommierten Luxemburger Weingut Cep d&#039;Or wurde eine strenge Selektion der Trauben vorgenommen, wobei besonderer Wert auf Qualit\u00e4t und den Ausdruck des Terroirs gelegt wurde.<\/span><\/p>\n<p><span style=\"font-weight: 400;\">Bei der Auswahl der Rebsorten sollten die Weine die salzigen K\u00f6stlichkeiten Zeelands, wie Miesmuscheln, Oosterschelde-Hummer, Austern, Plattfische, Strandaster und Meerfenchel, erg\u00e4nzen. Aus diesem Grund fiel die Wahl auf die Rebsorten Pinot Gris, Pinot Blanc, Auxerrois und Rivaner. Gemeinsam bilden diese Rebsorten die Grundlage f\u00fcr Weine, die das Terroir Zeelands widerspiegeln und die regionale K\u00fcche perfekt erg\u00e4nzen.\u00a0<\/span><\/p>\n<h5 data-start=\"1952\" data-end=\"1971\">Passt gut zu<\/h5>\n<p data-start=\"1973\" data-end=\"2225\">Blanc ist ein vielseitiger Wein, der sich hervorragend als Aperitif eignet, aber auch au\u00dfergew\u00f6hnlich gut zu Fisch und Meeresfr\u00fcchten passt. Er ist ein wahrer Muschelwein par excellence und bereichert jedes Gericht mit seinem frischen, fruchtigen und weichen Charakter.<\/p>\n<h5 data-start=\"2424\" data-end=\"2439\">Geschenktipp<\/h5>\n<p data-start=\"2441\" data-end=\"2664\">Der Blanc von Wijnhoeve De Kleine Schorre ist ein stilvolles Geschenk f\u00fcr Liebhaber frischer, fruchtiger Weine. Dazu passt hervorragend <a href=\"https:\/\/www.designenwijn.com\/de\/?s=wijnglas&amp;post_type=product&amp;dgwt_wcas=1\">elegante Weingl\u00e4ser<\/a> oder <a href=\"https:\/\/www.designenwijn.com\/de\/produkt\/printworks-die-wichtigsten-wein-werkzeuge\/\">unverzichtbare Weinwerkzeuge<\/a> f\u00fcr ein rundum gelungenes und geschmackvolles Geschenk, geeignet f\u00fcr jeden Anlass.<\/p>","protected":false},"featured_media":70951,"comment_status":"closed","ping_status":"closed","template":"","meta":{"_et_pb_use_builder":"","_et_pb_old_content":"","_et_gb_content_width":"","footnotes":""},"product_brand":[],"product_cat":[53,56],"product_tag":[],"class_list":{"0":"post-67765","1":"product","2":"type-product","3":"status-publish","4":"has-post-thumbnail","6":"product_cat-nederlandse-wijn","7":"product_cat-nederlandse-witte-wijn","8":"pa_druif-auxerrois","9":"pa_druif-pinot-blanc","10":"pa_extras-alcoholpercentage-125","11":"pa_extras-inhoud-standaard-fles-075l","12":"pa_kleur-nederlandse-witte-wijn","13":"pa_past-goed-bij-vis","14":"pa_prijs-15-tot-25-euro","15":"pa_provincie-zeeland","16":"pa_smaak-droog","17":"pa_smaak-fruitig","18":"pa_smaak-medium-body","19":"pa_smaak-mineraal","20":"pa_soort-biologisch","21":"pa_wijnhuis-de-kleine-schorre","23":"first","24":"instock","25":"taxable","26":"shipping-taxable","27":"purchasable","28":"product-type-simple"},"_links":{"self":[{"href":"https:\/\/www.designenwijn.com\/de\/wp-json\/wp\/v2\/product\/67765","targetHints":{"allow":["GET"]}}],"collection":[{"href":"https:\/\/www.designenwijn.com\/de\/wp-json\/wp\/v2\/product"}],"about":[{"href":"https:\/\/www.designenwijn.com\/de\/wp-json\/wp\/v2\/types\/product"}],"replies":[{"embeddable":true,"href":"https:\/\/www.designenwijn.com\/de\/wp-json\/wp\/v2\/comments?post=67765"}],"version-history":[{"count":5,"href":"https:\/\/www.designenwijn.com\/de\/wp-json\/wp\/v2\/product\/67765\/revisions"}],"predecessor-version":[{"id":77187,"href":"https:\/\/www.designenwijn.com\/de\/wp-json\/wp\/v2\/product\/67765\/revisions\/77187"}],"wp:featuredmedia":[{"embeddable":true,"href":"https:\/\/www.designenwijn.com\/de\/wp-json\/wp\/v2\/media\/70951"}],"wp:attachment":[{"href":"https:\/\/www.designenwijn.com\/de\/wp-json\/wp\/v2\/media?parent=67765"}],"wp:term":[{"taxonomy":"product_brand","embeddable":true,"href":"https:\/\/www.designenwijn.com\/de\/wp-json\/wp\/v2\/product_brand?post=67765"},{"taxonomy":"product_cat","embeddable":true,"href":"https:\/\/www.designenwijn.com\/de\/wp-json\/wp\/v2\/product_cat?post=67765"},{"taxonomy":"product_tag","embeddable":true,"href":"https:\/\/www.designenwijn.com\/de\/wp-json\/wp\/v2\/product_tag?post=67765"}],"curies":[{"name":"wp","href":"https:\/\/api.w.org\/{rel}","templated":true}]}}