{"id":67906,"date":"2024-11-21T16:23:58","date_gmt":"2024-11-21T15:23:58","guid":{"rendered":"https:\/\/www.designenwijn.com\/?post_type=product&#038;p=67906"},"modified":"2025-12-19T08:50:05","modified_gmt":"2025-12-19T07:50:05","slug":"der-in-regent-eiche-gereifte-reeborghesch","status":"publish","type":"product","link":"https:\/\/www.designenwijn.com\/de\/product\/regent-eikgerijpt-de-reeborghesch\/","title":{"rendered":"In Regent-Eiche gereift \u2013 Wijngaard De Reeborghesch"},"content":{"rendered":"<p>Ein Wein mit Tiefe und Finesse: Dieser Regent Oak-Aged aus der Region Achterhoek vereint den fruchtigen Charakter der Regent-Traube mit subtilen Eichennoten aus der Reifung im Eichenfass. Dunkelrot in der Farbe, leuchtend im Glas und mit mittlerem K\u00f6rper, der zum Entdecken einl\u00e4dt. Ein ehrlicher, ungefilterter Wein, der Handwerkskunst und Terroir vereint.<\/p>\n<h5>Charakter und Aromen<\/h5>\n<p>Das Aroma er\u00f6ffnet mit dunklen Waldfr\u00fcchten, reifen Kirschen und einer zarten W\u00fcrze, zart erg\u00e4nzt durch einen Hauch Vanille, das Ergebnis sorgf\u00e4ltiger Eichenreifung. Am Gaumen entdecken Sie eine frische S\u00e4ure, leichte Tannine und eine leichte Bitterkeit, die dem Wein Spannung verleiht. Der K\u00f6rper ist wunderbar ausgewogen: nicht schwer, aber voll genug f\u00fcr einen Tisch. Die Eichennoten sind subtil, aber sp\u00fcrbar und verleihen diesem Wein einen warmen, abgerundeten Abgang.<\/p>\n<h5>Wie es hergestellt wird<\/h5>\n<p>Die Trauben wachsen auf den sanften H\u00fcgeln des Weinguts De Reeborghesch in der Region Achterhoek. Der Wein ist ungefiltert, wodurch der reine Charakter des Regent und des Terroirs erhalten bleibt. Nach der G\u00e4rung reift der Wein in Eichenf\u00e4ssern, was ihm weiche Noten von Vanille, Zedernholz und Struktur verleiht, ohne die Frucht zu \u00fcberdecken. Das Ergebnis ist ein anspruchsvoller, vielschichtiger Wein mit Achterhoek-Wurzeln.<\/p>\n<h5>Passt gut zu<\/h5>\n<p>Dieser im Eichenfass gereifte Regent passt ideal zu Gerichten mit intensivem Geschmack. Denken Sie an klassisches Ossobuco, Kalbs- oder Lammeint\u00f6pfe oder reichhaltige Herbstpasta mit Pilzen. Dank seiner Frische passt der Wein auch gut zu Gerichten auf cremiger oder tomatiger Basis.<\/p>\n<h5>\u00dcber den Winzer<\/h5>\n<p>Seit Jahren beweist das Weingut De Reeborghesch, dass niederl\u00e4ndischer Wein lebendig und lebendig ist. Mit traditionellem Ansatz, Respekt vor der Natur und einem ausgepr\u00e4gten Auge f\u00fcr Qualit\u00e4t produzieren sie Weine mit unverwechselbarem Stil. Dieser im Eichenfass gereifte Regent ist ein eindrucksvolles Beispiel: regional, sorgf\u00e4ltig verarbeitet und voller Charakter.<\/p>\n<p>&nbsp;<\/p>","protected":false},"excerpt":{"rendered":"<p>Een wijn met diepgang \u00e9n finesse: deze Regent Eikgerijpt uit de Achterhoek combineert het fruitige karakter van de Regent-druif met subtiele houttonen vdoor de rijping op eiken. Donkerrood van kleur, lichthelder in het glas en met een medium body die uitnodigt tot ontdekken. Dit is een eerlijke, ongefilterde wijn waarin vakmanschap en terroir samenkomen. Karakter [&hellip;]<\/p>\n","protected":false},"featured_media":68644,"comment_status":"closed","ping_status":"closed","template":"","meta":{"_et_pb_use_builder":"","_et_pb_old_content":"","_et_gb_content_width":"","footnotes":""},"product_brand":[],"product_cat":[53,57],"product_tag":[],"class_list":{"0":"post-67906","1":"product","2":"type-product","3":"status-publish","4":"has-post-thumbnail","6":"product_cat-nederlandse-wijn","7":"product_cat-nederlandse-rode-wijn","8":"pa_extras-alcoholpercentage-115","9":"pa_extras-inhoud-standaard-fles-075l","10":"pa_jaargang-504","11":"pa_kleur-nederlandse-rode-wijn","12":"pa_past-goed-bij-kaas","13":"pa_past-goed-bij-rood-vlees","14":"pa_provincie-gelderland","15":"pa_smaak-kruidig","16":"pa_wijnhuis-de-reeborghesch","18":"first","19":"instock","20":"taxable","21":"shipping-taxable","22":"purchasable","23":"product-type-simple"},"_links":{"self":[{"href":"https:\/\/www.designenwijn.com\/de\/wp-json\/wp\/v2\/product\/67906","targetHints":{"allow":["GET"]}}],"collection":[{"href":"https:\/\/www.designenwijn.com\/de\/wp-json\/wp\/v2\/product"}],"about":[{"href":"https:\/\/www.designenwijn.com\/de\/wp-json\/wp\/v2\/types\/product"}],"replies":[{"embeddable":true,"href":"https:\/\/www.designenwijn.com\/de\/wp-json\/wp\/v2\/comments?post=67906"}],"version-history":[{"count":7,"href":"https:\/\/www.designenwijn.com\/de\/wp-json\/wp\/v2\/product\/67906\/revisions"}],"predecessor-version":[{"id":73603,"href":"https:\/\/www.designenwijn.com\/de\/wp-json\/wp\/v2\/product\/67906\/revisions\/73603"}],"wp:featuredmedia":[{"embeddable":true,"href":"https:\/\/www.designenwijn.com\/de\/wp-json\/wp\/v2\/media\/68644"}],"wp:attachment":[{"href":"https:\/\/www.designenwijn.com\/de\/wp-json\/wp\/v2\/media?parent=67906"}],"wp:term":[{"taxonomy":"product_brand","embeddable":true,"href":"https:\/\/www.designenwijn.com\/de\/wp-json\/wp\/v2\/product_brand?post=67906"},{"taxonomy":"product_cat","embeddable":true,"href":"https:\/\/www.designenwijn.com\/de\/wp-json\/wp\/v2\/product_cat?post=67906"},{"taxonomy":"product_tag","embeddable":true,"href":"https:\/\/www.designenwijn.com\/de\/wp-json\/wp\/v2\/product_tag?post=67906"}],"curies":[{"name":"wp","href":"https:\/\/api.w.org\/{rel}","templated":true}]}}