{"id":67907,"date":"2024-11-21T16:27:46","date_gmt":"2024-11-21T15:27:46","guid":{"rendered":"https:\/\/www.designenwijn.com\/?post_type=product&#038;p=67907"},"modified":"2025-12-13T18:18:20","modified_gmt":"2025-12-13T17:18:20","slug":"cuvee-roter-weinberg-de-reeborghesch","status":"publish","type":"product","link":"https:\/\/www.designenwijn.com\/de\/product\/cuvee-rood-wijngaard-de-reeborghesch\/","title":{"rendered":"Cuv\u00e9e Rot \u2013 Wijngaard De Reeborghesch"},"content":{"rendered":"<h5>Cuv\u00e9e Rot \u2013 Wijngaard De Reeborghesch<\/h5>\n<p>Diese Cuv\u00e9e Rood ist ein ausdrucksstarker, zug\u00e4nglicher Rotwein aus der Region Achterhoek, hergestellt aus einer raffinierten Cuv\u00e9e aus Cabertin, Regent und Monarch. Dunkelrot mit mitteldunklem Charakter, leuchtend im Glas und mittlerem K\u00f6rper: Ein Wein, der Eleganz und Lebendigkeit m\u00fchelos vereint.<\/p>\n<h5>Charakter und Aromen<\/h5>\n<p>Das Aroma offenbart sofort die volle, saftige Frucht. Reife Kirschen und rote Beerenfr\u00fcchte werden von einer sanften W\u00fcrze und subtilen erdigen Noten untermalt. Der Wein hat einen frischen Auftakt, eine feine Struktur mit leichten Tanninen und eine leichte Bitterkeit im Abgang. Minimaler Eicheneinfluss l\u00e4sst die Frucht voll zur Geltung kommen. Die Intensit\u00e4t liegt knapp \u00fcber dem Durchschnitt, ohne schwer zu wirken.<\/p>\n<h5>Wie es hergestellt wird<\/h5>\n<p>Diese Cuv\u00e9e ist eine sorgf\u00e4ltig zusammengestellte Mischung aus drei Rebsorten, die im niederl\u00e4ndischen Klima gedeihen: Cabertin, Regent und Monarch. Jede dieser Sorten tr\u00e4gt zum Charakter des Weines bei: Struktur vom Cabertin, Frucht vom Regent und Tiefe vom Monarch. Der Wein ist ungefiltert und wird mit Sorgfalt hergestellt, um seinen frischen, nat\u00fcrlichen Ausdruck zu bewahren und \u00fcberm\u00e4\u00dfigen Einsatz von Eichenholz zu vermeiden.<\/p>\n<h5>Passt gut zu<\/h5>\n<p>Dieser Cuv\u00e9e Rood ist ein vielseitiger Tafelwein. Er passt gut zu leichten bis mittelschweren Gerichten wie:<\/p>\n<ul>\n<li>H\u00e4hnchen mit Rosmarin und ger\u00f6stetem Gem\u00fcse<\/li>\n<li>W\u00fcrzige Eint\u00f6pfe (zum Beispiel mit Linsen oder Pilzen)<\/li>\n<li>Gef\u00fcllte Paprika oder Auberginen aus dem Ofen<\/li>\n<li>Er passt auch gut zu einer Getr\u00e4nkeplatte mit Wurstwaren und Weichk\u00e4se.<\/li>\n<\/ul>\n<h5>\u00dcber den Winzer<\/h5>\n<p>Im Wijngaard De Reeborghesch dreht sich alles um Qualit\u00e4t, Natur und Handwerk. Diese Cuv\u00e9e ist ein sch\u00f6nes Beispiel f\u00fcr niederl\u00e4ndischen Weinbau: fruchtig, ausgewogen und mit einer klaren regionalen Handschrift. Hergestellt im kleinen Ma\u00dfstab, mit starkem Fokus auf Nachhaltigkeit und Geschmack.<\/p>\n<p>&nbsp;<\/p>","protected":false},"excerpt":{"rendered":"<p>Cuv\u00e9e Rood &#8211; Wijngaard De Reeborghesch Deze Cuv\u00e9e Rood is een expressieve, toegankelijke rode wijn uit de Achterhoek, gemaakt van een verfijnde blend van Cabertin, Regent en Monarch. Donkerrood van kleur met een middeldonker karakter, lichthelder in het glas en medium body: dit is een wijn die elegantie en levendigheid moeiteloos combineert. Karakter en aroma\u2019s [&hellip;]<\/p>\n","protected":false},"featured_media":68641,"comment_status":"closed","ping_status":"closed","template":"","meta":{"_et_pb_use_builder":"","_et_pb_old_content":"","_et_gb_content_width":"","footnotes":""},"product_brand":[],"product_cat":[53,57],"product_tag":[],"class_list":{"0":"post-67907","1":"product","2":"type-product","3":"status-publish","4":"has-post-thumbnail","6":"product_cat-nederlandse-wijn","7":"product_cat-nederlandse-rode-wijn","8":"pa_druif-cabertin","9":"pa_druif-monarch","10":"pa_druif-regent","11":"pa_extras-alcoholpercentage-11","12":"pa_extras-inhoud-standaard-fles-075l","13":"pa_jaargang-504","14":"pa_kleur-nederlandse-rode-wijn","15":"pa_past-goed-bij-rood-vlees","16":"pa_past-goed-bij-plant-based","17":"pa_prijs-15-tot-25-euro","18":"pa_provincie-gelderland","19":"pa_smaak-kruidig","20":"pa_smaak-verfrissend","21":"pa_wijnhuis-de-reeborghesch","23":"first","24":"instock","25":"taxable","26":"shipping-taxable","27":"purchasable","28":"product-type-simple"},"_links":{"self":[{"href":"https:\/\/www.designenwijn.com\/de\/wp-json\/wp\/v2\/product\/67907","targetHints":{"allow":["GET"]}}],"collection":[{"href":"https:\/\/www.designenwijn.com\/de\/wp-json\/wp\/v2\/product"}],"about":[{"href":"https:\/\/www.designenwijn.com\/de\/wp-json\/wp\/v2\/types\/product"}],"replies":[{"embeddable":true,"href":"https:\/\/www.designenwijn.com\/de\/wp-json\/wp\/v2\/comments?post=67907"}],"version-history":[{"count":7,"href":"https:\/\/www.designenwijn.com\/de\/wp-json\/wp\/v2\/product\/67907\/revisions"}],"predecessor-version":[{"id":73601,"href":"https:\/\/www.designenwijn.com\/de\/wp-json\/wp\/v2\/product\/67907\/revisions\/73601"}],"wp:featuredmedia":[{"embeddable":true,"href":"https:\/\/www.designenwijn.com\/de\/wp-json\/wp\/v2\/media\/68641"}],"wp:attachment":[{"href":"https:\/\/www.designenwijn.com\/de\/wp-json\/wp\/v2\/media?parent=67907"}],"wp:term":[{"taxonomy":"product_brand","embeddable":true,"href":"https:\/\/www.designenwijn.com\/de\/wp-json\/wp\/v2\/product_brand?post=67907"},{"taxonomy":"product_cat","embeddable":true,"href":"https:\/\/www.designenwijn.com\/de\/wp-json\/wp\/v2\/product_cat?post=67907"},{"taxonomy":"product_tag","embeddable":true,"href":"https:\/\/www.designenwijn.com\/de\/wp-json\/wp\/v2\/product_tag?post=67907"}],"curies":[{"name":"wp","href":"https:\/\/api.w.org\/{rel}","templated":true}]}}