{"id":69102,"date":"2025-01-22T14:23:40","date_gmt":"2025-01-22T13:23:40","guid":{"rendered":"https:\/\/www.designenwijn.com\/?post_type=product&#038;p=69102"},"modified":"2026-03-29T17:27:20","modified_gmt":"2026-03-29T15:27:20","slug":"riedel-performance-cabernet-merlot-weinglaser-2er-set","status":"publish","type":"product","link":"https:\/\/www.designenwijn.com\/de\/product\/riedel-performance-cabernet-merlot-wijnglas-set-van-2\/","title":{"rendered":"RIEDEL\u00ae | Hochwertiges Cabernet\/Merlot-Weinglas | 2er-Set"},"content":{"rendered":"<h5>\u00dcber das Produkt<\/h5>\n<p>Das RIEDEL\u00ae | Performance Cabernet\/Merlot Weinglas | 2er-Set wurde speziell entwickelt, um die komplexen Aromen und die kraftvolle Struktur von Cabernet Sauvignon und Merlot optimal zur Geltung zu bringen. Dieses Glas eignet sich perfekt f\u00fcr vollmundige, komplexe Rotweine mit hohem Tanningehalt, in denen fruchtige und w\u00fcrzige Noten harmonisch zusammenwirken.<\/p>\n<p>Dieses Weinglas ist Teil der innovativen <a href=\"https:\/\/www.riedel.com\/en\" target=\"_blank\" rel=\"noopener\">RIEDEL<\/a> Die Performance-Serie, eine Kollektion, die Design und Funktionalit\u00e4t auf ein neues Niveau hebt, wurde 2018 von Georg und Maximilian Riedel gemeinsam entworfen. Als erste Weinglas-Serie \u00fcberhaupt zeichnet sich Performance durch einen subtilen optischen Effekt im Kelch aus. Diese einzigartige Struktur vergr\u00f6\u00dfert die Innenoberfl\u00e4che des Glases, wodurch sich Aromen besser entfalten und intensiver wahrgenommen werden k\u00f6nnen.<\/p>\n<p>Das gro\u00dfz\u00fcgige Glas sorgt daf\u00fcr, dass sich das Bouquet voll entfalten kann und die Tannine sanft abgemildert werden. Es betont den fruchtigen Charakter des Weins, reduziert die Bitterkeit der Tannine und tr\u00e4gt zu einer harmonischen Balance bei. Diese Form wurde 2018 f\u00fcr ein noch besseres Aromenerlebnis weiterentwickelt.<\/p>\n<h5>Produktmerkmale<\/h5>\n<p>Mit einem Fassungsverm\u00f6gen von 834 ml, einer H\u00f6he von 24,5 cm und einem maximalen Durchmesser von 10,5 cm bietet das Glas dem Wein optimalen Raum, sich voll zu entfalten. Das klare Kristallglas sorgt daf\u00fcr, dass Farbe und Klarheit des Weins perfekt zur Geltung kommen. Die elegante Form und der ausgewogene Stiel garantieren ein komfortables und stilvolles Trinkerlebnis.<\/p>\n<p>Das RIEDEL Performance Cabernet\/Merlot Weinglas wird aus hochwertigem Kristallglas gefertigt und ist maschinell hergestellt. Dieses Herstellungsverfahren garantiert einen d\u00fcnnen Rand, h\u00f6chste Pr\u00e4zision und gleichbleibende Qualit\u00e4t. \u201cPremium\u201d bezieht sich auf die h\u00f6here Pr\u00e4zision maschinell geblasener Gl\u00e4ser im Vergleich zu handgefertigten. Das Glas ist sp\u00fclmaschinenfest und eignet sich daher sowohl f\u00fcr den t\u00e4glichen Gebrauch als auch f\u00fcr den professionellen Einsatz.<\/p>\n<h5>Geschenkideen<\/h5>\n<p>Dieses Set besteht aus zwei Gl\u00e4sern und ist eine wertvolle Erg\u00e4nzung der Riedel Performance Kollektion. Ideal f\u00fcr Liebhaber kr\u00e4ftiger Rotweine, die ihr Verkostungserlebnis verfeinern und ihre Tischdekoration mit stilvollen und funktionalen Gl\u00e4sern bereichern m\u00f6chten. Kombinieren Sie dieses Set mit anderen Produkten. <a href=\"https:\/\/www.designenwijn.com\/de\/?s=RIEDEL+&amp;amp;post_type=product&amp;amp;dgwt_wcas=1\">Riedel-Produkte<\/a> oder passende <a href=\"https:\/\/www.designenwijn.com\/de\/produktkategorie\/weinzubehor\/\">Weinaccessoires<\/a> aus unserer Kollektion.<\/p>","protected":false},"excerpt":{"rendered":"<h5>\u00dcber das Produkt<\/h5>\n<p>Das RIEDEL\u00ae | Performance Cabernet\/Merlot Weinglas | 2er-Set wurde speziell entwickelt, um die komplexen Aromen und die kraftvolle Struktur von Cabernet Sauvignon und Merlot optimal zur Geltung zu bringen. Dieses Glas eignet sich perfekt f\u00fcr vollmundige, komplexe Rotweine mit hohem Tanningehalt, in denen fruchtige und w\u00fcrzige Noten harmonisch zusammenwirken.<\/p>\n<p>Dieses Weinglas ist Teil der innovativen <a href=\"https:\/\/www.riedel.com\/en\">RIEDEL<\/a> Die Performance-Serie, eine Kollektion, die Design und Funktionalit\u00e4t auf ein neues Niveau hebt, wurde 2018 von Georg und Maximilian Riedel gemeinsam entworfen. Als erste Weinglas-Serie \u00fcberhaupt zeichnet sich Performance durch einen subtilen optischen Effekt im Kelch aus. Diese einzigartige Struktur vergr\u00f6\u00dfert die Innenoberfl\u00e4che des Glases, wodurch sich Aromen besser entfalten und intensiver wahrgenommen werden k\u00f6nnen.<\/p>\n<p>Das gro\u00dfz\u00fcgige Glas sorgt daf\u00fcr, dass sich das Bouquet voll entfalten kann und die Tannine sanft abgemildert werden. Es betont den fruchtigen Charakter des Weins, reduziert die Bitterkeit der Tannine und tr\u00e4gt zu einer harmonischen Balance bei. Diese Form wurde 2018 f\u00fcr ein noch besseres Aromenerlebnis weiterentwickelt.<\/p>\n<h5>Produktmerkmale<\/h5>\n<p>Mit einem Fassungsverm\u00f6gen von 834 ml, einer H\u00f6he von 24,5 cm und einem maximalen Durchmesser von 10,5 cm bietet das Glas dem Wein optimalen Raum, sich voll zu entfalten. Das klare Kristallglas sorgt daf\u00fcr, dass Farbe und Klarheit des Weins perfekt zur Geltung kommen. Die elegante Form und der ausgewogene Stiel garantieren ein komfortables und stilvolles Trinkerlebnis.<\/p>\n<p>Das RIEDEL Performance Cabernet\/Merlot Weinglas wird aus hochwertigem Kristallglas gefertigt und ist maschinell hergestellt. Dieses Herstellungsverfahren garantiert einen d\u00fcnnen Rand, h\u00f6chste Pr\u00e4zision und gleichbleibende Qualit\u00e4t. \u201cPremium\u201d bezieht sich auf die h\u00f6here Pr\u00e4zision maschinell geblasener Gl\u00e4ser im Vergleich zu handgefertigten. Das Glas ist sp\u00fclmaschinenfest und eignet sich daher sowohl f\u00fcr den t\u00e4glichen Gebrauch als auch f\u00fcr den professionellen Einsatz.<\/p>\n<h5>Geschenkideen<\/h5>\n<p>Dieses Set besteht aus zwei Gl\u00e4sern und ist eine wertvolle Erg\u00e4nzung der Riedel Performance Kollektion. Ideal f\u00fcr Liebhaber kr\u00e4ftiger Rotweine, die ihr Verkostungserlebnis verfeinern und ihre Tischdekoration mit stilvollen und funktionalen Gl\u00e4sern bereichern m\u00f6chten. Kombinieren Sie dieses Set mit anderen Produkten. <a href=\"https:\/\/www.designenwijn.com\/de\/?s=RIEDEL+&amp;amp;post_type=product&amp;amp;dgwt_wcas=1\">Riedel-Produkte<\/a> oder passende <a href=\"https:\/\/www.designenwijn.com\/de\/produktkategorie\/weinzubehor\/\">Weinaccessoires<\/a> aus unserer Kollektion.<\/p>","protected":false},"featured_media":78204,"comment_status":"closed","ping_status":"closed","template":"","meta":{"_et_pb_use_builder":"","_et_pb_old_content":"","_et_gb_content_width":"","footnotes":""},"product_brand":[],"product_cat":[474],"product_tag":[],"class_list":{"0":"post-69102","1":"product","2":"type-product","3":"status-publish","4":"has-post-thumbnail","6":"product_cat-wijnglazen-en-tumblers","7":"pa_afmetingen-diameter-cm-105","8":"pa_afmetingen-hoogte-cm-245","9":"pa_eigenschappen-2-glazen-per-verpakking","10":"pa_functie-wijnglas","11":"pa_kleur-product-transparant","12":"pa_land-van-herkomst-oostenrijk","13":"pa_materiaal-kristalglas","15":"first","16":"instock","17":"taxable","18":"shipping-taxable","19":"purchasable","20":"product-type-simple"},"_links":{"self":[{"href":"https:\/\/www.designenwijn.com\/de\/wp-json\/wp\/v2\/product\/69102","targetHints":{"allow":["GET"]}}],"collection":[{"href":"https:\/\/www.designenwijn.com\/de\/wp-json\/wp\/v2\/product"}],"about":[{"href":"https:\/\/www.designenwijn.com\/de\/wp-json\/wp\/v2\/types\/product"}],"replies":[{"embeddable":true,"href":"https:\/\/www.designenwijn.com\/de\/wp-json\/wp\/v2\/comments?post=69102"}],"version-history":[{"count":9,"href":"https:\/\/www.designenwijn.com\/de\/wp-json\/wp\/v2\/product\/69102\/revisions"}],"predecessor-version":[{"id":78213,"href":"https:\/\/www.designenwijn.com\/de\/wp-json\/wp\/v2\/product\/69102\/revisions\/78213"}],"wp:featuredmedia":[{"embeddable":true,"href":"https:\/\/www.designenwijn.com\/de\/wp-json\/wp\/v2\/media\/78204"}],"wp:attachment":[{"href":"https:\/\/www.designenwijn.com\/de\/wp-json\/wp\/v2\/media?parent=69102"}],"wp:term":[{"taxonomy":"product_brand","embeddable":true,"href":"https:\/\/www.designenwijn.com\/de\/wp-json\/wp\/v2\/product_brand?post=69102"},{"taxonomy":"product_cat","embeddable":true,"href":"https:\/\/www.designenwijn.com\/de\/wp-json\/wp\/v2\/product_cat?post=69102"},{"taxonomy":"product_tag","embeddable":true,"href":"https:\/\/www.designenwijn.com\/de\/wp-json\/wp\/v2\/product_tag?post=69102"}],"curies":[{"name":"wp","href":"https:\/\/api.w.org\/{rel}","templated":true}]}}