{"id":69115,"date":"2025-01-22T14:46:20","date_gmt":"2025-01-22T13:46:20","guid":{"rendered":"https:\/\/www.designenwijn.com\/?post_type=product&#038;p=69115"},"modified":"2026-03-25T13:28:09","modified_gmt":"2026-03-25T12:28:09","slug":"riedel-flaschenreiniger","status":"publish","type":"product","link":"https:\/\/www.designenwijn.com\/de\/product\/riedel-bottle-cleaner\/","title":{"rendered":"RIEDEL\u00ae | Flaschenreiniger"},"content":{"rendered":"<h5>\u00dcber das Produkt<\/h5>\n<p><span style=\"font-weight: 400;\">Dieser Flaschenreiniger von RIEDEL\u00ae sorgt daf\u00fcr, dass Ihre Karaffe und Ihre Gl\u00e4ser wie neu aussehen! <\/span><span style=\"font-weight: 400;\">Eine makellos saubere Karaffe ist ein unverzichtbarer Bestandteil eines genussvollen Weinerlebnisses. Diese Reinigungskugeln aus Edelstahl entfernen m\u00fchelos Schmutz, Kalkablagerungen und hartn\u00e4ckige Flecken.<a href=\"https:\/\/www.designenwijn.com\/de\/?s=riedel+decanter&amp;post_type=product&amp;dgwt_wcas=1\"> Dekanter oder Karaffen <\/a>Ohne den Einsatz von Reinigungsmitteln. Ein unverzichtbares Accessoire f\u00fcr jeden Weinliebhaber, der nach Perfektion strebt. Praktisch, langlebig und elegant.\u00a0<\/span><\/p>\n<p><span style=\"font-weight: 400;\"><a href=\"https:\/\/www.riedel.com\/en-nl\" target=\"_blank\" rel=\"noopener\">RIEDEL\u00ae<\/a>, Riedel steht f\u00fcr au\u00dfergew\u00f6hnliche Qualit\u00e4t und Eleganz und perfektioniert seit 1756 die Kunst des Glasblasens. Das \u00f6sterreichische Familienunternehmen ist weltweit bekannt f\u00fcr seine funktionalen Glasdesigns, die Geschmack und Aroma von Wein optimal zur Geltung bringen. Jedes Riedel-Produkt vereint jahrhundertealte Tradition mit moderner Innovation \u2013 von ikonischen Weingl\u00e4sern und professionellen Dekantern bis hin zu praktischen Accessoires wie dem Riedel Flaschenreiniger.\u00a0<\/span><\/p>\n<p><span style=\"font-weight: 400;\">Die Anwendung des Flaschenreinigers ist einfach und effizient. F\u00fcllen Sie Ihre Karaffe mit etwas warmem Wasser, geben Sie die Edelstahl-Reinigungsperlen hinzu und schwenken Sie die Karaffe sanft. Die kleinen, perfekt abgerundeten Perlen erreichen selbst die schwer zug\u00e4nglichsten Stellen und entfernen m\u00fchelos Schmutz und Ablagerungen. Keine B\u00fcrsten, keine Reinigungsmittel \u2013 einfach der pure Komfort eines cleveren Designs. Dank des intelligenten Designs bleibt Riedel Glaswaren immer sauber und sorgt f\u00fcr ein makelloses Trinkerlebnis. <\/span><\/p>\n<p><span style=\"font-weight: 400;\">Die Reinigungsperlen bestehen aus hochwertigem Edelstahl. Das garantiert eine lange Lebensdauer und ist zudem umweltfreundlich. Nach Gebrauch die Perlen einfach durch ein Sieb gie\u00dfen, absp\u00fclen und trocknen lassen. An einem trockenen Ort aufbewahren, und sie sind immer wieder einsatzbereit. <\/span><span style=\"font-weight: 400;\">Mit dem Riedel Flaschenreiniger ist Ihre Karaffe immer bereit f\u00fcr eine perfekte Pr\u00e4sentation \u2013 sei es bei einem festlichen Abendessen oder in gem\u00fctlicher Runde mit einer guten Flasche Wein.\u00a0<\/span><\/p>\n<p><span style=\"font-weight: 400;\">Der Flaschenreiniger ist eine logische Erg\u00e4nzung f\u00fcr alle, die nur das Beste f\u00fcr ihre Riedel-Glaswaren wollen. <\/span><span style=\"font-weight: 400;\">Sind Sie bereit, Ihr Weinerlebnis auf die n\u00e4chste Stufe zu heben? Erleben Sie die Kraft des Riedel Flaschenreinigers und genie\u00dfen Sie makellose Glaswaren.\u00a0<\/span><\/p>\n<p><a href=\"https:\/\/www.designenwijn.com\/wp-content\/uploads\/2025\/01\/RIEDEL\u00ae-Wine-Friendly-Decanter-e1768054221216.webp\"><img decoding=\"async\" class=\"wp-image-77284\" src=\"https:\/\/www.designenwijn.com\/wp-content\/uploads\/2025\/01\/RIEDEL\u00ae-Wine-Friendly-Decanter-e1768054221216.webp\" alt=\"RIEDEL\u00ae Weindekanter \u2013 Design &amp; Wein \u2013 Amsterdam \u2013 Niederl\u00e4ndischer Wein \u2013 Verkostung \u2013 Designaccessoires \u2013 Gl\u00e4ser \u2013 \u00d6sterreich\" width=\"200\" height=\"200\" srcset=\"https:\/\/www.designenwijn.com\/wp-content\/uploads\/2025\/01\/RIEDEL\u00ae-Wine-Friendly-Decanter-e1768054221216.webp 1200w, https:\/\/www.designenwijn.com\/wp-content\/uploads\/2025\/01\/RIEDEL\u00ae-Wine-Friendly-Decanter-e1768054221216-768x768.webp 768w, https:\/\/www.designenwijn.com\/wp-content\/uploads\/2025\/01\/RIEDEL\u00ae-Wine-Friendly-Decanter-e1768054221216-12x12.webp 12w, https:\/\/www.designenwijn.com\/wp-content\/uploads\/2025\/01\/RIEDEL\u00ae-Wine-Friendly-Decanter-e1768054221216-1080x1080.webp 1080w, https:\/\/www.designenwijn.com\/wp-content\/uploads\/2025\/01\/RIEDEL\u00ae-Wine-Friendly-Decanter-e1768054221216-300x300.webp 300w, https:\/\/www.designenwijn.com\/wp-content\/uploads\/2025\/01\/RIEDEL\u00ae-Wine-Friendly-Decanter-e1768054221216-600x600.webp 600w, https:\/\/www.designenwijn.com\/wp-content\/uploads\/2025\/01\/RIEDEL\u00ae-Wine-Friendly-Decanter-e1768054221216-100x100.webp 100w, https:\/\/www.designenwijn.com\/wp-content\/uploads\/2025\/01\/RIEDEL\u00ae-Wine-Friendly-Decanter-e1768054221216-64x64.webp 64w\" sizes=\"(max-width: 200px) 100vw, 200px\" \/><\/a><\/p>\n<p><a href=\"https:\/\/www.designenwijn.com\/wp-content\/uploads\/2026\/01\/RIEDEL\u00ae-Ultra-Decanter-e1767371134642.webp\"><img decoding=\"async\" class=\"wp-image-76954\" src=\"https:\/\/www.designenwijn.com\/wp-content\/uploads\/2026\/01\/RIEDEL\u00ae-Ultra-Decanter-e1767371134642.webp\" alt=\"RIEDEL\u00ae | Ultra Dekanter \u2013 Design &amp; Wein \u2013 Amsterdam \u2013 Niederl\u00e4ndischer Wein \u2013 Verkostung \u2013 Design-Accessoires \u2013 Glaswaren \u2013 Handgesten \u2013 \u00d6sterreich\" width=\"200\" height=\"200\" srcset=\"https:\/\/www.designenwijn.com\/wp-content\/uploads\/2026\/01\/RIEDEL\u00ae-Ultra-Decanter-e1767371134642.webp 1000w, https:\/\/www.designenwijn.com\/wp-content\/uploads\/2026\/01\/RIEDEL\u00ae-Ultra-Decanter-e1767371134642-768x768.webp 768w, https:\/\/www.designenwijn.com\/wp-content\/uploads\/2026\/01\/RIEDEL\u00ae-Ultra-Decanter-e1767371134642-12x12.webp 12w, https:\/\/www.designenwijn.com\/wp-content\/uploads\/2026\/01\/RIEDEL\u00ae-Ultra-Decanter-e1767371134642-300x300.webp 300w, https:\/\/www.designenwijn.com\/wp-content\/uploads\/2026\/01\/RIEDEL\u00ae-Ultra-Decanter-e1767371134642-600x600.webp 600w, https:\/\/www.designenwijn.com\/wp-content\/uploads\/2026\/01\/RIEDEL\u00ae-Ultra-Decanter-e1767371134642-100x100.webp 100w, https:\/\/www.designenwijn.com\/wp-content\/uploads\/2026\/01\/RIEDEL\u00ae-Ultra-Decanter-e1767371134642-64x64.webp 64w\" sizes=\"(max-width: 200px) 100vw, 200px\" \/><\/a><\/p>","protected":false},"excerpt":{"rendered":"<h5>\u00dcber das Produkt<\/h5>\n<p><span style=\"font-weight: 400;\">Dieser Flaschenreiniger von RIEDEL\u00ae sorgt daf\u00fcr, dass Ihre Karaffe und Ihre Gl\u00e4ser wie neu aussehen! <\/span><span style=\"font-weight: 400;\">Eine makellos saubere Karaffe ist ein unverzichtbarer Bestandteil eines genussvollen Weinerlebnisses. Diese Reinigungskugeln aus Edelstahl entfernen m\u00fchelos Schmutz, Kalkablagerungen und hartn\u00e4ckige Flecken.<a href=\"https:\/\/www.designenwijn.com\/de\/?s=riedel+decanter&amp;post_type=product&amp;dgwt_wcas=1\"> Dekanter oder Karaffen <\/a>Ohne den Einsatz von Reinigungsmitteln. Ein unverzichtbares Accessoire f\u00fcr jeden Weinliebhaber, der nach Perfektion strebt. Praktisch, langlebig und elegant.\u00a0<\/span><\/p>\n<p><span style=\"font-weight: 400;\"><a href=\"https:\/\/www.riedel.com\/en-nl\">RIEDEL\u00ae<\/a>, Riedel steht f\u00fcr au\u00dfergew\u00f6hnliche Qualit\u00e4t und Eleganz und perfektioniert seit 1756 die Kunst des Glasblasens. Das \u00f6sterreichische Familienunternehmen ist weltweit bekannt f\u00fcr seine funktionalen Glasdesigns, die Geschmack und Aroma von Wein optimal zur Geltung bringen. Jedes Riedel-Produkt vereint jahrhundertealte Tradition mit moderner Innovation \u2013 von ikonischen Weingl\u00e4sern und professionellen Dekantern bis hin zu praktischen Accessoires wie dem Riedel Flaschenreiniger.\u00a0<\/span><\/p>\n<p><span style=\"font-weight: 400;\">Die Anwendung des Flaschenreinigers ist einfach und effizient. F\u00fcllen Sie Ihre Karaffe mit etwas warmem Wasser, geben Sie die Edelstahl-Reinigungsperlen hinzu und schwenken Sie die Karaffe sanft. Die kleinen, perfekt abgerundeten Perlen erreichen selbst die schwer zug\u00e4nglichsten Stellen und entfernen m\u00fchelos Schmutz und Ablagerungen. Keine B\u00fcrsten, keine Reinigungsmittel \u2013 einfach der pure Komfort eines cleveren Designs. Dank des intelligenten Designs bleibt Riedel Glaswaren immer sauber und sorgt f\u00fcr ein makelloses Trinkerlebnis. <\/span><\/p>\n<p><span style=\"font-weight: 400;\">Die Reinigungsperlen bestehen aus hochwertigem Edelstahl. Das garantiert eine lange Lebensdauer und ist zudem umweltfreundlich. Nach Gebrauch die Perlen einfach durch ein Sieb gie\u00dfen, absp\u00fclen und trocknen lassen. An einem trockenen Ort aufbewahren, und sie sind immer wieder einsatzbereit. <\/span><span style=\"font-weight: 400;\">Mit dem Riedel Flaschenreiniger ist Ihre Karaffe immer bereit f\u00fcr eine perfekte Pr\u00e4sentation \u2013 sei es bei einem festlichen Abendessen oder in gem\u00fctlicher Runde mit einer guten Flasche Wein.\u00a0<\/span><\/p>\n<p><span style=\"font-weight: 400;\">Der Flaschenreiniger ist eine logische Erg\u00e4nzung f\u00fcr alle, die nur das Beste f\u00fcr ihre Riedel-Glaswaren wollen. <\/span><span style=\"font-weight: 400;\">Sind Sie bereit, Ihr Weinerlebnis auf die n\u00e4chste Stufe zu heben? Erleben Sie die Kraft des Riedel Flaschenreinigers und genie\u00dfen Sie makellose Glaswaren.\u00a0<\/span><\/p>\n<p><a href=\"https:\/\/www.designenwijn.com\/wp-content\/uploads\/2025\/01\/RIEDEL\u00ae-Wine-Friendly-Decanter-e1768054221216.webp\"><img decoding=\"async\" class=\"wp-image-77284\" src=\"https:\/\/www.designenwijn.com\/wp-content\/uploads\/2025\/01\/RIEDEL\u00ae-Wine-Friendly-Decanter-e1768054221216.webp\" alt=\"RIEDEL\u00ae Weindekanter \u2013 Design &amp; Wein \u2013 Amsterdam \u2013 Niederl\u00e4ndischer Wein \u2013 Verkostung \u2013 Designaccessoires \u2013 Gl\u00e4ser \u2013 \u00d6sterreich\" width=\"200\" height=\"200\" srcset=\"https:\/\/www.designenwijn.com\/wp-content\/uploads\/2025\/01\/RIEDEL\u00ae-Wine-Friendly-Decanter-e1768054221216.webp 1200w, https:\/\/www.designenwijn.com\/wp-content\/uploads\/2025\/01\/RIEDEL\u00ae-Wine-Friendly-Decanter-e1768054221216-768x768.webp 768w, https:\/\/www.designenwijn.com\/wp-content\/uploads\/2025\/01\/RIEDEL\u00ae-Wine-Friendly-Decanter-e1768054221216-12x12.webp 12w, https:\/\/www.designenwijn.com\/wp-content\/uploads\/2025\/01\/RIEDEL\u00ae-Wine-Friendly-Decanter-e1768054221216-1080x1080.webp 1080w, https:\/\/www.designenwijn.com\/wp-content\/uploads\/2025\/01\/RIEDEL\u00ae-Wine-Friendly-Decanter-e1768054221216-300x300.webp 300w, https:\/\/www.designenwijn.com\/wp-content\/uploads\/2025\/01\/RIEDEL\u00ae-Wine-Friendly-Decanter-e1768054221216-600x600.webp 600w, https:\/\/www.designenwijn.com\/wp-content\/uploads\/2025\/01\/RIEDEL\u00ae-Wine-Friendly-Decanter-e1768054221216-100x100.webp 100w, https:\/\/www.designenwijn.com\/wp-content\/uploads\/2025\/01\/RIEDEL\u00ae-Wine-Friendly-Decanter-e1768054221216-64x64.webp 64w\" sizes=\"(max-width: 200px) 100vw, 200px\" \/><\/a><\/p>\n<p><a href=\"https:\/\/www.designenwijn.com\/wp-content\/uploads\/2026\/01\/RIEDEL\u00ae-Ultra-Decanter-e1767371134642.webp\"><img decoding=\"async\" class=\"wp-image-76954\" src=\"https:\/\/www.designenwijn.com\/wp-content\/uploads\/2026\/01\/RIEDEL\u00ae-Ultra-Decanter-e1767371134642.webp\" alt=\"RIEDEL\u00ae | Ultra Dekanter \u2013 Design &amp; Wein \u2013 Amsterdam \u2013 Niederl\u00e4ndischer Wein \u2013 Verkostung \u2013 Design-Accessoires \u2013 Glaswaren \u2013 Handgesten \u2013 \u00d6sterreich\" width=\"200\" height=\"200\" srcset=\"https:\/\/www.designenwijn.com\/wp-content\/uploads\/2026\/01\/RIEDEL\u00ae-Ultra-Decanter-e1767371134642.webp 1000w, https:\/\/www.designenwijn.com\/wp-content\/uploads\/2026\/01\/RIEDEL\u00ae-Ultra-Decanter-e1767371134642-768x768.webp 768w, https:\/\/www.designenwijn.com\/wp-content\/uploads\/2026\/01\/RIEDEL\u00ae-Ultra-Decanter-e1767371134642-12x12.webp 12w, https:\/\/www.designenwijn.com\/wp-content\/uploads\/2026\/01\/RIEDEL\u00ae-Ultra-Decanter-e1767371134642-300x300.webp 300w, https:\/\/www.designenwijn.com\/wp-content\/uploads\/2026\/01\/RIEDEL\u00ae-Ultra-Decanter-e1767371134642-600x600.webp 600w, https:\/\/www.designenwijn.com\/wp-content\/uploads\/2026\/01\/RIEDEL\u00ae-Ultra-Decanter-e1767371134642-100x100.webp 100w, https:\/\/www.designenwijn.com\/wp-content\/uploads\/2026\/01\/RIEDEL\u00ae-Ultra-Decanter-e1767371134642-64x64.webp 64w\" sizes=\"(max-width: 200px) 100vw, 200px\" \/><\/a><\/p>","protected":false},"featured_media":71371,"comment_status":"closed","ping_status":"closed","template":"","meta":{"_et_pb_use_builder":"","_et_pb_old_content":"","_et_gb_content_width":"","footnotes":""},"product_brand":[],"product_cat":[475,520,336],"product_tag":[],"class_list":{"0":"post-69115","1":"product","2":"type-product","3":"status-publish","4":"has-post-thumbnail","6":"product_cat-reinigingsmiddelen","7":"product_cat-wijn-accessoires","8":"product_cat-wijn-professionals","9":"pa_eigenschappen-reinigingskralen","10":"pa_functie-glasreiniger","11":"pa_kleur-product-staal-chroom-kleurig","12":"pa_land-van-herkomst-oostenrijk","13":"pa_materiaal-roestvrijstaal","15":"first","16":"instock","17":"taxable","18":"shipping-taxable","19":"purchasable","20":"product-type-simple"},"_links":{"self":[{"href":"https:\/\/www.designenwijn.com\/de\/wp-json\/wp\/v2\/product\/69115","targetHints":{"allow":["GET"]}}],"collection":[{"href":"https:\/\/www.designenwijn.com\/de\/wp-json\/wp\/v2\/product"}],"about":[{"href":"https:\/\/www.designenwijn.com\/de\/wp-json\/wp\/v2\/types\/product"}],"replies":[{"embeddable":true,"href":"https:\/\/www.designenwijn.com\/de\/wp-json\/wp\/v2\/comments?post=69115"}],"version-history":[{"count":6,"href":"https:\/\/www.designenwijn.com\/de\/wp-json\/wp\/v2\/product\/69115\/revisions"}],"predecessor-version":[{"id":77990,"href":"https:\/\/www.designenwijn.com\/de\/wp-json\/wp\/v2\/product\/69115\/revisions\/77990"}],"wp:featuredmedia":[{"embeddable":true,"href":"https:\/\/www.designenwijn.com\/de\/wp-json\/wp\/v2\/media\/71371"}],"wp:attachment":[{"href":"https:\/\/www.designenwijn.com\/de\/wp-json\/wp\/v2\/media?parent=69115"}],"wp:term":[{"taxonomy":"product_brand","embeddable":true,"href":"https:\/\/www.designenwijn.com\/de\/wp-json\/wp\/v2\/product_brand?post=69115"},{"taxonomy":"product_cat","embeddable":true,"href":"https:\/\/www.designenwijn.com\/de\/wp-json\/wp\/v2\/product_cat?post=69115"},{"taxonomy":"product_tag","embeddable":true,"href":"https:\/\/www.designenwijn.com\/de\/wp-json\/wp\/v2\/product_tag?post=69115"}],"curies":[{"name":"wp","href":"https:\/\/api.w.org\/{rel}","templated":true}]}}