{"id":69476,"date":"2025-02-11T10:18:35","date_gmt":"2025-02-11T09:18:35","guid":{"rendered":"https:\/\/www.designenwijn.com\/product\/ay-wines-riesling-dalsace\/"},"modified":"2026-01-07T18:45:54","modified_gmt":"2026-01-07T17:45:54","slug":"ay-weine-riesling-dalsace","status":"publish","type":"product","link":"https:\/\/www.designenwijn.com\/de\/product\/ay-wines-riesling-dalsace\/","title":{"rendered":"Ay-Wines \u2013 Riesling D&#039;Alsace"},"content":{"rendered":"<p data-start=\"40\" data-end=\"566\">Dieser Ay-Wines \u2013 Riesling d&#039;Alsace ist ein ausdrucksstarker und charaktervoller Wei\u00dfwein aus dem Elsass, Frankreich, hergestellt aus 100 % TP3T Riesling-Trauben. Er wird unfiltriert abgef\u00fcllt, wodurch seine reinen Aromen, seine Textur und seine Lebendigkeit vollst\u00e4ndig erhalten bleiben. Dieser nat\u00fcrliche Prozess kann zu einer leichten Tr\u00fcbung f\u00fchren, doch genau das macht ihn so besonders. Das Ergebnis ist ein trockener, lebendiger Riesling mit einem vollmundigen Geschmack und einem ausgepr\u00e4gten Terroir-Ausdruck. Ein Wein, der f\u00fcr Authentizit\u00e4t, Kraft und unverf\u00e4lschten Genuss steht.<\/p>\n<h5 data-start=\"568\" data-end=\"591\">Charakter und Aromen<\/h5>\n<p data-start=\"593\" data-end=\"1181\">Im Glas pr\u00e4sentiert sich der Wein lebendig und rein, mit einer leichten Tr\u00fcbung, die seinen unfiltrierten Charakter verr\u00e4t. In der Nase ist er frisch und vielschichtig, mit belebenden Noten von Limette und Zitrone, saftigen Steinfr\u00fcchten wie Pfirsich und Aprikose sowie zarten Aromen wei\u00dfer Bl\u00fcten. Typische mineralische Noten verleihen dem Wein Spannung und Tiefe. Am Gaumen ist der Riesling straff und frisch, zugleich aber vollmundig und rund. Die knackige S\u00e4ure sorgt f\u00fcr L\u00e4nge und Energie, w\u00e4hrend der unfiltrierte Charakter zu einem intensiveren Geschmackserlebnis und einem langen, erfrischenden Abgang beitr\u00e4gt.<\/p>\n<h5 data-start=\"1183\" data-end=\"1204\">\u00dcber den Winzer<\/h5>\n<p data-start=\"1206\" data-end=\"1596\">Ay-Wines wurde gegr\u00fcndet von <a href=\"https:\/\/ayleencharlotte.com\/\" target=\"_blank\" rel=\"noopener\">Ayleen Charlotte<\/a>, die nach ihrer pers\u00f6nlichen Geschichte als Opfer von &#039;\u2018<a href=\"https:\/\/en.wikipedia.org\/wiki\/The_Tinder_Swindler\" target=\"_blank\" rel=\"noopener\">Tinder-Betr\u00fcger\u2019<\/a> Sie beschloss, ihr Leben neu zu gestalten. Mit Ay-Wines m\u00f6chte sie zeigen, dass es ein Leben nach Betrug gibt und dass St\u00e4rke, Unabh\u00e4ngigkeit und Kreativit\u00e4t zu etwas Sch\u00f6nem f\u00fchren k\u00f6nnen. Das Weinetikett symbolisiert Widerstandsf\u00e4higkeit, Selbstbestimmung und unverbl\u00fcmte Ehrlichkeit.<\/p>\n<p data-start=\"1598\" data-end=\"2148\">F\u00fcr den Ay-Wines \u2013 Riesling D&#039;Alsace arbeitet Ay-Wines mit dem renommierten Weingut Charles Frey im Elsass zusammen. Das Weingut ist seit dem 18. Jahrhundert in Dambach-la-Ville ans\u00e4ssig und gilt als Pionier des biodynamischen Anbaus. Seit 1997 wird hier ausschlie\u00dflich biodynamisch gearbeitet, mit einem starken Fokus auf Nachhaltigkeit, Biodiversit\u00e4t und Respekt vor der Natur. Heute wird das Weingut von Dominique Frey und seinen S\u00f6hnen Julien und Thi\u00e9baud gef\u00fchrt. Ihre Hingabe und ihr handwerkliches K\u00f6nnen spiegeln sich in diesem reinen, handwerklich hergestellten Riesling von h\u00f6chster Qualit\u00e4t wider.<\/p>\n<h5 data-start=\"2150\" data-end=\"2184\">Der Entwurf von Design &amp; Wijn<\/h5>\n<p data-start=\"2186\" data-end=\"2655\">Kraftvoll, energiegeladen und unverf\u00e4lscht \u2013 daf\u00fcr steht Ay-Wines. Pr\u00e4sentiert mit Stolz von Mitgr\u00fcnder und Designer. <a href=\"https:\/\/www.designenwijn.com\/de\/uber-uns\/\">Rose gro\u00df<\/a> Design &amp; Wijn hat Ay-Wines komplett neu gestaltet! Vom Logo und der Corporate Identity bis hin zum Etikett und der Weinauswahl. F\u00fcr den Riesling wurde bewusst die ber\u00fchmte Riesling-Region im Elsass gew\u00e4hlt. Damit ist dieser Ay-Wines Riesling der einzige nicht-niederl\u00e4ndische Wein der Kollektion und eine wunderbare Gelegenheit, den Einfluss von Terroir und Klima mit niederl\u00e4ndischen Rieslingen zu vergleichen.<\/p>\n<h5 data-start=\"2657\" data-end=\"2674\">Passt gut zu<\/h5>\n<p data-start=\"2676\" data-end=\"2984\">Dieser frische und ausdrucksstarke Riesling d\u2019Alsace von Ay-Wines passt hervorragend zu Fischgerichten. Er harmoniert beispielsweise besonders gut mit Lachstatar, serviert mit gebratenen Kapern und Dillmayonnaise. Auch zu Schalentieren, leichten asiatischen Gerichten und erfrischenden Salaten mit Zitrusnoten ist er ein wunderbarer Begleiter.<\/p>\n<p>&nbsp;<\/p>","protected":false},"excerpt":{"rendered":"<p data-start=\"40\" data-end=\"566\">Dieser Ay-Wines \u2013 Riesling d&#039;Alsace ist ein ausdrucksstarker und charaktervoller Wei\u00dfwein aus dem Elsass, Frankreich, hergestellt aus 100 % TP3T Riesling-Trauben. Er wird unfiltriert abgef\u00fcllt, wodurch seine reinen Aromen, seine Textur und seine Lebendigkeit vollst\u00e4ndig erhalten bleiben. Dieser nat\u00fcrliche Prozess kann zu einer leichten Tr\u00fcbung f\u00fchren, doch genau das macht ihn so besonders. Das Ergebnis ist ein trockener, lebendiger Riesling mit einem vollmundigen Geschmack und einem ausgepr\u00e4gten Terroir-Ausdruck. Ein Wein, der f\u00fcr Authentizit\u00e4t, Kraft und unverf\u00e4lschten Genuss steht.<\/p>\n<h5 data-start=\"568\" data-end=\"591\">Charakter und Aromen<\/h5>\n<p data-start=\"593\" data-end=\"1181\">Im Glas pr\u00e4sentiert sich der Wein lebendig und rein, mit einer leichten Tr\u00fcbung, die seinen unfiltrierten Charakter verr\u00e4t. In der Nase ist er frisch und vielschichtig, mit belebenden Noten von Limette und Zitrone, saftigen Steinfr\u00fcchten wie Pfirsich und Aprikose sowie zarten Aromen wei\u00dfer Bl\u00fcten. Typische mineralische Noten verleihen dem Wein Spannung und Tiefe. Am Gaumen ist der Riesling straff und frisch, zugleich aber vollmundig und rund. Die knackige S\u00e4ure sorgt f\u00fcr L\u00e4nge und Energie, w\u00e4hrend der unfiltrierte Charakter zu einem intensiveren Geschmackserlebnis und einem langen, erfrischenden Abgang beitr\u00e4gt.<\/p>\n<h5 data-start=\"1183\" data-end=\"1204\">\u00dcber den Winzer<\/h5>\n<p data-start=\"1206\" data-end=\"1596\">Ay-Wines wurde gegr\u00fcndet von <a href=\"https:\/\/ayleencharlotte.com\/\">Ayleen Charlotte<\/a>, die nach ihrer pers\u00f6nlichen Geschichte als Opfer von &#039;\u2018<a href=\"https:\/\/en.wikipedia.org\/wiki\/The_Tinder_Swindler\">Tinder-Betr\u00fcger\u2019<\/a> Sie beschloss, ihr Leben neu zu gestalten. Mit Ay-Wines m\u00f6chte sie zeigen, dass es ein Leben nach Betrug gibt und dass St\u00e4rke, Unabh\u00e4ngigkeit und Kreativit\u00e4t zu etwas Sch\u00f6nem f\u00fchren k\u00f6nnen. Das Weinetikett symbolisiert Widerstandsf\u00e4higkeit, Selbstbestimmung und unverbl\u00fcmte Ehrlichkeit.<\/p>\n<p data-start=\"1598\" data-end=\"2148\">F\u00fcr den Ay-Wines \u2013 Riesling D&#039;Alsace arbeitet Ay-Wines mit dem renommierten Weingut Charles Frey im Elsass zusammen. Das Weingut ist seit dem 18. Jahrhundert in Dambach-la-Ville ans\u00e4ssig und gilt als Pionier des biodynamischen Anbaus. Seit 1997 wird hier ausschlie\u00dflich biodynamisch gearbeitet, mit einem starken Fokus auf Nachhaltigkeit, Biodiversit\u00e4t und Respekt vor der Natur. Heute wird das Weingut von Dominique Frey und seinen S\u00f6hnen Julien und Thi\u00e9baud gef\u00fchrt. Ihre Hingabe und ihr handwerkliches K\u00f6nnen spiegeln sich in diesem reinen, handwerklich hergestellten Riesling von h\u00f6chster Qualit\u00e4t wider.<\/p>\n<h5 data-start=\"2150\" data-end=\"2184\">Der Entwurf von Design &amp; Wijn<\/h5>\n<p data-start=\"2186\" data-end=\"2655\">Kraftvoll, energiegeladen und unverf\u00e4lscht \u2013 daf\u00fcr steht Ay-Wines. Pr\u00e4sentiert mit Stolz von Mitgr\u00fcnder und Designer. <a href=\"https:\/\/www.designenwijn.com\/de\/uber-uns\/\">Rose gro\u00df<\/a> Design &amp; Wijn hat Ay-Wines komplett neu gestaltet! Vom Logo und der Corporate Identity bis hin zum Etikett und der Weinauswahl. F\u00fcr den Riesling wurde bewusst die ber\u00fchmte Riesling-Region im Elsass gew\u00e4hlt. Damit ist dieser Ay-Wines Riesling der einzige nicht-niederl\u00e4ndische Wein der Kollektion und eine wunderbare Gelegenheit, den Einfluss von Terroir und Klima mit niederl\u00e4ndischen Rieslingen zu vergleichen.<\/p>\n<h5 data-start=\"2657\" data-end=\"2674\">Passt gut zu<\/h5>\n<p data-start=\"2676\" data-end=\"2984\">Dieser frische und ausdrucksstarke Riesling d\u2019Alsace von Ay-Wines passt hervorragend zu Fischgerichten. Er harmoniert beispielsweise besonders gut mit Lachstatar, serviert mit gebratenen Kapern und Dillmayonnaise. Auch zu Schalentieren, leichten asiatischen Gerichten und erfrischenden Salaten mit Zitrusnoten ist er ein wunderbarer Begleiter.<\/p>\n<p>&nbsp;<\/p>","protected":false},"featured_media":71081,"comment_status":"open","ping_status":"closed","template":"","meta":{"_et_pb_use_builder":"","_et_pb_old_content":"","_et_gb_content_width":"","footnotes":""},"product_brand":[],"product_cat":[490,112,56],"product_tag":[],"class_list":{"0":"post-69476","1":"product","2":"type-product","3":"status-publish","4":"has-post-thumbnail","6":"product_cat-nederlandse-biologische-wijn","7":"product_cat-nederlandse-natuurwijn","8":"product_cat-nederlandse-witte-wijn","9":"pa_druif-riesling","10":"pa_extras-alcoholpercentage-125","11":"pa_extras-inhoud-standaard-fles-075l","12":"pa_jaargang-504","13":"pa_kleur-nederlandse-witte-wijn","14":"pa_past-goed-bij-plant-based","15":"pa_past-goed-bij-vis","16":"pa_past-goed-bij-wit-vlees","17":"pa_prijs-15-tot-25-euro","18":"pa_provincie-elzas","19":"pa_smaak-droog","20":"pa_smaak-fruitig","21":"pa_smaak-medium-body","22":"pa_smaak-mineraal","23":"pa_soort-biodynamisch","24":"pa_soort-biologisch","25":"pa_soort-natuurwijn","26":"pa_soort-ongefilterde-wijn","27":"pa_soort-vegan","28":"pa_wijnhuis-charles-frey-fr","30":"first","31":"instock","32":"taxable","33":"shipping-taxable","34":"purchasable","35":"product-type-simple"},"_links":{"self":[{"href":"https:\/\/www.designenwijn.com\/de\/wp-json\/wp\/v2\/product\/69476","targetHints":{"allow":["GET"]}}],"collection":[{"href":"https:\/\/www.designenwijn.com\/de\/wp-json\/wp\/v2\/product"}],"about":[{"href":"https:\/\/www.designenwijn.com\/de\/wp-json\/wp\/v2\/types\/product"}],"replies":[{"embeddable":true,"href":"https:\/\/www.designenwijn.com\/de\/wp-json\/wp\/v2\/comments?post=69476"}],"version-history":[{"count":5,"href":"https:\/\/www.designenwijn.com\/de\/wp-json\/wp\/v2\/product\/69476\/revisions"}],"predecessor-version":[{"id":77192,"href":"https:\/\/www.designenwijn.com\/de\/wp-json\/wp\/v2\/product\/69476\/revisions\/77192"}],"wp:featuredmedia":[{"embeddable":true,"href":"https:\/\/www.designenwijn.com\/de\/wp-json\/wp\/v2\/media\/71081"}],"wp:attachment":[{"href":"https:\/\/www.designenwijn.com\/de\/wp-json\/wp\/v2\/media?parent=69476"}],"wp:term":[{"taxonomy":"product_brand","embeddable":true,"href":"https:\/\/www.designenwijn.com\/de\/wp-json\/wp\/v2\/product_brand?post=69476"},{"taxonomy":"product_cat","embeddable":true,"href":"https:\/\/www.designenwijn.com\/de\/wp-json\/wp\/v2\/product_cat?post=69476"},{"taxonomy":"product_tag","embeddable":true,"href":"https:\/\/www.designenwijn.com\/de\/wp-json\/wp\/v2\/product_tag?post=69476"}],"curies":[{"name":"wp","href":"https:\/\/api.w.org\/{rel}","templated":true}]}}