{"id":70472,"date":"2025-04-25T11:14:45","date_gmt":"2025-04-25T09:14:45","guid":{"rendered":"https:\/\/www.designenwijn.com\/?post_type=product&#038;p=70472"},"modified":"2026-03-22T14:49:02","modified_gmt":"2026-03-22T13:49:02","slug":"edzard-flaschenverschluss-weihnachtsbaum","status":"publish","type":"product","link":"https:\/\/www.designenwijn.com\/de\/product\/edzard-flessenstop-kerstboom\/","title":{"rendered":"Edzard Flaschenverschluss \u2013 Weihnachtsbaum"},"content":{"rendered":"<h5>\u00dcber das Produkt<\/h5>\n<p>Der Edzard Flaschenverschluss in Form eines Weihnachtsbaums wurde entwickelt, um ge\u00f6ffnete Weinflaschen sicher zu verschlie\u00dfen, damit Sie nicht die ganze Flasche auf einmal austrinken m\u00fcssen. Der Verschluss sorgt daf\u00fcr, dass der Inhalt sicher verschlossen bleibt und sch\u00fctzt den Wein vor Oxidation, sodass er seine Qualit\u00e4t mehrere Tage lang beh\u00e4lt. Er passt auf alle g\u00e4ngigen Weinflaschen und eignet sich ebenso gut f\u00fcr Oliven\u00f6lflaschen.<\/p>\n<p>Dieser dekorative, schneebedeckte Weihnachtsbaum ben\u00f6tigt keinen weiteren Schmuck, verliert keine Nadeln und kann das ganze Jahr \u00fcber stehen bleiben \u2013 wird aber nat\u00fcrlich in einem Glas aufbewahrt. Mit seinen 13 Zentimetern H\u00f6he ist er ein auff\u00e4lliges und zugleich dezentes Accessoire, das jeder Tischdekoration oder jedem festlichen Abendessen einen Hauch von Eleganz verleiht.<\/p>\n<p>Der Flaschenverschluss wird in Handarbeit aus hochwertigem Muranoglas nach traditioneller Technik aus der Region Venedig gefertigt. Bei diesem handwerklichen Verfahren werden farbige Glasfragmente mit klarem Glas verschmolzen, wodurch jeder Verschluss seine einzigartige Form, Farbverteilung und seinen individuellen Charakter erh\u00e4lt. Kein St\u00fcck gleicht dem anderen. Die Kombination aus Muranoglas und einem robusten Verschluss gew\u00e4hrleistet einen zuverl\u00e4ssigen Verschluss und eine langlebige Oberfl\u00e4che. Wir empfehlen, Glaswaren mit warmem Wasser und einem milden Sp\u00fclmittel von Hand zu reinigen, um Kratzer und Abrieb zu vermeiden. Scharfe Reinigungsmittel und Scheuerschw\u00e4mme k\u00f6nnen das Glas besch\u00e4digen und sollten daher vermieden werden. Trocknen Sie den Verschluss nach der Reinigung mit einem weichen Tuch ab, um Wasserflecken zu vermeiden.<\/p>\n<p>Der Edzard-Weihnachtsbaum-Flaschenverschluss ist ein praktisches Baraccessoire mit verspieltem und dekorativem Charakter \u2013 perfekt f\u00fcr die Feiertage, aber auch das ganze Jahr \u00fcber ein echter Hingucker. Entdecken Sie weitere Flaschenverschl\u00fcsse von Edzard. <a href=\"https:\/\/www.edzard.com\/english\" target=\"_blank\" rel=\"noopener\">Edzard<\/a> In <a href=\"https:\/\/www.designenwijn.com\/de\/?s=edzard&amp;post_type=product&amp;dgwt_wcas=1\">unsere Sammlung<\/a> um verschiedene Einstellungen oder Themen zu erstellen.<\/p>","protected":false},"excerpt":{"rendered":"<h5>\u00dcber das Produkt<\/h5>\n<p>Der Edzard Flaschenverschluss in Form eines Weihnachtsbaums wurde entwickelt, um ge\u00f6ffnete Weinflaschen sicher zu verschlie\u00dfen, damit Sie nicht die ganze Flasche auf einmal austrinken m\u00fcssen. Der Verschluss sorgt daf\u00fcr, dass der Inhalt sicher verschlossen bleibt und sch\u00fctzt den Wein vor Oxidation, sodass er seine Qualit\u00e4t mehrere Tage lang beh\u00e4lt. Er passt auf alle g\u00e4ngigen Weinflaschen und eignet sich ebenso gut f\u00fcr Oliven\u00f6lflaschen.<\/p>\n<p>Dieser dekorative, schneebedeckte Weihnachtsbaum ben\u00f6tigt keinen weiteren Schmuck, verliert keine Nadeln und kann das ganze Jahr \u00fcber stehen bleiben \u2013 wird aber nat\u00fcrlich in einem Glas aufbewahrt. Mit seinen 13 Zentimetern H\u00f6he ist er ein auff\u00e4lliges und zugleich dezentes Accessoire, das jeder Tischdekoration oder jedem festlichen Abendessen einen Hauch von Eleganz verleiht.<\/p>\n<p>Der Flaschenverschluss wird in Handarbeit aus hochwertigem Muranoglas nach traditioneller Technik aus der Region Venedig gefertigt. Bei diesem handwerklichen Verfahren werden farbige Glasfragmente mit klarem Glas verschmolzen, wodurch jeder Verschluss seine einzigartige Form, Farbverteilung und seinen individuellen Charakter erh\u00e4lt. Kein St\u00fcck gleicht dem anderen. Die Kombination aus Muranoglas und einem robusten Verschluss gew\u00e4hrleistet einen zuverl\u00e4ssigen Verschluss und eine langlebige Oberfl\u00e4che. Wir empfehlen, Glaswaren mit warmem Wasser und einem milden Sp\u00fclmittel von Hand zu reinigen, um Kratzer und Abrieb zu vermeiden. Scharfe Reinigungsmittel und Scheuerschw\u00e4mme k\u00f6nnen das Glas besch\u00e4digen und sollten daher vermieden werden. Trocknen Sie den Verschluss nach der Reinigung mit einem weichen Tuch ab, um Wasserflecken zu vermeiden.<\/p>\n<p>Der Edzard-Weihnachtsbaum-Flaschenverschluss ist ein praktisches Baraccessoire mit verspieltem und dekorativem Charakter \u2013 perfekt f\u00fcr die Feiertage, aber auch das ganze Jahr \u00fcber ein echter Hingucker. Entdecken Sie weitere Flaschenverschl\u00fcsse von Edzard. <a href=\"https:\/\/www.edzard.com\/english\">Edzard<\/a> In <a href=\"https:\/\/www.designenwijn.com\/de\/?s=edzard&amp;post_type=product&amp;dgwt_wcas=1\">unsere Sammlung<\/a> um verschiedene Einstellungen oder Themen zu erstellen.<\/p>","protected":false},"featured_media":70473,"comment_status":"closed","ping_status":"closed","template":"","meta":{"_et_pb_use_builder":"","_et_pb_old_content":"","_et_gb_content_width":"","footnotes":""},"product_brand":[],"product_cat":[520],"product_tag":[],"class_list":{"0":"post-70472","1":"product","2":"type-product","3":"status-publish","4":"has-post-thumbnail","6":"product_cat-wijn-accessoires","7":"pa_afmetingen-h-13-cm","8":"pa_functie-wijnstopper","9":"pa_kleur-product-geel","10":"pa_kleur-product-groen","11":"pa_land-van-herkomst-duitsland","12":"pa_materiaal-murano-glas","13":"pa_merk-edzard","15":"first","16":"instock","17":"taxable","18":"shipping-taxable","19":"purchasable","20":"product-type-simple"},"_links":{"self":[{"href":"https:\/\/www.designenwijn.com\/de\/wp-json\/wp\/v2\/product\/70472","targetHints":{"allow":["GET"]}}],"collection":[{"href":"https:\/\/www.designenwijn.com\/de\/wp-json\/wp\/v2\/product"}],"about":[{"href":"https:\/\/www.designenwijn.com\/de\/wp-json\/wp\/v2\/types\/product"}],"replies":[{"embeddable":true,"href":"https:\/\/www.designenwijn.com\/de\/wp-json\/wp\/v2\/comments?post=70472"}],"version-history":[{"count":9,"href":"https:\/\/www.designenwijn.com\/de\/wp-json\/wp\/v2\/product\/70472\/revisions"}],"predecessor-version":[{"id":77956,"href":"https:\/\/www.designenwijn.com\/de\/wp-json\/wp\/v2\/product\/70472\/revisions\/77956"}],"wp:featuredmedia":[{"embeddable":true,"href":"https:\/\/www.designenwijn.com\/de\/wp-json\/wp\/v2\/media\/70473"}],"wp:attachment":[{"href":"https:\/\/www.designenwijn.com\/de\/wp-json\/wp\/v2\/media?parent=70472"}],"wp:term":[{"taxonomy":"product_brand","embeddable":true,"href":"https:\/\/www.designenwijn.com\/de\/wp-json\/wp\/v2\/product_brand?post=70472"},{"taxonomy":"product_cat","embeddable":true,"href":"https:\/\/www.designenwijn.com\/de\/wp-json\/wp\/v2\/product_cat?post=70472"},{"taxonomy":"product_tag","embeddable":true,"href":"https:\/\/www.designenwijn.com\/de\/wp-json\/wp\/v2\/product_tag?post=70472"}],"curies":[{"name":"wp","href":"https:\/\/api.w.org\/{rel}","templated":true}]}}