{"id":70623,"date":"2025-04-03T15:17:27","date_gmt":"2025-04-03T13:17:27","guid":{"rendered":"https:\/\/www.designenwijn.com\/?post_type=product&#038;p=70623"},"modified":"2026-02-06T10:41:34","modified_gmt":"2026-02-06T09:41:34","slug":"ichendorf-milano-becher-rosa-schaf","status":"publish","type":"product","link":"https:\/\/www.designenwijn.com\/de\/product\/ichendorf-milano-tumbler-rozeschaap\/","title":{"rendered":"Ichendorf Milano \u2013 Becher Pink Sheep"},"content":{"rendered":"<p>Das Ichendorf Milano \u2013 Tumbler Pink Sheep ist ein Glas, das durch ein subtiles, aber unverwechselbares Detail auff\u00e4llt: ein kleines rosa Schaf am Boden des Glases. Nicht zu viel, aber gerade genug Charakter, um Ihrem Tischgedeck die einzigartige Note zu verleihen. Gemacht f\u00fcr Menschen, die Design mit einem Augenzwinkern lieben.<\/p>\n<h5>Material und Design<\/h5>\n<p>Dieses Trinkglas ist aus Borosilikatglas mundgeblasen \u2013 robust, kratzfest und alltagstauglich. Jedes St\u00fcck wird von Hand gefertigt, wodurch jedes Glas ein kleines Unikat ist. Das rosa Schaf ist Teil des Glases und bleibt fest an seinem Platz, egal was Sie einschenken.<\/p>\n<h5>Praktisch und vielseitig<\/h5>\n<p>Sie verwenden es f\u00fcr Wasser, Saft oder einen Cocktail. Die Form ist klassisch und liegt gut in der Hand, die Gr\u00f6\u00dfe passt zu jedem Anlass. Egal, ob Sie G\u00e4ste bewirten oder sich einen ruhigen Moment f\u00fcr sich selbst g\u00f6nnen, dieses Glas erf\u00fcllt seinen Zweck \u2013 mit Flair.<\/p>\n<h5>F\u00fcr Menschen mit einem Auge f\u00fcrs Detail<\/h5>\n<p>Der Pink Sheep Tumbler ist f\u00fcr alle, die etwas anderes als Standardglaswaren suchen. Es ist funktional, stilvoll und hat einen Hauch von Humor, ohne kindisch zu sein. Ein nettes Gespr\u00e4chsthema beim Abendessen oder einfach ein sch\u00f6nes Glas zum Greifen.<\/p>\n<p>Auch genug von langweiligen Brillen? Entdecken Sie die<a href=\"https:\/\/www.ichendorfmilano.com\/en\/products\/animal-farm\/tumbler-pink-sheep\/\" target=\"_blank\" rel=\"noopener\"> Ichendorf Milano \u2013 Becher Pink Sheep<\/a> in unserer Sammlung.<\/p>","protected":false},"excerpt":{"rendered":"<p>Der <em>Ichendorf Milano \u2013 Becher Pink Sheep<\/em> ist ein Glas, das durch ein subtiles, aber unverwechselbares Detail auff\u00e4llt: ein kleines rosa Schaf am Boden des Glases. Nicht zu viel, aber gerade genug Charakter, um Ihrem Tischgedeck den einzigartigen Akzent zu verleihen. Gemacht f\u00fcr Menschen, die Design mit einem Augenzwinkern lieben.<\/p>\n<h5>Material und Design<\/h5>\n<p>Dieses Trinkglas ist aus Borosilikatglas mundgeblasen \u2013 robust, kratzfest und alltagstauglich. Jedes St\u00fcck wird von Hand gefertigt, wodurch jedes Glas ein kleines Unikat ist. Das rosa Schaf ist Teil des Glases und bleibt fest an seinem Platz, egal was Sie einschenken.<\/p>\n<h5>Praktisch und vielseitig<\/h5>\n<p>Sie verwenden es f\u00fcr Wasser, Saft oder einen Cocktail. Die Form ist klassisch und liegt gut in der Hand, die Gr\u00f6\u00dfe passt zu jedem Anlass. Egal, ob Sie G\u00e4ste bewirten oder sich einen ruhigen Moment f\u00fcr sich selbst g\u00f6nnen, dieses Glas erf\u00fcllt seinen Zweck \u2013 mit Flair.<\/p>\n<h5>F\u00fcr Menschen mit einem Auge f\u00fcrs Detail<\/h5>\n<p>Der <em>Becher Rosa Schaf<\/em> is voor wie iets anders zoekt dan standaardglaswerk. Het is functioneel, stijlvol en heeft een vleug humor zonder kinderachtig te worden. Een leuk gespreksonderwerp tijdens een etentje, of gewoon een goed glas om naar te grijpen.<\/p>\n<p>Ook klaar met saaie glazen? Ontdek de Ichendorf Milano \u2013 Tumbler Roze Schaap in onze collectie.<\/p>","protected":false},"featured_media":70314,"comment_status":"closed","ping_status":"closed","template":"","meta":{"_et_pb_use_builder":"","_et_pb_old_content":"","_et_gb_content_width":"","footnotes":""},"product_brand":[],"product_cat":[474],"product_tag":[808],"class_list":{"0":"post-70623","1":"product","2":"type-product","3":"status-publish","4":"has-post-thumbnail","6":"product_cat-wijnglazen-en-tumblers","7":"product_tag-wijnglazen-tumblers","8":"pa_afmetingen-h-8-cm--85-cm","9":"pa_design-glaswerk","10":"pa_eigenschappen-handgemaakt-en-vlambewerkt","11":"pa_eigenschappen-vaatwasserbestendig-op-lage-temperaturen-40-aanbevolen","12":"pa_functie-universeel-glas","13":"pa_kleur-product-roze-transparant","14":"pa_land-van-herkomst-italie","15":"pa_materiaal-glas","16":"pa_merk-ichendorf-milano","17":"pa_ontwerper-alessandra-baldereschi","19":"first","20":"outofstock","21":"taxable","22":"shipping-taxable","23":"purchasable","24":"product-type-simple"},"_links":{"self":[{"href":"https:\/\/www.designenwijn.com\/de\/wp-json\/wp\/v2\/product\/70623","targetHints":{"allow":["GET"]}}],"collection":[{"href":"https:\/\/www.designenwijn.com\/de\/wp-json\/wp\/v2\/product"}],"about":[{"href":"https:\/\/www.designenwijn.com\/de\/wp-json\/wp\/v2\/types\/product"}],"replies":[{"embeddable":true,"href":"https:\/\/www.designenwijn.com\/de\/wp-json\/wp\/v2\/comments?post=70623"}],"version-history":[{"count":3,"href":"https:\/\/www.designenwijn.com\/de\/wp-json\/wp\/v2\/product\/70623\/revisions"}],"predecessor-version":[{"id":73096,"href":"https:\/\/www.designenwijn.com\/de\/wp-json\/wp\/v2\/product\/70623\/revisions\/73096"}],"wp:featuredmedia":[{"embeddable":true,"href":"https:\/\/www.designenwijn.com\/de\/wp-json\/wp\/v2\/media\/70314"}],"wp:attachment":[{"href":"https:\/\/www.designenwijn.com\/de\/wp-json\/wp\/v2\/media?parent=70623"}],"wp:term":[{"taxonomy":"product_brand","embeddable":true,"href":"https:\/\/www.designenwijn.com\/de\/wp-json\/wp\/v2\/product_brand?post=70623"},{"taxonomy":"product_cat","embeddable":true,"href":"https:\/\/www.designenwijn.com\/de\/wp-json\/wp\/v2\/product_cat?post=70623"},{"taxonomy":"product_tag","embeddable":true,"href":"https:\/\/www.designenwijn.com\/de\/wp-json\/wp\/v2\/product_tag?post=70623"}],"curies":[{"name":"wp","href":"https:\/\/api.w.org\/{rel}","templated":true}]}}