{"id":70694,"date":"2025-05-07T15:39:40","date_gmt":"2025-05-07T13:39:40","guid":{"rendered":"https:\/\/www.designenwijn.com\/?post_type=product&#038;p=70694"},"modified":"2026-03-21T14:58:24","modified_gmt":"2026-03-21T13:58:24","slug":"ichendorf-milano-tutu-mattes-weisweinglas-weis-2","status":"publish","type":"product","link":"https:\/\/www.designenwijn.com\/de\/product\/ichendorf-milano-tutu-matte-wit-wijnglas-wit\/","title":{"rendered":"Ichendorf Milano Tutu Matte \u2013 Wei\u00dfweinglas \u2013 Wei\u00df"},"content":{"rendered":"<h5 data-start=\"208\" data-end=\"230\">\u00dcber das Produkt<\/h5>\n<p data-start=\"232\" data-end=\"895\">Das Ichendorf Milano Tutu Matte \u2013 Wei\u00dfweinglas \u2013 ist eine raffinierte und moderne Interpretation des klassischen Weinglases. Der klare Kelch ruht auf einem markanten, handgefertigten Fu\u00df in elegantem Mattwei\u00df, der dem Glas eine zeitgem\u00e4\u00dfe und elegante Optik verleiht. Dieses Glas strahlt puren Stil aus und eignet sich perfekt zum Servieren von spritzigen Wei\u00dfweinen, delikaten Ros\u00e9s oder einem raffinierten Aperitif. Verleihen Sie Ihrer Tischdekoration einen Hauch italienischer Finesse und kreieren Sie eine \u00e4sthetisch ansprechende Pr\u00e4sentation, die beeindrucken wird. Jedes Glas wird in Italien handgefertigt und ist Teil der Tutu-Kollektion von Mist-O.<\/p>\n<p data-start=\"897\" data-end=\"1478\">Das Tutu-Wei\u00dfweinglas in Matt ist aus hochwertigem Borosilikatglas gefertigt und daher leicht, robust und temperaturbest\u00e4ndig. Dank der handgefertigten Flammenbehandlung ist jedes Glas in Form und Oberfl\u00e4che einzigartig. Mit einer H\u00f6he von 17,5 cm und einem Kelchdurchmesser von 6,5 cm liegt es angenehm in der Hand und ist perfekt ausbalanciert. Nach Gebrauch l\u00e4sst es sich einfach bei niedriger Temperatur bis 40 \u00b0C im Geschirrsp\u00fcler reinigen. Entdecken Sie weitere Gl\u00e4ser der Marke Tutu. <a href=\"https:\/\/www.ichendorfmilano.com\/en\/\" target=\"_blank\" rel=\"noopener\">Ichendorf Milano<\/a> Tutu-Serie in <a href=\"https:\/\/www.designenwijn.com\/de\/?s=ichendorf+milano+tutu+matte&amp;post_type=product&amp;dgwt_wcas=1\">unsere Sammlung<\/a> f\u00fcr ein harmonisches und stilvolles Gesamtbild am Tisch.<\/p>\n<p data-start=\"897\" data-end=\"1478\"><a href=\"https:\/\/www.designenwijn.com\/wp-content\/uploads\/2025\/04\/Tutu-yellow.jpeg\"><img decoding=\"async\" class=\"size-full wp-image-70693 alignleft\" src=\"https:\/\/www.designenwijn.com\/wp-content\/uploads\/2025\/04\/Tutu-yellow.jpeg\" alt=\"Ichendorf Milano - Tutu Matt Fl\u00f6te Gelb\" width=\"225\" height=\"225\" srcset=\"https:\/\/www.designenwijn.com\/wp-content\/uploads\/2025\/04\/Tutu-yellow.jpeg 225w, https:\/\/www.designenwijn.com\/wp-content\/uploads\/2025\/04\/Tutu-yellow-12x12.jpeg 12w, https:\/\/www.designenwijn.com\/wp-content\/uploads\/2025\/04\/Tutu-yellow-100x100.jpeg 100w, https:\/\/www.designenwijn.com\/wp-content\/uploads\/2025\/04\/Tutu-yellow-64x64.jpeg 64w\" sizes=\"(max-width: 225px) 100vw, 225px\" \/><\/a><\/p>\n<p><a href=\"https:\/\/www.designenwijn.com\/wp-content\/uploads\/2025\/04\/Red-wine-blue.jpeg\"><img decoding=\"async\" class=\"size-full wp-image-70690\" src=\"https:\/\/www.designenwijn.com\/wp-content\/uploads\/2025\/04\/Red-wine-blue.jpeg\" alt=\"Ichendorf Milano - Tutu Matt Rot Weinblau\" width=\"225\" height=\"225\" srcset=\"https:\/\/www.designenwijn.com\/wp-content\/uploads\/2025\/04\/Red-wine-blue.jpeg 225w, https:\/\/www.designenwijn.com\/wp-content\/uploads\/2025\/04\/Red-wine-blue-12x12.jpeg 12w, https:\/\/www.designenwijn.com\/wp-content\/uploads\/2025\/04\/Red-wine-blue-100x100.jpeg 100w, https:\/\/www.designenwijn.com\/wp-content\/uploads\/2025\/04\/Red-wine-blue-64x64.jpeg 64w\" sizes=\"(max-width: 225px) 100vw, 225px\" \/><\/a><\/p>","protected":false},"excerpt":{"rendered":"<h5 data-start=\"208\" data-end=\"230\">\u00dcber das Produkt<\/h5>\n<p data-start=\"232\" data-end=\"895\">Das Ichendorf Milano Tutu Matte \u2013 Wei\u00dfweinglas \u2013 ist eine raffinierte und moderne Interpretation des klassischen Weinglases. Der klare Kelch ruht auf einem markanten, handgefertigten Fu\u00df in elegantem Mattwei\u00df, der dem Glas eine zeitgem\u00e4\u00dfe und elegante Optik verleiht. Dieses Glas strahlt puren Stil aus und eignet sich perfekt zum Servieren von spritzigen Wei\u00dfweinen, delikaten Ros\u00e9s oder einem raffinierten Aperitif. Verleihen Sie Ihrer Tischdekoration einen Hauch italienischer Finesse und kreieren Sie eine \u00e4sthetisch ansprechende Pr\u00e4sentation, die beeindrucken wird. Jedes Glas wird in Italien handgefertigt und ist Teil der Tutu-Kollektion von Mist-O.<\/p>\n<p data-start=\"897\" data-end=\"1478\">Das Tutu-Wei\u00dfweinglas in Matt ist aus hochwertigem Borosilikatglas gefertigt und daher leicht, robust und temperaturbest\u00e4ndig. Dank der handgefertigten Flammenbehandlung ist jedes Glas in Form und Oberfl\u00e4che einzigartig. Mit einer H\u00f6he von 17,5 cm und einem Kelchdurchmesser von 6,5 cm liegt es angenehm in der Hand und ist perfekt ausbalanciert. Nach Gebrauch l\u00e4sst es sich einfach bei niedriger Temperatur bis 40 \u00b0C im Geschirrsp\u00fcler reinigen. Entdecken Sie weitere Gl\u00e4ser der Marke Tutu. <a href=\"https:\/\/www.ichendorfmilano.com\/en\/\">Ichendorf Milano<\/a> Tutu-Serie in <a href=\"https:\/\/www.designenwijn.com\/de\/?s=ichendorf+milano+tutu+matte&amp;post_type=product&amp;dgwt_wcas=1\">unsere Sammlung<\/a> f\u00fcr ein harmonisches und stilvolles Gesamtbild am Tisch.<\/p>\n<p data-start=\"897\" data-end=\"1478\"><a href=\"https:\/\/www.designenwijn.com\/wp-content\/uploads\/2025\/04\/Tutu-yellow.jpeg\"><img decoding=\"async\" class=\"size-full wp-image-70693 alignleft\" src=\"https:\/\/www.designenwijn.com\/wp-content\/uploads\/2025\/04\/Tutu-yellow.jpeg\" alt=\"Ichendorf Milano - Tutu Matt Fl\u00f6te Gelb\" width=\"225\" height=\"225\" srcset=\"https:\/\/www.designenwijn.com\/wp-content\/uploads\/2025\/04\/Tutu-yellow.jpeg 225w, https:\/\/www.designenwijn.com\/wp-content\/uploads\/2025\/04\/Tutu-yellow-12x12.jpeg 12w, https:\/\/www.designenwijn.com\/wp-content\/uploads\/2025\/04\/Tutu-yellow-100x100.jpeg 100w, https:\/\/www.designenwijn.com\/wp-content\/uploads\/2025\/04\/Tutu-yellow-64x64.jpeg 64w\" sizes=\"(max-width: 225px) 100vw, 225px\" \/><\/a><\/p>\n<p><a href=\"https:\/\/www.designenwijn.com\/wp-content\/uploads\/2025\/04\/Red-wine-blue.jpeg\"><img decoding=\"async\" class=\"size-full wp-image-70690\" src=\"https:\/\/www.designenwijn.com\/wp-content\/uploads\/2025\/04\/Red-wine-blue.jpeg\" alt=\"Ichendorf Milano - Tutu Matt Rot Weinblau\" width=\"225\" height=\"225\" srcset=\"https:\/\/www.designenwijn.com\/wp-content\/uploads\/2025\/04\/Red-wine-blue.jpeg 225w, https:\/\/www.designenwijn.com\/wp-content\/uploads\/2025\/04\/Red-wine-blue-12x12.jpeg 12w, https:\/\/www.designenwijn.com\/wp-content\/uploads\/2025\/04\/Red-wine-blue-100x100.jpeg 100w, https:\/\/www.designenwijn.com\/wp-content\/uploads\/2025\/04\/Red-wine-blue-64x64.jpeg 64w\" sizes=\"(max-width: 225px) 100vw, 225px\" \/><\/a><\/p>\n<p>&nbsp;<\/p>","protected":false},"featured_media":70695,"comment_status":"closed","ping_status":"closed","template":"","meta":{"_et_pb_use_builder":"","_et_pb_old_content":"","_et_gb_content_width":"","footnotes":""},"product_brand":[],"product_cat":[1086,474],"product_tag":[],"class_list":{"0":"post-70694","1":"product","2":"type-product","3":"status-publish","4":"has-post-thumbnail","6":"product_cat-crispy-white","7":"product_cat-wijnglazen-en-tumblers","8":"pa_afmetingen-h-175-cm--65-cm","9":"pa_design-glaswerk","10":"pa_eigenschappen-handgemaakt-en-vlambewerkt","11":"pa_eigenschappen-vaatwasserbestendig-op-lage-temperaturen-40-aanbevolen","12":"pa_functie-wijnglas","13":"pa_kleur-product-wit-transparant","14":"pa_land-van-herkomst-italie","15":"pa_materiaal-glas","16":"pa_merk-ichendorf-milano","17":"pa_ontwerper-mist-o","19":"first","20":"outofstock","21":"taxable","22":"shipping-taxable","23":"purchasable","24":"product-type-simple"},"_links":{"self":[{"href":"https:\/\/www.designenwijn.com\/de\/wp-json\/wp\/v2\/product\/70694","targetHints":{"allow":["GET"]}}],"collection":[{"href":"https:\/\/www.designenwijn.com\/de\/wp-json\/wp\/v2\/product"}],"about":[{"href":"https:\/\/www.designenwijn.com\/de\/wp-json\/wp\/v2\/types\/product"}],"replies":[{"embeddable":true,"href":"https:\/\/www.designenwijn.com\/de\/wp-json\/wp\/v2\/comments?post=70694"}],"version-history":[{"count":9,"href":"https:\/\/www.designenwijn.com\/de\/wp-json\/wp\/v2\/product\/70694\/revisions"}],"predecessor-version":[{"id":77405,"href":"https:\/\/www.designenwijn.com\/de\/wp-json\/wp\/v2\/product\/70694\/revisions\/77405"}],"wp:featuredmedia":[{"embeddable":true,"href":"https:\/\/www.designenwijn.com\/de\/wp-json\/wp\/v2\/media\/70695"}],"wp:attachment":[{"href":"https:\/\/www.designenwijn.com\/de\/wp-json\/wp\/v2\/media?parent=70694"}],"wp:term":[{"taxonomy":"product_brand","embeddable":true,"href":"https:\/\/www.designenwijn.com\/de\/wp-json\/wp\/v2\/product_brand?post=70694"},{"taxonomy":"product_cat","embeddable":true,"href":"https:\/\/www.designenwijn.com\/de\/wp-json\/wp\/v2\/product_cat?post=70694"},{"taxonomy":"product_tag","embeddable":true,"href":"https:\/\/www.designenwijn.com\/de\/wp-json\/wp\/v2\/product_tag?post=70694"}],"curies":[{"name":"wp","href":"https:\/\/api.w.org\/{rel}","templated":true}]}}