{"id":70698,"date":"2025-05-07T15:39:25","date_gmt":"2025-05-07T13:39:25","guid":{"rendered":"https:\/\/www.designenwijn.com\/?post_type=product&#038;p=70698"},"modified":"2026-01-22T13:19:15","modified_gmt":"2026-01-22T12:19:15","slug":"ichendorf-milano-tutu-champagner-coupe","status":"publish","type":"product","link":"https:\/\/www.designenwijn.com\/de\/product\/ichendorf-milano-tutu-champagne-coupe\/","title":{"rendered":"Ichendorf Milano Tutu \u2013 Champagner-Coupe"},"content":{"rendered":"<h5 data-start=\"161\" data-end=\"183\">\u00dcber das Produkt<\/h5>\n<p data-start=\"185\" data-end=\"784\">Die Ichendorf Milano Tutu Champagner-Coupe ist eine elegante und moderne Interpretation des klassischen Champagnerglases. Der klare Kelch ruht auf einem markanten, handgefertigten Fu\u00df mit dezentem Relief, der dem Glas eine edle und luftige Anmutung verleiht. Servieren Sie prickelnden Champagner, Sekt oder kreative Aperitifs mit Stil. Verleihen Sie Ihrer Tischdekoration einen Hauch italienischer Finesse und kreieren Sie eine \u00e4sthetisch ansprechende Pr\u00e4sentation, die Ihre G\u00e4ste so schnell nicht vergessen werden. Jedes Glas wird in Italien handgefertigt und ist Teil der Tutu-Kollektion, entworfen von Mist-O.<\/p>\n<p data-start=\"786\" data-end=\"1371\">Die Tutu Champagner-Coupe ist aus hochwertigem Borosilikatglas gefertigt, leicht, robust und temperaturbest\u00e4ndig. Dank der handwerklichen Flammenbehandlung ist jedes St\u00fcck in Form und Oberfl\u00e4che einzigartig. Das Glas ist 16 cm hoch und hat einen maximalen Kelchdurchmesser von 11 cm, wodurch es angenehm in der Hand liegt und perfekt ausbalanciert ist. Nach Gebrauch l\u00e4sst es sich einfach bei niedriger Temperatur bis 40 \u00b0C im Geschirrsp\u00fcler reinigen. Entdecken Sie weitere Gl\u00e4ser der Tutu-Kollektion. <a href=\"https:\/\/www.ichendorfmilano.com\/en\/\" target=\"_blank\" rel=\"noopener\">Ichendorf Milano<\/a> Tutu-Serie in <a href=\"https:\/\/www.designenwijn.com\/de\/?s=tutu&amp;post_type=product&amp;dgwt_wcas=1\">unsere Sammlung<\/a>, f\u00fcr ein harmonisches Ganzes am Tisch.<\/p>\n<p data-start=\"786\" data-end=\"1371\"><a href=\"https:\/\/www.designenwijn.com\/wp-content\/uploads\/2025\/04\/Tutu-White-wine.jpeg\"><img decoding=\"async\" class=\"size-full wp-image-70697 alignleft\" src=\"https:\/\/www.designenwijn.com\/wp-content\/uploads\/2025\/04\/Tutu-White-wine.jpeg\" alt=\"Ichendorf Milano - Tutu - Wei\u00dfweinglas mit Stiel - Design &amp; Wein - Amsterdam\" width=\"225\" height=\"225\" srcset=\"https:\/\/www.designenwijn.com\/wp-content\/uploads\/2025\/04\/Tutu-White-wine.jpeg 225w, https:\/\/www.designenwijn.com\/wp-content\/uploads\/2025\/04\/Tutu-White-wine-12x12.jpeg 12w, https:\/\/www.designenwijn.com\/wp-content\/uploads\/2025\/04\/Tutu-White-wine-100x100.jpeg 100w, https:\/\/www.designenwijn.com\/wp-content\/uploads\/2025\/04\/Tutu-White-wine-64x64.jpeg 64w\" sizes=\"(max-width: 225px) 100vw, 225px\" \/><\/a><\/p>\n<p><a href=\"https:\/\/www.designenwijn.com\/wp-content\/uploads\/2025\/07\/Ichendorf-Milano-Tutu-Martini-Glas.jpg\"><img decoding=\"async\" class=\"wp-image-74173\" src=\"https:\/\/www.designenwijn.com\/wp-content\/uploads\/2025\/07\/Ichendorf-Milano-Tutu-Martini-Glas.jpg\" alt=\"Ichendorf Milano Tutu - Martiniglas - Design &amp; Wein - Amsterdam - Niederl\u00e4ndischer Wein\" width=\"200\" height=\"200\" \/><\/a><\/p>","protected":false},"excerpt":{"rendered":"<h5 data-start=\"161\" data-end=\"183\">\u00dcber das Produkt<\/h5>\n<p data-start=\"185\" data-end=\"784\">Die Ichendorf Milano Tutu Champagner-Coupe ist eine elegante und moderne Interpretation des klassischen Champagnerglases. Der klare Kelch ruht auf einem markanten, handgefertigten Fu\u00df mit dezentem Relief, der dem Glas eine edle und luftige Anmutung verleiht. Servieren Sie prickelnden Champagner, Sekt oder kreative Aperitifs mit Stil. Verleihen Sie Ihrer Tischdekoration einen Hauch italienischer Finesse und kreieren Sie eine \u00e4sthetisch ansprechende Pr\u00e4sentation, die Ihre G\u00e4ste so schnell nicht vergessen werden. Jedes Glas wird in Italien handgefertigt und ist Teil der Tutu-Kollektion, entworfen von Mist-O.<\/p>\n<p data-start=\"786\" data-end=\"1371\">Die Tutu Champagner-Coupe ist aus hochwertigem Borosilikatglas gefertigt, leicht, robust und temperaturbest\u00e4ndig. Dank der handwerklichen Flammenbehandlung ist jedes St\u00fcck in Form und Oberfl\u00e4che einzigartig. Das Glas ist 16 cm hoch und hat einen maximalen Kelchdurchmesser von 11 cm, wodurch es angenehm in der Hand liegt und perfekt ausbalanciert ist. Nach Gebrauch l\u00e4sst es sich einfach bei niedriger Temperatur bis 40 \u00b0C im Geschirrsp\u00fcler reinigen. Entdecken Sie weitere Gl\u00e4ser der Tutu-Kollektion. <a href=\"https:\/\/www.ichendorfmilano.com\/en\/\">Ichendorf Milano<\/a> Tutu-Serie in <a href=\"https:\/\/www.designenwijn.com\/de\/?s=tutu&amp;post_type=product&amp;dgwt_wcas=1\">unsere Sammlung<\/a>, f\u00fcr ein harmonisches Ganzes am Tisch.<\/p>\n<p data-start=\"786\" data-end=\"1371\"><a href=\"https:\/\/www.designenwijn.com\/wp-content\/uploads\/2025\/04\/Tutu-White-wine.jpeg\"><img decoding=\"async\" class=\"size-full wp-image-70697 alignleft\" src=\"https:\/\/www.designenwijn.com\/wp-content\/uploads\/2025\/04\/Tutu-White-wine.jpeg\" alt=\"Ichendorf Milano - Tutu - Wei\u00dfweinglas mit Stiel - Design &amp; Wein - Amsterdam\" width=\"225\" height=\"225\" srcset=\"https:\/\/www.designenwijn.com\/wp-content\/uploads\/2025\/04\/Tutu-White-wine.jpeg 225w, https:\/\/www.designenwijn.com\/wp-content\/uploads\/2025\/04\/Tutu-White-wine-12x12.jpeg 12w, https:\/\/www.designenwijn.com\/wp-content\/uploads\/2025\/04\/Tutu-White-wine-100x100.jpeg 100w, https:\/\/www.designenwijn.com\/wp-content\/uploads\/2025\/04\/Tutu-White-wine-64x64.jpeg 64w\" sizes=\"(max-width: 225px) 100vw, 225px\" \/><\/a><\/p>\n<p><a href=\"https:\/\/www.designenwijn.com\/wp-content\/uploads\/2025\/07\/Ichendorf-Milano-Tutu-Martini-Glas.jpg\"><img decoding=\"async\" class=\"wp-image-74173\" src=\"https:\/\/www.designenwijn.com\/wp-content\/uploads\/2025\/07\/Ichendorf-Milano-Tutu-Martini-Glas.jpg\" alt=\"Ichendorf Milano Tutu - Martiniglas - Design &amp; Wein - Amsterdam - Niederl\u00e4ndischer Wein\" width=\"200\" height=\"200\" \/><\/a><\/p>\n<p>&nbsp;<\/p>","protected":false},"featured_media":71242,"comment_status":"closed","ping_status":"closed","template":"","meta":{"_et_pb_use_builder":"","_et_pb_old_content":"","_et_gb_content_width":"","footnotes":""},"product_brand":[],"product_cat":[474],"product_tag":[],"class_list":{"0":"post-70698","1":"product","2":"type-product","3":"status-publish","4":"has-post-thumbnail","6":"product_cat-wijnglazen-en-tumblers","7":"pa_afmetingen-h-16-cm--11-76-cm","8":"pa_design-glaswerk","9":"pa_eigenschappen-handgemaakt-en-vlambewerkt","10":"pa_eigenschappen-vaatwasserbestendig-op-lage-temperaturen-40-aanbevolen","11":"pa_kleur-product-transparant","12":"pa_land-van-herkomst-italie","13":"pa_materiaal-glas","14":"pa_merk-ichendorf-milano","15":"pa_ontwerper-mist-o","17":"first","18":"instock","19":"taxable","20":"shipping-taxable","21":"purchasable","22":"product-type-simple"},"_links":{"self":[{"href":"https:\/\/www.designenwijn.com\/de\/wp-json\/wp\/v2\/product\/70698","targetHints":{"allow":["GET"]}}],"collection":[{"href":"https:\/\/www.designenwijn.com\/de\/wp-json\/wp\/v2\/product"}],"about":[{"href":"https:\/\/www.designenwijn.com\/de\/wp-json\/wp\/v2\/types\/product"}],"replies":[{"embeddable":true,"href":"https:\/\/www.designenwijn.com\/de\/wp-json\/wp\/v2\/comments?post=70698"}],"version-history":[{"count":7,"href":"https:\/\/www.designenwijn.com\/de\/wp-json\/wp\/v2\/product\/70698\/revisions"}],"predecessor-version":[{"id":77403,"href":"https:\/\/www.designenwijn.com\/de\/wp-json\/wp\/v2\/product\/70698\/revisions\/77403"}],"wp:featuredmedia":[{"embeddable":true,"href":"https:\/\/www.designenwijn.com\/de\/wp-json\/wp\/v2\/media\/71242"}],"wp:attachment":[{"href":"https:\/\/www.designenwijn.com\/de\/wp-json\/wp\/v2\/media?parent=70698"}],"wp:term":[{"taxonomy":"product_brand","embeddable":true,"href":"https:\/\/www.designenwijn.com\/de\/wp-json\/wp\/v2\/product_brand?post=70698"},{"taxonomy":"product_cat","embeddable":true,"href":"https:\/\/www.designenwijn.com\/de\/wp-json\/wp\/v2\/product_cat?post=70698"},{"taxonomy":"product_tag","embeddable":true,"href":"https:\/\/www.designenwijn.com\/de\/wp-json\/wp\/v2\/product_tag?post=70698"}],"curies":[{"name":"wp","href":"https:\/\/api.w.org\/{rel}","templated":true}]}}