{"id":71102,"date":"2025-05-14T11:46:22","date_gmt":"2025-05-14T09:46:22","guid":{"rendered":"https:\/\/www.designenwijn.com\/product\/wellmark-handzeep-500ml-fris-linnen\/"},"modified":"2025-06-27T15:15:16","modified_gmt":"2025-06-27T13:15:16","slug":"wellmark-handseife-500ml-bambus","status":"publish","type":"product","link":"https:\/\/www.designenwijn.com\/de\/product\/wellmark-handzeep-500ml-bamboe\/","title":{"rendered":"Wellmark \u2013 Bambus \u2013 Handseife 500ML"},"content":{"rendered":"<h3>Wellmark May All Your Troubles Be Bubbles Handseife, 500 ml, Bambus<\/h3>\n<p>Einige Details machen den Unterschied. In unserem eigenen Verkostungsraum, in dem wir t\u00e4glich mit exklusiven Weinen und viel Liebe zur Atmosph\u00e4re arbeiten, ist die Wellmark May All Your Troubles Be Bubbles Handseife 500 ml ein fester Bestandteil. Nicht nur wegen des frischen, reinen Bambusdufts, sondern auch wegen des stilvollen Designs, das perfekt zum Ambiente unseres Weinladens passt. Diese Handseife ist f\u00fcr Menschen gedacht, die wie wir Wert auf Qualit\u00e4t, Stil und Raffinesse legen.<\/p>\n<h3>Zeitloses Design, langlebiger Inhalt<\/h3>\n<h5>Hochwertige Materialien<\/h5>\n<p>Die Seife wird in einer robusten Flasche aus recyceltem Glas mit einer Messingpumpe geliefert, die f\u00fcr ein luxuri\u00f6ses, warmes Aussehen sorgt. Die 500 ml vegane Handseife ist frei von Parabenen, Farbstoffen und Silikonen \u2013 sanft zu Ihrer Haut und schonend zur Umwelt.<\/p>\n<h5>Dezenter Stil<\/h5>\n<p>Das schwarze Etikett mit dem verspielten Text \u201eMay All Your Troubles Be Bubbles\u201c verleiht der Flasche Charakter. Die Kombination aus Glas, Metall und Typografie macht das Ganze minimalistisch und auff\u00e4llig. Machen Sie aus einer Flasche Handseife einen echten Hingucker in einem modernen Interieur.<\/p>\n<h3>Alltagstauglich mit einem Hauch von Luxus<\/h3>\n<h5>Praktisch und elegant<\/h5>\n<p>Wenn Sie eine Weinprobe veranstalten, G\u00e4ste an Ihrem K\u00fcchentisch empfangen oder sich einfach selbst Seife holen m\u00f6chten. Diese Seife macht das H\u00e4ndewaschen zu einem stilvollen Moment. Der Duft beginnt mit hellen Bambusnoten und bleibt subtil pr\u00e4sent. Frisch, leicht und sauber.<\/p>\n<h5>Verfeinertes Erlebnis<\/h5>\n<p>Dies merken wir immer wieder in unserem Verkostungsraum. Besucher sch\u00e4tzen die Kombination aus Funktionalit\u00e4t und Atmosph\u00e4re. Diese Seife verst\u00e4rkt das Gef\u00fchl von Ruhe, Aufmerksamkeit und Raffinesse, das wir mit unserem Weinerlebnis vermitteln m\u00f6chten. Ein kleines Detail mit gro\u00dfer Wirkung.<\/p>\n<h3>Machen Sie jeden Moment zu etwas Besonderem<\/h3>\n<p>Sind Sie bereit, aus einer allt\u00e4glichen Handlung ein elegantes Ritual zu machen? Entdecken Sie in unserer Kollektion die 500 ml gro\u00dfe Handseife \u201eMay All Your Troubles Be Bubbles\u201c von Wellmark und verleihen Sie Ihrer K\u00fcche, Ihrem Badezimmer oder Ihrer Weinecke einen Hauch von Luxus.<\/p>","protected":false},"excerpt":{"rendered":"<p>Wellmark May All Your Troubles Be Bubbels Handzeep 500ml &#8211; Bamboe Sommige details maken het verschil. In ons eigen proeflokaal waar we dagelijks werken met exclusieve wijnen en aandacht voor sfeer, is de Wellmark May All Your Troubles Be Bubbles Handzeep 500ml een vaste waarde. Niet alleen vanwege de frisse, cleane geur van bamboe, maar [&hellip;]<\/p>\n","protected":false},"featured_media":71291,"comment_status":"open","ping_status":"closed","template":"","meta":{"_et_pb_use_builder":"","_et_pb_old_content":"","_et_gb_content_width":"","footnotes":""},"product_brand":[],"product_cat":[663],"product_tag":[],"class_list":{"0":"post-71102","1":"product","2":"type-product","3":"status-publish","4":"has-post-thumbnail","6":"product_cat-handzeep","7":"pa_afmetingen-8-x-225-cm","8":"pa_eigenschappen-100-troepvrij-vegan-navulbaar-met-refills","9":"pa_geur-bamboe","10":"pa_materiaal-glas","11":"pa_materiaal-metaal","12":"pa_materiaal-typografie","13":"pa_merk-wellmark","15":"first","16":"instock","17":"taxable","18":"shipping-taxable","19":"purchasable","20":"product-type-simple"},"_links":{"self":[{"href":"https:\/\/www.designenwijn.com\/de\/wp-json\/wp\/v2\/product\/71102","targetHints":{"allow":["GET"]}}],"collection":[{"href":"https:\/\/www.designenwijn.com\/de\/wp-json\/wp\/v2\/product"}],"about":[{"href":"https:\/\/www.designenwijn.com\/de\/wp-json\/wp\/v2\/types\/product"}],"replies":[{"embeddable":true,"href":"https:\/\/www.designenwijn.com\/de\/wp-json\/wp\/v2\/comments?post=71102"}],"version-history":[{"count":1,"href":"https:\/\/www.designenwijn.com\/de\/wp-json\/wp\/v2\/product\/71102\/revisions"}],"predecessor-version":[{"id":71283,"href":"https:\/\/www.designenwijn.com\/de\/wp-json\/wp\/v2\/product\/71102\/revisions\/71283"}],"wp:featuredmedia":[{"embeddable":true,"href":"https:\/\/www.designenwijn.com\/de\/wp-json\/wp\/v2\/media\/71291"}],"wp:attachment":[{"href":"https:\/\/www.designenwijn.com\/de\/wp-json\/wp\/v2\/media?parent=71102"}],"wp:term":[{"taxonomy":"product_brand","embeddable":true,"href":"https:\/\/www.designenwijn.com\/de\/wp-json\/wp\/v2\/product_brand?post=71102"},{"taxonomy":"product_cat","embeddable":true,"href":"https:\/\/www.designenwijn.com\/de\/wp-json\/wp\/v2\/product_cat?post=71102"},{"taxonomy":"product_tag","embeddable":true,"href":"https:\/\/www.designenwijn.com\/de\/wp-json\/wp\/v2\/product_tag?post=71102"}],"curies":[{"name":"wp","href":"https:\/\/api.w.org\/{rel}","templated":true}]}}