{"id":72252,"date":"2025-07-08T17:08:57","date_gmt":"2025-07-08T15:08:57","guid":{"rendered":"https:\/\/www.designenwijn.com\/product\/ichendorf-milano-dogs-tumbler-poedel\/"},"modified":"2026-03-23T16:39:49","modified_gmt":"2026-03-23T15:39:49","slug":"ichendorf-milano-hunde-tumbler-pudel","status":"publish","type":"product","link":"https:\/\/www.designenwijn.com\/de\/product\/ichendorf-milano-dogs-tumbler-poedel\/","title":{"rendered":"Ichendorf Milano \u2013 Hunde \u2013 Tumblerpudel"},"content":{"rendered":"","protected":false},"excerpt":{"rendered":"<p>Das Ichendorf Milano \u2013 Dogs \u2013 Poodle Tumbler ist ein \u00fcberraschendes Designerglas, das Eleganz und Verspieltheit vereint. Entworfen von Alessandra Baldereschi und handgefertigt in Italien, ist dieses Glas eine Ode an den charaktervollen Pudel, der dezent als Glasfigur am Boden dargestellt ist. Das Ergebnis ist eine stilvolle Erg\u00e4nzung f\u00fcr jeden Tisch und zaubert mit jedem Schluck ein L\u00e4cheln ins Gesicht.<\/p>\n<h5>Handwerkskunst und Materialien<\/h5>\n<p>Dieser Becher ist aus Borosilikatglas gefertigt: klar, leicht und temperaturbest\u00e4ndig. Dank der handwerklichen Flammenbehandlung erh\u00e4lt jedes Glas seine einzigartige Form und seinen Glanz. Mit 8 Zentimetern H\u00f6he und 8,5 Zentimetern Durchmesser liegt er angenehm in der Hand. Das tiefe Schwarz des Glashundes bildet einen reizvollen Kontrast zum transparenten Glas, ohne den Blick auf das Getr\u00e4nk zu versperren.<\/p>\n<h5>F\u00fcr jeden stilvollen Moment<\/h5>\n<p>Der Pudelbecher eignet sich perfekt f\u00fcr Drinks, Abendessen, Picknicks mit Ihrem Pudel oder ein entspanntes Glas Wein am Ende des Tages. Sein verspielter Look verleiht Ihrem Tisch Pers\u00f6nlichkeit, ohne seine Eleganz zu beeintr\u00e4chtigen. Das klare Glas bringt die Farben wundersch\u00f6n zur Geltung und macht ihn ideal f\u00fcr Wei\u00dfwein, Ros\u00e9 oder sogar einen Aperitif.<\/p>\n<h5>Praktisch und einzigartig<\/h5>\n<p>Obwohl das Glas sp\u00fclmaschinenfest ist, wird zur Gew\u00e4hrleistung der Qualit\u00e4t eine niedrige Temperatur (max. 40 \u00b0C) empfohlen. Die Kombination aus Haltbarkeit, Design und dezenter Note macht dieses Glas zu einem Favoriten unter Liebhabern von Stil und Originalit\u00e4t.<\/p>\n<h5>Ein Glas mit Charakter<\/h5>\n<p>Sind Sie bereit, Ihren Weinmoment auf die n\u00e4chste Stufe zu heben? Entdecken Sie die <a href=\"https:\/\/www.ichendorfmilano.com\/en\/products\/dogs\/tumbler-poodle\/\">Ichendorf Milano<\/a> \u2013 Hunde \u2013 Tumbler Pudel in <a href=\"https:\/\/www.designenwijn.com\/de\/?s=ichendorf+tumbler&amp;post_type=product&amp;dgwt_wcas=1\">unsere Sammlung<\/a> und verleihen Sie jedem Getr\u00e4nk eine einzigartige Geschichte.<\/p>","protected":false},"featured_media":72308,"comment_status":"open","ping_status":"closed","template":"","meta":{"_et_pb_use_builder":"","_et_pb_old_content":"","_et_gb_content_width":"","footnotes":""},"product_brand":[],"product_cat":[474],"product_tag":[],"class_list":{"0":"post-72252","1":"product","2":"type-product","3":"status-publish","4":"has-post-thumbnail","6":"product_cat-wijnglazen-en-tumblers","7":"pa_afmetingen-h-8-cm--85-cm","8":"pa_eigenschappen-handgemaakt-en-vlambewerkt","9":"pa_eigenschappen-vaatwasserbestendig-op-lage-temperaturen-40-aanbevolen","10":"pa_functie-universeel-glas","11":"pa_kleur-product-zwart-transparant","12":"pa_land-van-herkomst-italie","13":"pa_materiaal-glas","14":"pa_merk-ichendorf-milano","15":"pa_ontwerper-alessandra-baldereschi","17":"first","18":"instock","19":"taxable","20":"shipping-taxable","21":"purchasable","22":"product-type-simple"},"_links":{"self":[{"href":"https:\/\/www.designenwijn.com\/de\/wp-json\/wp\/v2\/product\/72252","targetHints":{"allow":["GET"]}}],"collection":[{"href":"https:\/\/www.designenwijn.com\/de\/wp-json\/wp\/v2\/product"}],"about":[{"href":"https:\/\/www.designenwijn.com\/de\/wp-json\/wp\/v2\/types\/product"}],"replies":[{"embeddable":true,"href":"https:\/\/www.designenwijn.com\/de\/wp-json\/wp\/v2\/comments?post=72252"}],"version-history":[{"count":5,"href":"https:\/\/www.designenwijn.com\/de\/wp-json\/wp\/v2\/product\/72252\/revisions"}],"predecessor-version":[{"id":73349,"href":"https:\/\/www.designenwijn.com\/de\/wp-json\/wp\/v2\/product\/72252\/revisions\/73349"}],"wp:featuredmedia":[{"embeddable":true,"href":"https:\/\/www.designenwijn.com\/de\/wp-json\/wp\/v2\/media\/72308"}],"wp:attachment":[{"href":"https:\/\/www.designenwijn.com\/de\/wp-json\/wp\/v2\/media?parent=72252"}],"wp:term":[{"taxonomy":"product_brand","embeddable":true,"href":"https:\/\/www.designenwijn.com\/de\/wp-json\/wp\/v2\/product_brand?post=72252"},{"taxonomy":"product_cat","embeddable":true,"href":"https:\/\/www.designenwijn.com\/de\/wp-json\/wp\/v2\/product_cat?post=72252"},{"taxonomy":"product_tag","embeddable":true,"href":"https:\/\/www.designenwijn.com\/de\/wp-json\/wp\/v2\/product_tag?post=72252"}],"curies":[{"name":"wp","href":"https:\/\/api.w.org\/{rel}","templated":true}]}}