{"id":72553,"date":"2025-07-15T16:33:24","date_gmt":"2025-07-15T14:33:24","guid":{"rendered":"https:\/\/www.designenwijn.com\/product\/en-passant-bravoure\/"},"modified":"2025-12-31T11:13:11","modified_gmt":"2025-12-31T10:13:11","slug":"bravado-weingut-im-vorbeigehen","status":"publish","type":"product","link":"https:\/\/www.designenwijn.com\/de\/product\/bravoure-wijndomein-en-passant\/","title":{"rendered":"Bravoure \u2013 Weingut En Passant"},"content":{"rendered":"<p>Der Bravoure von Wijndomein En Passant ist ein robuster, charaktervoller Rotwein, der dunkle Fr\u00fcchte, Gew\u00fcrze und Eichenholzeinfl\u00fcsse wunderbar vereint. Hergestellt aus 100% Regent, einer kr\u00e4ftigen Rebsorte, die im niederl\u00e4ndischen Klima gedeiht. Der Wein hat eine tief dunkelrote Farbe, eine klare Struktur und eine volle Pers\u00f6nlichkeit. Ein Wein mit Mut, Kraft und Finesse.<\/p>\n<h5>Charakter und Aromen<\/h5>\n<p>In der Nase pr\u00e4sentiert sich Bravoure vollmundig und intensiv. Reife Beeren und schwarze Fr\u00fcchte werden von warmer W\u00fcrze und deutlichen Eichennoten begleitet. Der Wein reifte 24 Monate in amerikanischer Eiche, was Aromen von Vanille, Zeder und einem Hauch von Toast verleiht. Das Aroma ist reichhaltig und dennoch harmonisch.<\/p>\n<p>Am Gaumen ist Bravoure kraftvoll und dennoch ausgewogen. Eine leichte, frische S\u00e4ure verleiht ihm Lebendigkeit, die Tannine sorgen f\u00fcr Struktur und eine subtile Bitterkeit sorgt f\u00fcr Abwechslung. Der Alkoholgehalt von 13,51 TP3T ist wunderbar in den recht vollen K\u00f6rper integriert. Der Abgang ist lang, w\u00fcrzig und raffiniert.<\/p>\n<h5>Wie es hergestellt wird<\/h5>\n<p>Der Bravoure von Wijndomein En Passant wird ausschlie\u00dflich aus der Regent-Traube hergestellt, einer roten Rebsorte, die f\u00fcr ihre tiefe Farbe, Fruchtigkeit und Krankheitsresistenz bekannt ist. Nach sorgf\u00e4ltiger Auswahl und Handlese wird der Wein traditionell vinifiziert und anschlie\u00dfend 24 Monate in amerikanischer Eiche gereift. Dies verleiht dem Wein Tiefe, Kraft und internationalen Charakter, ohne seine niederl\u00e4ndische Herkunft zu verraten.<\/p>\n<h5>Passt gut zu<\/h5>\n<p>Dieser Wein passt hervorragend zu gegrilltem Steak, sch\u00f6n gebratenem rotem Fleisch oder Wildgerichten. Seine Struktur und W\u00fcrze erg\u00e4nzen die R\u00f6staromen und den vollen K\u00f6rper perfekt. Er passt auch gut zu herzhaften vegetarischen Gerichten wie gegrillten Auberginen oder Linseneintopf.<\/p>\n<h5>\u00dcber den Winzer<\/h5>\n<p>Der Winzer Andr\u00e9 Vink besitzt einen sehr kleinen Weinberg von nur 0,5 Hektar neben seinem Campingplatz. Andr\u00e9 ist ein wahres Beispiel f\u00fcr einen Winzer, der seinen Trauben im kleinen Ma\u00dfstab viel Zeit und Aufmerksamkeit widmet. Andr\u00e9 arbeitet mit manueller Auswahl und professioneller Beratung durch Winzer Stan Beurskens, der wei\u00df, wie man exzellente Weine herstellt. Andr\u00e9 ist von klassischen franz\u00f6sischen Weinen (straff, trocken, elegant) beeinflusst, bringt aber das zeel\u00e4ndische Terroir, den salzigen Wind und mineralische Noten in seine Weine ein. Andr\u00e9 ist auch ein Pionier mit seinen\u00a0<a href=\"https:\/\/www.designenwijn.com\/de\/produkt\/brut-de-mer-primeur-souvignier-gris-weingut-im-vorbeigehen\/\">Brut de Mer<\/a>Zusammen mit Stan Beurskens war er der erste niederl\u00e4ndische Winzer, der seinen Schaumwein im Meer reifen lie\u00df.<\/p>","protected":false},"excerpt":{"rendered":"<p>Der Bravoure \u2013 Wijndomein En Passant ist ein kr\u00e4ftiger, charaktervoller Rotwein, der dunkle Fr\u00fcchte, Gew\u00fcrze und Eichenholzeinfl\u00fcsse wunderbar vereint. Hergestellt aus der Rebsorte 100% Regent, einer kr\u00e4ftigen Rebsorte, die im niederl\u00e4ndischen Klima gedeiht. Der Wein hat eine tief dunkelrote Farbe, eine klare Struktur und eine ausgepr\u00e4gte Pers\u00f6nlichkeit. Ein Wein mit K\u00fchnheit, Kraft und Finesse.<\/p>\n<h5>Charakter und Aromen<\/h5>\n<p>In der Nase pr\u00e4sentiert sich Bravoure vollmundig und intensiv. Reife Beeren und schwarze Fr\u00fcchte werden von warmer W\u00fcrze und deutlichen Eichennoten begleitet. Der Wein reifte 24 Monate in amerikanischer Eiche, was Aromen von Vanille, Zeder und einem Hauch von Toast verleiht. Das Aroma ist reichhaltig und dennoch harmonisch.<\/p>\n<p>Am Gaumen ist Bravoure kraftvoll und dennoch ausgewogen. Eine leichte, frische S\u00e4ure verleiht ihm Lebendigkeit, die Tannine sorgen f\u00fcr Struktur und eine subtile Bitterkeit sorgt f\u00fcr Abwechslung. Der Alkoholgehalt von 13,51 TP3T ist wunderbar in den recht vollen K\u00f6rper integriert. Der Abgang ist lang, w\u00fcrzig und raffiniert.<\/p>\n<h5>Wie es hergestellt wird<\/h5>\n<p>Der Bravoure \u2013 Wijndomein En Passant wird ausschlie\u00dflich aus der Regent-Traube hergestellt, einer roten Rebsorte, die f\u00fcr ihre tiefe Farbe, Fruchtigkeit und Krankheitsresistenz bekannt ist. Nach sorgf\u00e4ltiger Auswahl und Handlese wird der Wein traditionell vinifiziert und reift anschlie\u00dfend 24 Monate in amerikanischer Eiche. Dies verleiht dem Wein Tiefe, Kraft und internationalen Charakter, ohne seine niederl\u00e4ndische Herkunft zu verleugnen.<\/p>\n<h5>Passt gut zu<\/h5>\n<p>Dieser Wein passt hervorragend zu gegrilltem Steak, sch\u00f6n gebratenem rotem Fleisch oder Wildgerichten. Seine Struktur und W\u00fcrze erg\u00e4nzen die R\u00f6staromen und den vollen K\u00f6rper perfekt. Er passt auch gut zu herzhaften vegetarischen Gerichten wie gegrillten Auberginen oder Linseneintopf.<\/p>\n<h5>\u00dcber den Winzer<\/h5>\n<p>Biene <a href=\"https:\/\/detoffepeer.com\/wijngaard\/\">Weingut En Passant<\/a> Es geht um Charakter, Handwerkskunst und Mut. Hier wird Wein hergestellt und eine Geschichte erz\u00e4hlt \u2013 \u00fcber Boden, Klima und Vision. Mit Bravoure beweist das Weingut, wie \u00fcberzeugend die Regent-Traube sein kann: kraftvoll, elegant und unverwechselbar einzigartig.<\/p>\n<h5>Abschluss<\/h5>\n<p>Bravoure ist ein kraftvoller Rotwein mit reifen Fr\u00fcchten, Gew\u00fcrzen und Eichennoten. Hergestellt aus Regent-Trauben und sorgf\u00e4ltig in Eichenf\u00e4ssern gereift. Ein Wein mit ausgepr\u00e4gtem Charakter, der perfekt zu Speisen passt oder pur genossen wird.<\/p>","protected":false},"featured_media":72562,"comment_status":"open","ping_status":"closed","template":"","meta":{"_et_pb_use_builder":"","_et_pb_old_content":"","_et_gb_content_width":"","footnotes":""},"product_brand":[],"product_cat":[57],"product_tag":[],"class_list":{"0":"post-72553","1":"product","2":"type-product","3":"status-publish","4":"has-post-thumbnail","6":"product_cat-nederlandse-rode-wijn","7":"pa_extras-alcoholpercentage-135-2","8":"pa_extras-inhoud-standaard-fles-075l","9":"pa_jaargang-504","10":"pa_kleur-nederlandse-rode-wijn","11":"pa_past-goed-bij-rood-vlees","12":"pa_prijs-25-tot-50-euro","13":"pa_provincie-zeeland","14":"pa_smaak-kruidig","15":"pa_wijnhuis-en-passant","17":"first","18":"outofstock","19":"taxable","20":"shipping-taxable","21":"purchasable","22":"product-type-simple"},"_links":{"self":[{"href":"https:\/\/www.designenwijn.com\/de\/wp-json\/wp\/v2\/product\/72553","targetHints":{"allow":["GET"]}}],"collection":[{"href":"https:\/\/www.designenwijn.com\/de\/wp-json\/wp\/v2\/product"}],"about":[{"href":"https:\/\/www.designenwijn.com\/de\/wp-json\/wp\/v2\/types\/product"}],"replies":[{"embeddable":true,"href":"https:\/\/www.designenwijn.com\/de\/wp-json\/wp\/v2\/comments?post=72553"}],"version-history":[{"count":7,"href":"https:\/\/www.designenwijn.com\/de\/wp-json\/wp\/v2\/product\/72553\/revisions"}],"predecessor-version":[{"id":74810,"href":"https:\/\/www.designenwijn.com\/de\/wp-json\/wp\/v2\/product\/72553\/revisions\/74810"}],"wp:featuredmedia":[{"embeddable":true,"href":"https:\/\/www.designenwijn.com\/de\/wp-json\/wp\/v2\/media\/72562"}],"wp:attachment":[{"href":"https:\/\/www.designenwijn.com\/de\/wp-json\/wp\/v2\/media?parent=72553"}],"wp:term":[{"taxonomy":"product_brand","embeddable":true,"href":"https:\/\/www.designenwijn.com\/de\/wp-json\/wp\/v2\/product_brand?post=72553"},{"taxonomy":"product_cat","embeddable":true,"href":"https:\/\/www.designenwijn.com\/de\/wp-json\/wp\/v2\/product_cat?post=72553"},{"taxonomy":"product_tag","embeddable":true,"href":"https:\/\/www.designenwijn.com\/de\/wp-json\/wp\/v2\/product_tag?post=72553"}],"curies":[{"name":"wp","href":"https:\/\/api.w.org\/{rel}","templated":true}]}}