{"id":74051,"date":"2025-08-21T13:54:53","date_gmt":"2025-08-21T11:54:53","guid":{"rendered":"https:\/\/www.designenwijn.com\/product\/bouquet-vaas-ottico-27-cm\/"},"modified":"2026-01-06T18:08:37","modified_gmt":"2026-01-06T17:08:37","slug":"blumenstrausvase-otico-27-cm","status":"publish","type":"product","link":"https:\/\/www.designenwijn.com\/de\/product\/bouquet-vaas-ottico-27-cm\/","title":{"rendered":"Ichendorf Milano \u2013 Ottico Bouquet Vase \u2013 27 cm"},"content":{"rendered":"<h5>\u00dcber das Produkt<\/h5>\n<p>Die Ichendorf Milano \u2013 Ottico Bouquet Vase ist eine wundersch\u00f6ne, handgefertigte und flammenbearbeitete Vase, ein elegantes Zusammenspiel aus hellem Glas und Handwerkskunst. Entworfen von Mist-O, aus der Bouquet Vasi Kollektion. Die Vase hat eine raffinierte Sanduhrform mit gerippter Textur und f\u00e4llt trotz ihrer Transparenz auf. Glas und Textur bringen jede Blume zur Geltung und machen sie zu einem echten Hingucker in jedem Raum.<\/p>\n<p>Mit einer H\u00f6he von 27 cm und einem Durchmesser von 9 cm hat die Vase ein schlankes, luftiges Profil, das m\u00fchelos auf einen Tisch, eine Kommode oder eine Fensterbank passt. Ideal f\u00fcr einzelne Stiele oder einen dezenten Blumenstrau\u00df.<\/p>\n<p>Jede Vase wird von Hand gefertigt und mit traditionellen Techniken veredelt. Das Ergebnis ist ein leichtes und dennoch robustes Glasst\u00fcck mit klarem, modernem Charakter. Durch die handwerkliche Fertigung ist jedes St\u00fcck ein Unikat. Um Klarheit und Textur optimal zu erhalten, wird Handw\u00e4sche empfohlen.<\/p>\n<p>Kombinieren Sie die Vase mit den Gl\u00e4sern aus der <a href=\"https:\/\/www.designenwijn.com\/de\/?s=ottico&amp;post_type=product&amp;dgwt_wcas=1\">Ottico-Kollektion<\/a> von <a href=\"https:\/\/www.ichendorfmilano.com\/en\/\" target=\"_blank\" rel=\"noopener\">Ichendorf Millano<\/a> und schaffen Sie mit sch\u00f6nem, hellem Glasgeschirr die perfekte Tischdekoration.<\/p>","protected":false},"excerpt":{"rendered":"<h5>\u00dcber das Produkt<\/h5>\n<p>Die Ichendorf Milano \u2013 Ottico Bouquet Vase ist eine wundersch\u00f6ne, handgefertigte und flammenbearbeitete Vase, ein elegantes Zusammenspiel aus hellem Glas und Handwerkskunst. Entworfen von Mist-O, aus der Bouquet Vasi Kollektion. Die Vase hat eine raffinierte Sanduhrform mit gerippter Textur und f\u00e4llt trotz ihrer Transparenz auf. Glas und Textur bringen jede Blume zur Geltung und machen sie zu einem echten Hingucker in jedem Raum.<\/p>\n<p>Mit einer H\u00f6he von 27 cm und einem Durchmesser von 9 cm hat die Vase ein schlankes, luftiges Profil, das m\u00fchelos auf einen Tisch, eine Kommode oder eine Fensterbank passt. Ideal f\u00fcr einzelne Stiele oder einen dezenten Blumenstrau\u00df.<\/p>\n<p>Jede Vase wird von Hand gefertigt und mit traditionellen Techniken veredelt. Das Ergebnis ist ein leichtes und dennoch robustes Glasst\u00fcck mit klarem, modernem Charakter. Durch die handwerkliche Fertigung ist jedes St\u00fcck ein Unikat. Um Klarheit und Textur optimal zu erhalten, wird Handw\u00e4sche empfohlen.<\/p>\n<p>Kombinieren Sie die Vase mit den Gl\u00e4sern aus der <a href=\"https:\/\/www.designenwijn.com\/de\/?s=ottico&amp;post_type=product&amp;dgwt_wcas=1\">Ottico-Kollektion<\/a> von <a href=\"https:\/\/www.ichendorfmilano.com\/en\/\">Ichendorf Millano<\/a> und schaffen Sie mit sch\u00f6nem, hellem Glasgeschirr die perfekte Tischdekoration.<\/p>","protected":false},"featured_media":74124,"comment_status":"open","ping_status":"closed","template":"","meta":{"_et_pb_use_builder":"","_et_pb_old_content":"","_et_gb_content_width":"","footnotes":""},"product_brand":[],"product_cat":[701],"product_tag":[],"class_list":{"0":"post-74051","1":"product","2":"type-product","3":"status-publish","4":"has-post-thumbnail","6":"product_cat-sfeervol-tafelen","7":"pa_afmetingen-h-27-cm--9-cm-2","8":"pa_eigenschappen-handgemaakt-en-vlambewerkt","9":"pa_eigenschappen-licht-glas-met-rilief","10":"pa_eigenschappen-vaatwasserbestendig-op-lage-temperaturen-40-aanbevolen","11":"pa_functie-vaas","12":"pa_kleur-product-transparant","13":"pa_land-van-herkomst-italie","14":"pa_materiaal-glas","15":"pa_merk-ichendorf-milano","16":"pa_ontwerper-mist-o","18":"first","19":"instock","20":"taxable","21":"shipping-taxable","22":"purchasable","23":"product-type-simple"},"_links":{"self":[{"href":"https:\/\/www.designenwijn.com\/de\/wp-json\/wp\/v2\/product\/74051","targetHints":{"allow":["GET"]}}],"collection":[{"href":"https:\/\/www.designenwijn.com\/de\/wp-json\/wp\/v2\/product"}],"about":[{"href":"https:\/\/www.designenwijn.com\/de\/wp-json\/wp\/v2\/types\/product"}],"replies":[{"embeddable":true,"href":"https:\/\/www.designenwijn.com\/de\/wp-json\/wp\/v2\/comments?post=74051"}],"version-history":[{"count":10,"href":"https:\/\/www.designenwijn.com\/de\/wp-json\/wp\/v2\/product\/74051\/revisions"}],"predecessor-version":[{"id":77143,"href":"https:\/\/www.designenwijn.com\/de\/wp-json\/wp\/v2\/product\/74051\/revisions\/77143"}],"wp:featuredmedia":[{"embeddable":true,"href":"https:\/\/www.designenwijn.com\/de\/wp-json\/wp\/v2\/media\/74124"}],"wp:attachment":[{"href":"https:\/\/www.designenwijn.com\/de\/wp-json\/wp\/v2\/media?parent=74051"}],"wp:term":[{"taxonomy":"product_brand","embeddable":true,"href":"https:\/\/www.designenwijn.com\/de\/wp-json\/wp\/v2\/product_brand?post=74051"},{"taxonomy":"product_cat","embeddable":true,"href":"https:\/\/www.designenwijn.com\/de\/wp-json\/wp\/v2\/product_cat?post=74051"},{"taxonomy":"product_tag","embeddable":true,"href":"https:\/\/www.designenwijn.com\/de\/wp-json\/wp\/v2\/product_tag?post=74051"}],"curies":[{"name":"wp","href":"https:\/\/api.w.org\/{rel}","templated":true}]}}