{"id":75572,"date":"2025-10-01T14:37:28","date_gmt":"2025-10-01T12:37:28","guid":{"rendered":"https:\/\/www.designenwijn.com\/?post_type=product&#038;p=75572"},"modified":"2026-04-18T11:08:05","modified_gmt":"2026-04-18T09:08:05","slug":"le-club-des-vins-pullover-champagner-bitte","status":"publish","type":"product","link":"https:\/\/www.designenwijn.com\/de\/product\/le-club-des-vins-trui-champagne-svp\/","title":{"rendered":"Le Club Des Vins \u2013 Pullover Champagner SVP"},"content":{"rendered":"<h5>\u00dcber das Produkt<\/h5>\n<p>Der Le Club Des Vins \u2013 Champagner-Pullover SVP (S&#039;il Vous Pla\u00eet) ist kein gew\u00f6hnlicher Pullover. Er passt m\u00fchelos vom Morgenkaffee zum Aperitif, von der Lernpause bis zur Reise nach Bordeaux. Nat\u00fcrlich hat man jederzeit Lust auf Wein und m\u00f6chte ihn zur Sprache bringen, ohne jedes Mal danach fragen zu m\u00fcssen. Es ist nicht ungew\u00f6hnlich, gegen 11:00 Uhr im Flugzeug in die franz\u00f6sischen Weinregionen ein Glas Wein zu trinken. \u201eEs ist ein Uhr vor Mitternacht, ist es da nicht schon 12?\u201c<\/p>\n<p>Die rosa Farbe ist subtil auff\u00e4llig, der Stoff atmet und bleibt sch\u00f6n, die Botschaft ist klar, selbstbewusst und perfekt ausbalanciert zwischen unbeschwert und zielstrebig: Champagne S&#039;il Vous Pla\u00eet. Nicht als Witz, sondern als Lebensmotto. Es ist Kleidung mit Substanz, genau wie der Wein, den man dazu trinkt. Keine Modeerscheinung, kein Saisonartikel, sondern ein Grundnahrungsmittel f\u00fcr alle, die ein Faible f\u00fcr edle Stoffe, ethische Produktion und bessere Bl\u00e4schen haben.<\/p>\n<p>Der rosa Pullover f\u00fchlt sich weich an und hat dennoch Charakter. Er besteht aus 100% Bio-Baumwolle, die unter Fair-Trade-Bedingungen hergestellt wurde. Dieser Pullover wurde nach der gleichen Philosophie wie ein guter Wein entworfen: ehrliche Zutaten, sorgf\u00e4ltige Herstellung und Langlebigkeit.<\/p>\n<p>Dieser Pullover ist perfekt f\u00fcr jeden Anlass. Er ist bequem f\u00fcr Ihre Weinpr\u00fcfung, aber eng genug, um sich nicht wie ein ausgebeulter Pullover anzuf\u00fchlen. Sie k\u00f6nnen ihn auf der Couch tragen, w\u00e4hrend Sie niederl\u00e4ndische Weine entdecken, oder ihn als Schutzschicht in Ihren Koffer packen, um Flaschen darauf abzustellen, nachdem Sie auf Reisen ein paar Weine gekauft haben. Er ist perfekt f\u00fcr eine lange Zugfahrt ins Weinland, einen flotten Morgenspaziergang durch die Weinberge oder einfach einen Sonntagnachmittag in Ihrer Lieblingsweinbar, wo Sie immer etwas l\u00e4nger verweilen als geplant. Dieser Pullover macht jeden Moment lebendig und lebendig.<\/p>\n<p>Entdecken Sie weitere Produkte von <a href=\"https:\/\/leclubdesvins.com\/\" target=\"_blank\" rel=\"noopener\">Der Club Des Vins<\/a> In <a href=\"https:\/\/www.designenwijn.com\/de\/?s=le+club+des+vins&amp;post_type=product&amp;dgwt_wcas=1\">unsere Sammlung, <\/a>und sehen Sie sich auch die anderen Varianten mit den Texten \u201eYou have your own cork\u201c und \u201ePotverdejo\u201c an.<\/p>","protected":false},"excerpt":{"rendered":"<h5>\u00dcber das Produkt<\/h5>\n<p>Der Le Club Des Vins \u2013 Champagner-Pullover SVP (S&#039;il Vous Pla\u00eet) ist kein gew\u00f6hnlicher Pullover. Er passt m\u00fchelos vom Morgenkaffee zum Aperitif, von der Lernpause bis zur Reise nach Bordeaux. Nat\u00fcrlich hat man jederzeit Lust auf Wein und m\u00f6chte ihn zur Sprache bringen, ohne jedes Mal danach fragen zu m\u00fcssen. Es ist nicht ungew\u00f6hnlich, gegen 11:00 Uhr im Flugzeug in die franz\u00f6sischen Weinregionen ein Glas Wein zu trinken. \u201eEs ist ein Uhr vor Mitternacht, ist es da nicht schon 12?\u201c<\/p>\n<p>Die rosa Farbe ist subtil auff\u00e4llig, der Stoff atmet und bleibt sch\u00f6n, die Botschaft ist klar, selbstbewusst und perfekt ausbalanciert zwischen unbeschwert und zielstrebig: Champagne S&#039;il Vous Pla\u00eet. Nicht als Witz, sondern als Lebensmotto. Es ist Kleidung mit Substanz, genau wie der Wein, den man dazu trinkt. Keine Modeerscheinung, kein Saisonartikel, sondern ein Grundnahrungsmittel f\u00fcr alle, die ein Faible f\u00fcr edle Stoffe, ethische Produktion und bessere Bl\u00e4schen haben.<\/p>\n<p>De trui heeft een zachte uitstraling door de roze kleur, maar met karakter.\u00a0 Het materiaal van de trui bestaat voor 100% uit biologisch katoen, geproduceerd onder Fair-Trade voorwaarden. Deze trui is ontwikkeld met dezelfde overtuiging als een goede wijn: eerlijke ingredi\u00ebnten, zorgvuldige productie en bedoeld om lang mee te gaan.<\/p>\n<p>Dieser Pullover ist perfekt f\u00fcr jeden Anlass. Er ist bequem f\u00fcr Ihre Weinpr\u00fcfung, aber eng genug, um sich nicht wie ein ausgebeulter Pullover anzuf\u00fchlen. Sie k\u00f6nnen ihn auf der Couch tragen, w\u00e4hrend Sie niederl\u00e4ndische Weine entdecken, oder ihn als Schutzschicht in Ihren Koffer packen, um Flaschen darauf abzustellen, nachdem Sie auf Reisen ein paar Weine gekauft haben. Er ist perfekt f\u00fcr eine lange Zugfahrt ins Weinland, einen flotten Morgenspaziergang durch die Weinberge oder einfach einen Sonntagnachmittag in Ihrer Lieblingsweinbar, wo Sie immer etwas l\u00e4nger verweilen als geplant. Dieser Pullover macht jeden Moment lebendig und lebendig.<\/p>\n<p>Entdecken Sie weitere Produkte von <a href=\"https:\/\/leclubdesvins.com\/\">Der Club Des Vins<\/a> In <a href=\"https:\/\/www.designenwijn.com\/de\/?s=le+club+des+vins&amp;post_type=product&amp;dgwt_wcas=1\">unsere Sammlung, <\/a>und sehen Sie sich auch die anderen Varianten mit den Texten \u201eYou have your own cork\u201c und \u201ePotverdejo\u201c an.<\/p>","protected":false},"featured_media":75583,"comment_status":"open","ping_status":"closed","template":"","meta":{"_et_pb_use_builder":"","_et_pb_old_content":"","_et_gb_content_width":"","footnotes":""},"product_brand":[],"product_cat":[817,520],"product_tag":[],"class_list":{"0":"post-75572","1":"product","2":"type-product","3":"status-publish","4":"has-post-thumbnail","6":"product_cat-overige-wijnaccessoires","7":"product_cat-wijn-accessoires","8":"pa_kleur-product-roze","9":"pa_land-van-herkomst-nederland","10":"pa_materiaal-100-biologisch-katoen","11":"pa_merk-le-club-des-vins","13":"first","14":"instock","15":"taxable","16":"shipping-taxable","17":"purchasable","18":"product-type-variable"},"_links":{"self":[{"href":"https:\/\/www.designenwijn.com\/de\/wp-json\/wp\/v2\/product\/75572","targetHints":{"allow":["GET"]}}],"collection":[{"href":"https:\/\/www.designenwijn.com\/de\/wp-json\/wp\/v2\/product"}],"about":[{"href":"https:\/\/www.designenwijn.com\/de\/wp-json\/wp\/v2\/types\/product"}],"replies":[{"embeddable":true,"href":"https:\/\/www.designenwijn.com\/de\/wp-json\/wp\/v2\/comments?post=75572"}],"version-history":[{"count":6,"href":"https:\/\/www.designenwijn.com\/de\/wp-json\/wp\/v2\/product\/75572\/revisions"}],"predecessor-version":[{"id":75960,"href":"https:\/\/www.designenwijn.com\/de\/wp-json\/wp\/v2\/product\/75572\/revisions\/75960"}],"wp:featuredmedia":[{"embeddable":true,"href":"https:\/\/www.designenwijn.com\/de\/wp-json\/wp\/v2\/media\/75583"}],"wp:attachment":[{"href":"https:\/\/www.designenwijn.com\/de\/wp-json\/wp\/v2\/media?parent=75572"}],"wp:term":[{"taxonomy":"product_brand","embeddable":true,"href":"https:\/\/www.designenwijn.com\/de\/wp-json\/wp\/v2\/product_brand?post=75572"},{"taxonomy":"product_cat","embeddable":true,"href":"https:\/\/www.designenwijn.com\/de\/wp-json\/wp\/v2\/product_cat?post=75572"},{"taxonomy":"product_tag","embeddable":true,"href":"https:\/\/www.designenwijn.com\/de\/wp-json\/wp\/v2\/product_tag?post=75572"}],"curies":[{"name":"wp","href":"https:\/\/api.w.org\/{rel}","templated":true}]}}