{"id":75577,"date":"2025-10-01T15:22:52","date_gmt":"2025-10-01T13:22:52","guid":{"rendered":"https:\/\/www.designenwijn.com\/?post_type=product&#038;p=75577"},"modified":"2026-02-28T16:14:13","modified_gmt":"2026-02-28T15:14:13","slug":"le-club-des-vins-trikot-potverdejo","status":"publish","type":"product","link":"https:\/\/www.designenwijn.com\/de\/product\/le-club-des-vins-trui-potverdejo\/","title":{"rendered":"Le Club Des Vins \u2013 Pullover Potverdejo"},"content":{"rendered":"","protected":false},"excerpt":{"rendered":"<h5>\u00dcber das Produkt<\/h5>\n<p>Dieser Le Club Des Vins \u2013 Potverdejo Sweater ist der perfekte Pullover f\u00fcr die Momente, in denen Ihr Weinherz klopft. Endlich ist man bei der Weinprobe, voller Vorfreude, und bekommt einen warmen Chardonnay in einem Plastikglas gereicht. Potverdejo. Endlich bestellt man ein Glas Ros\u00e9, um den Sommer einzul\u00e4uten, auch wenn die Sonne nicht scheint. Potverdejo! Jemand sagt allen Ernstes: \u201eIch mag Wein, solange er s\u00fc\u00df ist.\u201c Potverdejo!<\/p>\n<p>Der Le Club Des Vins \u2013 Trui Potverdejo ist ein Witz, aber auch eine Reaktion, wenn man seine Verkostungsnotizen von einer Blindverkostung noch einmal liest und feststellt, dass man Sauvignon mit Riesling verwechselt hat. Wenn man wieder den Fehler macht, Weinflaschen selbstbewusst in einer Papiert\u00fcte mit der Hand zu tragen. Wenn der Weinkurs drei Wochen fr\u00fcher beginnt als erwartet. Potverdejo ist der Seufzer des vom Pech verfolgten Enthusiasten und gleichzeitig ein Motto f\u00fcr alle, die ihre Liebe zum Wein nicht allzu ernst nehmen wollen.<\/p>\n<p>So viel zum Kern der Sache. Der Pullover selbst ist unglaublich strapazierf\u00e4hig und unter Fair-Trade-Bedingungen hergestellt. Der rosa Pullover verleiht dem Pullover auf farbenfrohe Weise Charakter und ist innen wunderbar weich. Dieser Pullover wurde mit der gleichen \u00dcberzeugung entwickelt wie ein edler Wein: ehrliche Zutaten, sorgf\u00e4ltige Herstellung und auf Langlebigkeit ausgelegt. Die Passform ist die perfekte Balance zwischen l\u00e4ssig und elegant. Nicht zu eng, nicht zu weit. Einfach einer dieser Pullover, die man anzieht, vergisst, dass man sie tr\u00e4gt, und am Ende des Tages merkt, dass man sie morgen wieder tragen m\u00f6chte. Verdammt, zur\u00fcck in die W\u00e4sche.<\/p>\n<p>Dieser Pullover ist perfekt f\u00fcr jeden Anlass. Er ist bequem f\u00fcr Ihre Weinpr\u00fcfung, aber eng genug, um sich nicht wie ein ausgebeulter Pullover anzuf\u00fchlen. Sie k\u00f6nnen ihn auf der Couch tragen, w\u00e4hrend Sie niederl\u00e4ndische Weine entdecken, oder ihn als Schutzschicht in Ihren Koffer packen, um Flaschen darauf abzustellen, nachdem Sie auf Reisen ein paar Weine gekauft haben. Er ist perfekt f\u00fcr eine lange Zugfahrt ins Weinland, einen flotten Morgenspaziergang durch die Weinberge oder einfach einen Sonntagnachmittag in Ihrer Lieblingsweinbar, wo Sie immer etwas l\u00e4nger verweilen als geplant. Dieser Pullover macht jeden Moment lebendig und lebendig.<\/p>\n<p>Entdecken Sie weitere Produkte von <a href=\"https:\/\/leclubdesvins.com\/\">Der Club Des Vins<\/a> In <a href=\"https:\/\/www.designenwijn.com\/de\/?s=le+club+des+vins&amp;post_type=product&amp;dgwt_wcas=1\">unsere Sammlung, <\/a>und sehen Sie sich auch die anderen Varianten mit den Texten \u201eYou have your own cork\u201c und \u201eChampagne S\u2019il Vous Pla\u00eet\u201c an.<\/p>","protected":false},"featured_media":75585,"comment_status":"open","ping_status":"closed","template":"","meta":{"_et_pb_use_builder":"","_et_pb_old_content":"","_et_gb_content_width":"","footnotes":""},"product_brand":[],"product_cat":[817,520],"product_tag":[],"class_list":{"0":"post-75577","1":"product","2":"type-product","3":"status-publish","4":"has-post-thumbnail","6":"product_cat-overige-wijnaccessoires","7":"product_cat-wijn-accessoires","8":"pa_kleur-product-roze","9":"pa_land-van-herkomst-nederland","10":"pa_materiaal-100-biologisch-katoen","11":"pa_merk-le-club-des-vins","13":"first","14":"instock","15":"taxable","16":"shipping-taxable","17":"purchasable","18":"product-type-variable"},"_links":{"self":[{"href":"https:\/\/www.designenwijn.com\/de\/wp-json\/wp\/v2\/product\/75577","targetHints":{"allow":["GET"]}}],"collection":[{"href":"https:\/\/www.designenwijn.com\/de\/wp-json\/wp\/v2\/product"}],"about":[{"href":"https:\/\/www.designenwijn.com\/de\/wp-json\/wp\/v2\/types\/product"}],"replies":[{"embeddable":true,"href":"https:\/\/www.designenwijn.com\/de\/wp-json\/wp\/v2\/comments?post=75577"}],"version-history":[{"count":7,"href":"https:\/\/www.designenwijn.com\/de\/wp-json\/wp\/v2\/product\/75577\/revisions"}],"predecessor-version":[{"id":75927,"href":"https:\/\/www.designenwijn.com\/de\/wp-json\/wp\/v2\/product\/75577\/revisions\/75927"}],"wp:featuredmedia":[{"embeddable":true,"href":"https:\/\/www.designenwijn.com\/de\/wp-json\/wp\/v2\/media\/75585"}],"wp:attachment":[{"href":"https:\/\/www.designenwijn.com\/de\/wp-json\/wp\/v2\/media?parent=75577"}],"wp:term":[{"taxonomy":"product_brand","embeddable":true,"href":"https:\/\/www.designenwijn.com\/de\/wp-json\/wp\/v2\/product_brand?post=75577"},{"taxonomy":"product_cat","embeddable":true,"href":"https:\/\/www.designenwijn.com\/de\/wp-json\/wp\/v2\/product_cat?post=75577"},{"taxonomy":"product_tag","embeddable":true,"href":"https:\/\/www.designenwijn.com\/de\/wp-json\/wp\/v2\/product_tag?post=75577"}],"curies":[{"name":"wp","href":"https:\/\/api.w.org\/{rel}","templated":true}]}}