{"id":75808,"date":"2025-10-18T17:34:30","date_gmt":"2025-10-18T15:34:30","guid":{"rendered":"https:\/\/www.designenwijn.com\/product\/ichendorf-milano-wijnglas-blauwe-cactus\/"},"modified":"2026-03-25T15:41:11","modified_gmt":"2026-03-25T14:41:11","slug":"ichendorf-milano-wustenpflanzen-weinglas-kaktus-blau","status":"publish","type":"product","link":"https:\/\/www.designenwijn.com\/de\/product\/ichendorf-milano-desert-plants-wijnglas-cactus-blauw\/","title":{"rendered":"Ichendorf Milano W\u00fcstenpflanzen \u2013 Weinglaskaktus \u2013 Blau"},"content":{"rendered":"<h5>\u00dcber das Produkt<\/h5>\n<p>Das Ichendorf Milano Desert Plants \u2013 Cactus Weinglas \u2013 Blau ist eine raffinierte Kombination aus italienischer Handwerkskunst und verspieltem, organischem Design. Das Glas wurde entworfen von <a href=\"https:\/\/www.ichendorfmilano.com\/en\/designers\/alessandra-baldereschi\/\" target=\"_blank\" rel=\"noopener\">Alessandra Baldereschi<\/a>, eine vielseitige und international anerkannte italienische Designerin, die f\u00fcr ihre poetischen, organischen Entw\u00fcrfe bekannt ist, welche Funktionalit\u00e4t und \u00c4sthetik vereinen. <a href=\"https:\/\/www.ichendorfmilano.com\/en\/\" target=\"_blank\" rel=\"noopener\">Ichendorf Milano<\/a> ist seit vielen Jahren ein internationaler Name in der Welt des modernen Glasdesigns, und mit der Desert Plants Kollektion wird dies auf wunderbare Weise sichtbar: Glaswaren, die Design, Finesse und eine wiedererkennbare Handschrift ausstrahlen.<\/p>\n<p>Das Weinglas ist handgefertigt aus Borosilikatglas und wurde mit viel Liebe zum Detail und Lumens-Technik geformt und skulptiert, wodurch jedes St\u00fcck ein Unikat ist. Ein zarter blauer Kaktus, der im schlanken Stiel w\u00e4chst, ist ein \u00fcberraschendes Detail und erinnert an Leben und Farbe in einer trockenen W\u00fcste. Das sanfte Blau verleiht dem Glas eine elegante und moderne Optik, die sowohl zu einem minimalistischen Interieur als auch zu einer farbenfrohen Tischdekoration passt.<\/p>\n<p>Sekt und elegante, farbenfrohe Cocktails schaffen eine festliche Atmosph\u00e4re, in der der Kaktus im Mittelpunkt steht, beispielsweise bei einem Abendessen oder einem Drink, w\u00e4hrend die Sonne langsam hinter den D\u00fcnen versinkt. Das Beste daran: Dieser Kaktus ist makellos und verleiht dem Ganzen zus\u00e4tzlichen Charme \u2013 ein Detail, bei dem Luxus und Natur harmonisch verschmelzen.<\/p>\n<p>Mit einer H\u00f6he von 22 cm und einem Durchmesser von 9 cm liegt das Glas angenehm in der Hand und besticht durch seine elegante, harmonische Form. Es ist sp\u00fclmaschinenfest bis 40 \u00b0C. Beim Abwaschen von Hand ist es wichtig, das Glas am Kelch zu fassen und den Stiel nicht zu drehen. So bleibt die zarte Kaktusform perfekt erhalten und das Glas kann \u00fcber Generationen hinweg gesch\u00e4tzt werden.<\/p>\n<p>Das Ichendorf Milano Desert Plants \u2013 Cactus Weinglas \u2013 Blau l\u00e4dt zum Genie\u00dfen, Bewundern und Tr\u00e4umen ein. Ein Glas, das zeigt, dass selbst in der Einfachheit der W\u00fcste etwas Besonderes erbl\u00fchen kann. Ein Muss f\u00fcr Liebhaber italienischen Designs, einzigartiger Glasobjekte und stimmungsvoller Tischdekorationen. <a href=\"https:\/\/www.designenwijn.com\/de\/?s=ichendorf+milano+desert+plants&amp;post_type=product&amp;dgwt_wcas=1\">Hier<\/a> sowie die anderen Varianten und Farben der Desert Plants Kollektion.<\/p>\n<p><a href=\"https:\/\/www.designenwijn.com\/wp-content\/uploads\/2026\/01\/Ichendorf-Milano-Desert-Plants-Wijnglas-Cactus-Caribisch-Blauw.jpg\"><img decoding=\"async\" class=\"wp-image-77440\" src=\"https:\/\/www.designenwijn.com\/wp-content\/uploads\/2026\/01\/Ichendorf-Milano-Desert-Plants-Wijnglas-Cactus-Caribisch-Blauw.jpg\" alt=\"Ichendorf Milano W\u00fcstenpflanzen \u2013 Weinglas-Kaktus \u2013 Karibikblau \u2013 Design &amp; Wein \u2013 Amsterdam \u2013 Niederl\u00e4ndischer Wein \u2013 Verkostung \u2013 Design-Accessoires\" width=\"200\" height=\"200\" \/><\/a><\/p>\n<p><a href=\"https:\/\/www.designenwijn.com\/wp-content\/uploads\/2026\/01\/Ichendorf-Milano-Desert-Plants-Champagnecoupe-Cactus-Geel.jpg\"><img decoding=\"async\" class=\"wp-image-77434\" src=\"https:\/\/www.designenwijn.com\/wp-content\/uploads\/2026\/01\/Ichendorf-Milano-Desert-Plants-Champagnecoupe-Cactus-Geel.jpg\" alt=\"Ichendorf Milano W\u00fcstenpflanzen \u2013 Champagner-Coupe-Kaktus \u2013 Gelb \u2013 Design &amp; Wein \u2013 Amsterdam \u2013 Niederl\u00e4ndischer Wein \u2013 Verkostung \u2013 Design-Accessoires\" width=\"200\" height=\"200\" \/><\/a><\/p>","protected":false},"excerpt":{"rendered":"<h5>\u00dcber das Produkt<\/h5>\n<p>Das Ichendorf Milano Desert Plants \u2013 Cactus Weinglas \u2013 Blau ist eine raffinierte Kombination aus italienischer Handwerkskunst und verspieltem, organischem Design. Das Glas wurde entworfen von <a href=\"https:\/\/www.ichendorfmilano.com\/en\/designers\/alessandra-baldereschi\/\">Alessandra Baldereschi<\/a>, eine vielseitige und international anerkannte italienische Designerin, die f\u00fcr ihre poetischen, organischen Entw\u00fcrfe bekannt ist, welche Funktionalit\u00e4t und \u00c4sthetik vereinen. <a href=\"https:\/\/www.ichendorfmilano.com\/en\/\">Ichendorf Milano<\/a> ist seit vielen Jahren ein internationaler Name in der Welt des modernen Glasdesigns, und mit der Desert Plants Kollektion wird dies auf wunderbare Weise sichtbar: Glaswaren, die Design, Finesse und eine wiedererkennbare Handschrift ausstrahlen.<\/p>\n<p>Das Weinglas ist handgefertigt aus Borosilikatglas und wurde mit viel Liebe zum Detail und Lumens-Technik geformt und skulptiert, wodurch jedes St\u00fcck ein Unikat ist. Ein zarter blauer Kaktus, der im schlanken Stiel w\u00e4chst, ist ein \u00fcberraschendes Detail und erinnert an Leben und Farbe in einer trockenen W\u00fcste. Das sanfte Blau verleiht dem Glas eine elegante und moderne Optik, die sowohl zu einem minimalistischen Interieur als auch zu einer farbenfrohen Tischdekoration passt.<\/p>\n<p>Sekt und elegante, farbenfrohe Cocktails schaffen eine festliche Atmosph\u00e4re, in der der Kaktus im Mittelpunkt steht, beispielsweise bei einem Abendessen oder einem Drink, w\u00e4hrend die Sonne langsam hinter den D\u00fcnen versinkt. Das Beste daran: Dieser Kaktus ist makellos und verleiht dem Ganzen zus\u00e4tzlichen Charme \u2013 ein Detail, bei dem Luxus und Natur harmonisch verschmelzen.<\/p>\n<p>Mit einer H\u00f6he von 22 cm und einem Durchmesser von 9 cm liegt das Glas angenehm in der Hand und besticht durch seine elegante, harmonische Form. Es ist sp\u00fclmaschinenfest bis 40 \u00b0C. Beim Abwaschen von Hand ist es wichtig, das Glas am Kelch zu fassen und den Stiel nicht zu drehen. So bleibt die zarte Kaktusform perfekt erhalten und das Glas kann \u00fcber Generationen hinweg gesch\u00e4tzt werden.<\/p>\n<p>Das Ichendorf Milano Desert Plants \u2013 Cactus Weinglas \u2013 Blau l\u00e4dt zum Genie\u00dfen, Bewundern und Tr\u00e4umen ein. Ein Glas, das zeigt, dass selbst in der Einfachheit der W\u00fcste etwas Besonderes erbl\u00fchen kann. Ein Muss f\u00fcr Liebhaber italienischen Designs, einzigartiger Glasobjekte und stimmungsvoller Tischdekorationen. <a href=\"https:\/\/www.designenwijn.com\/de\/?s=ichendorf+milano+desert+plants&amp;post_type=product&amp;dgwt_wcas=1\">Hier<\/a> sowie die anderen Varianten und Farben der Desert Plants Kollektion.<\/p>\n<p><a href=\"https:\/\/www.designenwijn.com\/wp-content\/uploads\/2026\/01\/Ichendorf-Milano-Desert-Plants-Wijnglas-Cactus-Caribisch-Blauw.jpg\"><img decoding=\"async\" class=\"wp-image-77440\" src=\"https:\/\/www.designenwijn.com\/wp-content\/uploads\/2026\/01\/Ichendorf-Milano-Desert-Plants-Wijnglas-Cactus-Caribisch-Blauw.jpg\" alt=\"Ichendorf Milano W\u00fcstenpflanzen \u2013 Weinglas-Kaktus \u2013 Karibikblau \u2013 Design &amp; Wein \u2013 Amsterdam \u2013 Niederl\u00e4ndischer Wein \u2013 Verkostung \u2013 Design-Accessoires\" width=\"200\" height=\"200\" \/><\/a><\/p>\n<p><a href=\"https:\/\/www.designenwijn.com\/wp-content\/uploads\/2026\/01\/Ichendorf-Milano-Desert-Plants-Champagnecoupe-Cactus-Geel.jpg\"><img decoding=\"async\" class=\"wp-image-77434\" src=\"https:\/\/www.designenwijn.com\/wp-content\/uploads\/2026\/01\/Ichendorf-Milano-Desert-Plants-Champagnecoupe-Cactus-Geel.jpg\" alt=\"Ichendorf Milano W\u00fcstenpflanzen \u2013 Champagner-Coupe-Kaktus \u2013 Gelb \u2013 Design &amp; Wein \u2013 Amsterdam \u2013 Niederl\u00e4ndischer Wein \u2013 Verkostung \u2013 Design-Accessoires\" width=\"200\" height=\"200\" \/><\/a><\/p>\n<p>&nbsp;<\/p>","protected":false},"featured_media":77439,"comment_status":"open","ping_status":"closed","template":"","meta":{"_et_pb_use_builder":"","_et_pb_old_content":"","_et_gb_content_width":"","footnotes":""},"product_brand":[],"product_cat":[474],"product_tag":[],"class_list":{"0":"post-75808","1":"product","2":"type-product","3":"status-publish","4":"has-post-thumbnail","6":"product_cat-wijnglazen-en-tumblers","7":"pa_afmetingen-h-22-cm-o-9-cm","8":"pa_functie-wijnglas","9":"pa_kleur-product-blauw","10":"pa_kleur-product-transparant","11":"pa_land-van-herkomst-italie","12":"pa_materiaal-borosilicaatglas","13":"pa_merk-ichendorf-milano","14":"pa_ontwerper-alessandra-baldereschi","16":"first","17":"instock","18":"taxable","19":"shipping-taxable","20":"purchasable","21":"product-type-simple"},"_links":{"self":[{"href":"https:\/\/www.designenwijn.com\/de\/wp-json\/wp\/v2\/product\/75808","targetHints":{"allow":["GET"]}}],"collection":[{"href":"https:\/\/www.designenwijn.com\/de\/wp-json\/wp\/v2\/product"}],"about":[{"href":"https:\/\/www.designenwijn.com\/de\/wp-json\/wp\/v2\/types\/product"}],"replies":[{"embeddable":true,"href":"https:\/\/www.designenwijn.com\/de\/wp-json\/wp\/v2\/comments?post=75808"}],"version-history":[{"count":5,"href":"https:\/\/www.designenwijn.com\/de\/wp-json\/wp\/v2\/product\/75808\/revisions"}],"predecessor-version":[{"id":77477,"href":"https:\/\/www.designenwijn.com\/de\/wp-json\/wp\/v2\/product\/75808\/revisions\/77477"}],"wp:featuredmedia":[{"embeddable":true,"href":"https:\/\/www.designenwijn.com\/de\/wp-json\/wp\/v2\/media\/77439"}],"wp:attachment":[{"href":"https:\/\/www.designenwijn.com\/de\/wp-json\/wp\/v2\/media?parent=75808"}],"wp:term":[{"taxonomy":"product_brand","embeddable":true,"href":"https:\/\/www.designenwijn.com\/de\/wp-json\/wp\/v2\/product_brand?post=75808"},{"taxonomy":"product_cat","embeddable":true,"href":"https:\/\/www.designenwijn.com\/de\/wp-json\/wp\/v2\/product_cat?post=75808"},{"taxonomy":"product_tag","embeddable":true,"href":"https:\/\/www.designenwijn.com\/de\/wp-json\/wp\/v2\/product_tag?post=75808"}],"curies":[{"name":"wp","href":"https:\/\/api.w.org\/{rel}","templated":true}]}}