{"id":75810,"date":"2025-10-18T17:34:37","date_gmt":"2025-10-18T15:34:37","guid":{"rendered":"https:\/\/www.designenwijn.com\/product\/ichendorf-milano-wijnglas-gele-cactus\/"},"modified":"2026-03-25T15:41:31","modified_gmt":"2026-03-25T14:41:31","slug":"ichendorf-milano-wustenpflanzen-weinglas-kaktus-gelb","status":"publish","type":"product","link":"https:\/\/www.designenwijn.com\/de\/product\/ichendorf-milano-desert-plants-wijnglas-cactus-geel\/","title":{"rendered":"Ichendorf Milano W\u00fcstenpflanzen \u2013 Weinglaskaktus \u2013 Gelb"},"content":{"rendered":"<h5>\u00dcber das Produkt<\/h5>\n<p>Das Ichendorf Milano Desert Plants \u2013 Cactus Weinglas \u2013 Gelb ist eine raffinierte Kombination aus italienischer Handwerkskunst und verspieltem, organischem Design. Das Glas wurde von \u2026 entworfen. <a href=\"https:\/\/www.ichendorfmilano.com\/en\/designers\/alessandra-baldereschi\/\" target=\"_blank\" rel=\"noopener\">Alessandra Baldereschi<\/a>, eine vielseitige und international anerkannte italienische Designerin, die f\u00fcr ihre poetischen, organischen Entw\u00fcrfe bekannt ist, welche Funktionalit\u00e4t und \u00c4sthetik vereinen. <a href=\"https:\/\/www.ichendorfmilano.com\/en\/\" target=\"_blank\" rel=\"noopener\">Ichendorf Milano<\/a> ist seit vielen Jahren ein internationaler Name in der Welt des modernen Glasdesigns, und mit der Desert Plants Kollektion wird dies auf wunderbare Weise sichtbar: Glaswaren, die Design, Finesse und eine wiedererkennbare Handschrift ausstrahlen.<\/p>\n<p>Dieses handgefertigte Weinglas aus Borosilikatglas ist sorgf\u00e4ltig geformt und mit Lumens verziert, wodurch jedes St\u00fcck ein Unikat ist. Ein zarter gelber Kaktus w\u00e4chst im schlanken Stiel \u2013 ein \u00fcberraschendes Detail, das an die Farbenpracht der W\u00fcste erinnert. Der sanfte Gelbton verleiht dem Glas eine elegante und moderne Optik, die sowohl zu einem minimalistischen Interieur als auch zu einer farbenfrohen Tischdekoration passt.<\/p>\n<p>Sekt und elegante, farbenfrohe Cocktails schaffen eine festliche Atmosph\u00e4re, in der der Kaktus im Mittelpunkt steht, beispielsweise bei einem Abendessen oder einem Drink, w\u00e4hrend die Sonne langsam hinter den D\u00fcnen versinkt. Das Beste daran: Dieser Kaktus ist makellos und verleiht dem Ganzen zus\u00e4tzlichen Charme \u2013 ein Detail, bei dem Luxus und Natur harmonisch verschmelzen.<\/p>\n<p>Mit einer H\u00f6he von 22 cm und einem Durchmesser von 9 cm liegt das Glas angenehm in der Hand und besticht durch seine elegante, harmonische Form. Es ist sp\u00fclmaschinenfest bis 40 \u00b0C. Beim Abwaschen von Hand ist es wichtig, das Glas am Kelch zu fassen und den Stiel nicht zu drehen. So bleibt die zarte Kaktusform perfekt erhalten und das Glas kann \u00fcber Generationen hinweg gesch\u00e4tzt werden.<\/p>\n<p>Das Ichendorf Milano Desert Plants \u2013 Cactus Weinglas \u2013 Gelb l\u00e4dt zum Genie\u00dfen, Bewundern und Tr\u00e4umen ein. Ein Glas, das zeigt, dass selbst in der Einfachheit der W\u00fcste etwas Besonderes erbl\u00fchen kann. Ein Must-have f\u00fcr Liebhaber italienischen Designs, einzigartiger Glasobjekte und stimmungsvoller Tischdekorationen. <a href=\"https:\/\/www.designenwijn.com\/de\/?s=ichendorf+milano+desert+plants&amp;post_type=product&amp;dgwt_wcas=1\">Hier<\/a> sowie die anderen Varianten und Farben der Desert Plants Kollektion.<\/p>\n<p><a href=\"https:\/\/www.designenwijn.com\/wp-content\/uploads\/2026\/01\/Ichendorf-Milano-Desert-Plants-Wijnglas-Cactus-Green.jpg\"><img decoding=\"async\" class=\"wp-image-77442\" src=\"https:\/\/www.designenwijn.com\/wp-content\/uploads\/2026\/01\/Ichendorf-Milano-Desert-Plants-Wijnglas-Cactus-Green.jpg\" alt=\"Ichendorf Milano W\u00fcstenpflanzen \u2013 Weinglas-Kaktus \u2013 Gr\u00fcn \u2013 Design &amp; Wein \u2013 Amsterdam \u2013 Niederl\u00e4ndischer Wein \u2013 Verkostung \u2013 Design-Accessoires\" width=\"200\" height=\"200\" \/><\/a><\/p>\n<p><a href=\"https:\/\/www.designenwijn.com\/wp-content\/uploads\/2026\/01\/Ichendorf-Milano-Desert-Plants-Champagnecoupe-Cactus-Blauw.jpg\"><img decoding=\"async\" class=\"wp-image-77433\" src=\"https:\/\/www.designenwijn.com\/wp-content\/uploads\/2026\/01\/Ichendorf-Milano-Desert-Plants-Champagnecoupe-Cactus-Blauw.jpg\" alt=\"Ichendorf Milano W\u00fcstenpflanzen \u2013 Champagner-Coupe-Kaktus \u2013 Blau \u2013 Design &amp; Wein \u2013 Amsterdam \u2013 Niederl\u00e4ndischer Wein \u2013 Verkostung \u2013 Design-Accessoires\" width=\"200\" height=\"200\" \/><\/a><\/p>\n<p>&nbsp;<\/p>","protected":false},"excerpt":{"rendered":"<h5>\u00dcber das Produkt<\/h5>\n<p>Das Ichendorf Milano Desert Plants \u2013 Cactus Weinglas \u2013 Gelb ist eine raffinierte Kombination aus italienischer Handwerkskunst und verspieltem, organischem Design. Das Glas wurde von \u2026 entworfen. <a href=\"https:\/\/www.ichendorfmilano.com\/en\/designers\/alessandra-baldereschi\/\">Alessandra Baldereschi<\/a>, eine vielseitige und international anerkannte italienische Designerin, die f\u00fcr ihre poetischen, organischen Entw\u00fcrfe bekannt ist, welche Funktionalit\u00e4t und \u00c4sthetik vereinen. <a href=\"https:\/\/www.ichendorfmilano.com\/en\/\">Ichendorf Milano<\/a> ist seit vielen Jahren ein internationaler Name in der Welt des modernen Glasdesigns, und mit der Desert Plants Kollektion wird dies auf wunderbare Weise sichtbar: Glaswaren, die Design, Finesse und eine wiedererkennbare Handschrift ausstrahlen.<\/p>\n<p>Dieses handgefertigte Weinglas aus Borosilikatglas ist sorgf\u00e4ltig geformt und mit Lumens verziert, wodurch jedes St\u00fcck ein Unikat ist. Ein zarter gelber Kaktus w\u00e4chst im schlanken Stiel \u2013 ein \u00fcberraschendes Detail, das an die Farbenpracht der W\u00fcste erinnert. Der sanfte Gelbton verleiht dem Glas eine elegante und moderne Optik, die sowohl zu einem minimalistischen Interieur als auch zu einer farbenfrohen Tischdekoration passt.<\/p>\n<p>Sekt und elegante, farbenfrohe Cocktails schaffen eine festliche Atmosph\u00e4re, in der der Kaktus im Mittelpunkt steht, beispielsweise bei einem Abendessen oder einem Drink, w\u00e4hrend die Sonne langsam hinter den D\u00fcnen versinkt. Das Beste daran: Dieser Kaktus ist makellos und verleiht dem Ganzen zus\u00e4tzlichen Charme \u2013 ein Detail, bei dem Luxus und Natur harmonisch verschmelzen.<\/p>\n<p>Mit einer H\u00f6he von 22 cm und einem Durchmesser von 9 cm liegt das Glas angenehm in der Hand und besticht durch seine elegante, harmonische Form. Es ist sp\u00fclmaschinenfest bis 40 \u00b0C. Beim Abwaschen von Hand ist es wichtig, das Glas am Kelch zu fassen und den Stiel nicht zu drehen. So bleibt die zarte Kaktusform perfekt erhalten und das Glas kann \u00fcber Generationen hinweg gesch\u00e4tzt werden.<\/p>\n<p>Das Ichendorf Milano Desert Plants \u2013 Cactus Weinglas \u2013 Gelb l\u00e4dt zum Genie\u00dfen, Bewundern und Tr\u00e4umen ein. Ein Glas, das zeigt, dass selbst in der Einfachheit der W\u00fcste etwas Besonderes erbl\u00fchen kann. Ein Must-have f\u00fcr Liebhaber italienischen Designs, einzigartiger Glasobjekte und stimmungsvoller Tischdekorationen. <a href=\"https:\/\/www.designenwijn.com\/de\/?s=ichendorf+milano+desert+plants&amp;post_type=product&amp;dgwt_wcas=1\">Hier<\/a> sowie die anderen Varianten und Farben der Desert Plants Kollektion.<\/p>\n<p><a href=\"https:\/\/www.designenwijn.com\/wp-content\/uploads\/2026\/01\/Ichendorf-Milano-Desert-Plants-Wijnglas-Cactus-Green.jpg\"><img decoding=\"async\" class=\"wp-image-77442 alignleft\" src=\"https:\/\/www.designenwijn.com\/wp-content\/uploads\/2026\/01\/Ichendorf-Milano-Desert-Plants-Wijnglas-Cactus-Green.jpg\" alt=\"Ichendorf Milano W\u00fcstenpflanzen \u2013 Weinglas-Kaktus \u2013 Gr\u00fcn \u2013 Design &amp; Wein \u2013 Amsterdam \u2013 Niederl\u00e4ndischer Wein \u2013 Verkostung \u2013 Design-Accessoires\" width=\"200\" height=\"200\" \/><\/a><a href=\"https:\/\/www.designenwijn.com\/wp-content\/uploads\/2026\/01\/Ichendorf-Milano-Desert-Plants-Champagnecoupe-Cactus-Blauw.jpg\"><img decoding=\"async\" class=\"wp-image-77433 alignleft\" src=\"https:\/\/www.designenwijn.com\/wp-content\/uploads\/2026\/01\/Ichendorf-Milano-Desert-Plants-Champagnecoupe-Cactus-Blauw.jpg\" alt=\"Ichendorf Milano W\u00fcstenpflanzen \u2013 Champagner-Coupe-Kaktus \u2013 Blau \u2013 Design &amp; Wein \u2013 Amsterdam \u2013 Niederl\u00e4ndischer Wein \u2013 Verkostung \u2013 Design-Accessoires\" width=\"200\" height=\"200\" \/><\/a><\/p>\n<p>&nbsp;<\/p>","protected":false},"featured_media":76668,"comment_status":"open","ping_status":"closed","template":"","meta":{"_et_pb_use_builder":"","_et_pb_old_content":"","_et_gb_content_width":"","footnotes":""},"product_brand":[],"product_cat":[1087,474],"product_tag":[],"class_list":{"0":"post-75810","1":"product","2":"type-product","3":"status-publish","4":"has-post-thumbnail","6":"product_cat-creamy-white","7":"product_cat-wijnglazen-en-tumblers","8":"pa_afmetingen-h-22-cm-o-9-cm","9":"pa_functie-wijnglas","10":"pa_kleur-product-geel","11":"pa_kleur-product-transparant","12":"pa_land-van-herkomst-italie","13":"pa_materiaal-borosilicaatglas","14":"pa_merk-ichendorf-milano","15":"pa_ontwerper-alessandra-baldereschi","17":"first","18":"instock","19":"taxable","20":"shipping-taxable","21":"purchasable","22":"product-type-simple"},"_links":{"self":[{"href":"https:\/\/www.designenwijn.com\/de\/wp-json\/wp\/v2\/product\/75810","targetHints":{"allow":["GET"]}}],"collection":[{"href":"https:\/\/www.designenwijn.com\/de\/wp-json\/wp\/v2\/product"}],"about":[{"href":"https:\/\/www.designenwijn.com\/de\/wp-json\/wp\/v2\/types\/product"}],"replies":[{"embeddable":true,"href":"https:\/\/www.designenwijn.com\/de\/wp-json\/wp\/v2\/comments?post=75810"}],"version-history":[{"count":4,"href":"https:\/\/www.designenwijn.com\/de\/wp-json\/wp\/v2\/product\/75810\/revisions"}],"predecessor-version":[{"id":77472,"href":"https:\/\/www.designenwijn.com\/de\/wp-json\/wp\/v2\/product\/75810\/revisions\/77472"}],"wp:featuredmedia":[{"embeddable":true,"href":"https:\/\/www.designenwijn.com\/de\/wp-json\/wp\/v2\/media\/76668"}],"wp:attachment":[{"href":"https:\/\/www.designenwijn.com\/de\/wp-json\/wp\/v2\/media?parent=75810"}],"wp:term":[{"taxonomy":"product_brand","embeddable":true,"href":"https:\/\/www.designenwijn.com\/de\/wp-json\/wp\/v2\/product_brand?post=75810"},{"taxonomy":"product_cat","embeddable":true,"href":"https:\/\/www.designenwijn.com\/de\/wp-json\/wp\/v2\/product_cat?post=75810"},{"taxonomy":"product_tag","embeddable":true,"href":"https:\/\/www.designenwijn.com\/de\/wp-json\/wp\/v2\/product_tag?post=75810"}],"curies":[{"name":"wp","href":"https:\/\/api.w.org\/{rel}","templated":true}]}}