{"id":77410,"date":"2026-01-21T15:44:20","date_gmt":"2026-01-21T14:44:20","guid":{"rendered":"https:\/\/www.designenwijn.com\/product\/ichendorf-milano-champagne-coupe-cactus-amberkleurig\/"},"modified":"2026-01-22T13:18:18","modified_gmt":"2026-01-22T12:18:18","slug":"ichendorf-milano-wustenpflanzen-champagner-coupe-kaktus-bernstein","status":"publish","type":"product","link":"https:\/\/www.designenwijn.com\/de\/product\/ichendorf-milano-desert-plants-champagnecoupe-cactus-amber\/","title":{"rendered":"Ichendorf Milano W\u00fcstenpflanzen \u2013 Champagner-Coupe-Kaktus \u2013 Bernstein"},"content":{"rendered":"<h5>\u00dcber das Produkt<\/h5>\n<p>Das Ichendorf Milano Desert Plants \u2013 Champagnerglas Cactus \u2013 Amber vereint italienische Handwerkskunst mit einem verspielten, organischen Design. Das Glas wurde von \u2026 entworfen. <a href=\"https:\/\/www.ichendorfmilano.com\/en\/designers\/alessandra-baldereschi\/\" target=\"_blank\" rel=\"noopener\">Alessandra Baldereschi<\/a>, eine vielseitige und international anerkannte italienische Designerin, die f\u00fcr ihre poetischen, organischen Entw\u00fcrfe bekannt ist, welche Funktionalit\u00e4t und \u00c4sthetik vereinen. <a href=\"https:\/\/www.ichendorfmilano.com\/en\/\" target=\"_blank\" rel=\"noopener\">Ichendorf Milano<\/a> ist seit vielen Jahren ein internationaler Name in der Welt des modernen Glasdesigns, und mit der Desert Plants Kollektion wird dies auf wunderbare Weise sichtbar: Glaswaren, die Design, Finesse und eine wiedererkennbare Handschrift ausstrahlen.<\/p>\n<p>Das Glas ist handgefertigt und flammpoliert, wodurch jedes St\u00fcck ein Unikat ist. Ein zarter, nicht stechender Kaktus w\u00e4chst im Stiel \u2013 ein markantes und einzigartiges Detail, das an die Farben der W\u00fcste erinnert. Die tiefe Bernsteinfarbe ist klar und elegant und verleiht dem Glas ein edles Aussehen. Die Champagner-Coupe f\u00fcgt sich wunderbar in ein modernes, minimalistisches Interieur ein, kommt aber auch in einem maximalistischen Ambiente voller Farben und Design perfekt zur Geltung.<\/p>\n<p>Sekt und elegante, farbenfrohe Cocktails schaffen eine festliche Atmosph\u00e4re, in der der Kaktus im Mittelpunkt steht, beispielsweise bei einem Abendessen oder einem Drink, w\u00e4hrend die Sonne langsam hinter den D\u00fcnen versinkt. Das Beste daran: Dieser Kaktus ist makellos und verleiht dem Ganzen zus\u00e4tzlichen Charme \u2013 ein Detail, bei dem Luxus und Natur harmonisch verschmelzen.<\/p>\n<p>Mit einer H\u00f6he von 17 cm und einem Durchmesser von 12 cm liegt die Tasse perfekt in der Hand, und das Kaktusmotiv ist ein echter Hingucker. Das Glas ist sp\u00fclmaschinenfest bis 40 \u00b0C. Beim Sp\u00fclen von Hand ist es wichtig, die Tasse am Kelch zu halten und den Stiel nicht zu drehen, damit die zarte Kaktusform erhalten bleibt und die Tasse \u00fcber Generationen hinweg Freude bereitet.<\/p>\n<p>Dieses Ichendorf Milano Desert Plants \u2013 Champagner-Coupe-Glas mit Kaktusmotiv in Bernstein l\u00e4dt zum Genie\u00dfen, Bewundern und Tr\u00e4umen ein. Es erinnert daran, dass selbst in der trockensten W\u00fcste ein Hauch von Luxus und Sch\u00f6nheit erbl\u00fchen kann, kombiniert mit einem erfrischenden Getr\u00e4nk. F\u00fcr Liebhaber italienischen Designs, besonderer Momente am Tisch und der Natur ist dieses Glas unverzichtbar. <a href=\"https:\/\/www.designenwijn.com\/de\/?s=ichendorf+milano+desert+plants&amp;post_type=product&amp;dgwt_wcas=1\">Hier<\/a> sowie die anderen Varianten und Farben der Desert Plants Kollektion.<\/p>\n<p><a href=\"https:\/\/www.designenwijn.com\/wp-content\/uploads\/2026\/01\/Ichendorf-Milano-Desert-Plants-Champagnecoupe-Cactus-Roze.jpg\"><img decoding=\"async\" class=\"wp-image-77436\" src=\"https:\/\/www.designenwijn.com\/wp-content\/uploads\/2026\/01\/Ichendorf-Milano-Desert-Plants-Champagnecoupe-Cactus-Roze.jpg\" alt=\"Ichendorf Milano W\u00fcstenpflanzen \u2013 Champagner-Coupe-Kaktus \u2013 Rosa \u2013 Design &amp; Wein \u2013 Amsterdam \u2013 Niederl\u00e4ndischer Wein \u2013 Verkostung \u2013 Design-Accessoires\" width=\"200\" height=\"200\" \/><\/a><\/p>\n<p><a href=\"https:\/\/www.designenwijn.com\/wp-content\/uploads\/2026\/01\/Ichendorf-Milano-Desert-Plants-Wijnglas-Cactus-Green.jpg\"><img decoding=\"async\" class=\"wp-image-77442 alignleft\" src=\"https:\/\/www.designenwijn.com\/wp-content\/uploads\/2026\/01\/Ichendorf-Milano-Desert-Plants-Wijnglas-Cactus-Green.jpg\" alt=\"\" width=\"200\" height=\"200\"><\/a><\/p>\n<p>&nbsp;<\/p>\n<p>&nbsp;<\/p>\n<p>&nbsp;<\/p>","protected":false},"excerpt":{"rendered":"<h5>\u00dcber das Produkt<\/h5>\n<p>Das Ichendorf Milano Desert Plants \u2013 Champagnerglas Cactus \u2013 Amber vereint italienische Handwerkskunst mit einem verspielten, organischen Design. Das Glas wurde von \u2026 entworfen. <a href=\"https:\/\/www.ichendorfmilano.com\/en\/designers\/alessandra-baldereschi\/\">Alessandra Baldereschi<\/a>, eine vielseitige und international anerkannte italienische Designerin, die f\u00fcr ihre poetischen, organischen Entw\u00fcrfe bekannt ist, welche Funktionalit\u00e4t und \u00c4sthetik vereinen. <a href=\"https:\/\/www.ichendorfmilano.com\/en\/\">Ichendorf Milano<\/a> ist seit vielen Jahren ein internationaler Name in der Welt des modernen Glasdesigns, und mit der Desert Plants Kollektion wird dies auf wunderbare Weise sichtbar: Glaswaren, die Design, Finesse und eine wiedererkennbare Handschrift ausstrahlen.<\/p>\n<p>Das Glas ist handgefertigt und flammpoliert, wodurch jedes St\u00fcck ein Unikat ist. Ein zarter, nicht stechender Kaktus w\u00e4chst im Stiel \u2013 ein markantes und einzigartiges Detail, das an die Farben der W\u00fcste erinnert. Die tiefe Bernsteinfarbe ist klar und elegant und verleiht dem Glas ein edles Aussehen. Die Champagner-Coupe f\u00fcgt sich wunderbar in ein modernes, minimalistisches Interieur ein, kommt aber auch in einem maximalistischen Ambiente voller Farben und Design perfekt zur Geltung.<\/p>\n<p>Sekt und elegante, farbenfrohe Cocktails schaffen eine festliche Atmosph\u00e4re, in der der Kaktus im Mittelpunkt steht, beispielsweise bei einem Abendessen oder einem Drink, w\u00e4hrend die Sonne langsam hinter den D\u00fcnen versinkt. Das Beste daran: Dieser Kaktus ist makellos und verleiht dem Ganzen zus\u00e4tzlichen Charme \u2013 ein Detail, bei dem Luxus und Natur harmonisch verschmelzen.<\/p>\n<p>Mit einer H\u00f6he von 17 cm und einem Durchmesser von 12 cm liegt die Tasse perfekt in der Hand, und das Kaktusmotiv ist ein echter Hingucker. Das Glas ist sp\u00fclmaschinenfest bis 40 \u00b0C. Beim Sp\u00fclen von Hand ist es wichtig, die Tasse am Kelch zu halten und den Stiel nicht zu drehen, damit die zarte Kaktusform erhalten bleibt und die Tasse \u00fcber Generationen hinweg Freude bereitet.<\/p>\n<p>Dieses Ichendorf Milano Desert Plants \u2013 Champagner-Coupe-Glas mit Kaktusmotiv in Bernstein l\u00e4dt zum Genie\u00dfen, Bewundern und Tr\u00e4umen ein. Es erinnert daran, dass selbst in der trockensten W\u00fcste ein Hauch von Luxus und Sch\u00f6nheit erbl\u00fchen kann, kombiniert mit einem erfrischenden Getr\u00e4nk. F\u00fcr Liebhaber italienischen Designs, besonderer Momente am Tisch und der Natur ist dieses Glas unverzichtbar. <a href=\"https:\/\/www.designenwijn.com\/de\/?s=ichendorf+milano+desert+plants&amp;post_type=product&amp;dgwt_wcas=1\">Hier<\/a> sowie die anderen Varianten und Farben der Desert Plants Kollektion.<\/p>\n<p><a href=\"https:\/\/www.designenwijn.com\/wp-content\/uploads\/2026\/01\/Ichendorf-Milano-Desert-Plants-Champagnecoupe-Cactus-Roze.jpg\"><img decoding=\"async\" class=\"wp-image-77436 alignleft\" src=\"https:\/\/www.designenwijn.com\/wp-content\/uploads\/2026\/01\/Ichendorf-Milano-Desert-Plants-Champagnecoupe-Cactus-Roze.jpg\" alt=\"Ichendorf Milano W\u00fcstenpflanzen \u2013 Champagner-Coupe-Kaktus \u2013 Rosa \u2013 Design &amp; Wein \u2013 Amsterdam \u2013 Niederl\u00e4ndischer Wein \u2013 Verkostung \u2013 Design-Accessoires\" width=\"200\" height=\"200\" \/><\/a><a href=\"https:\/\/www.designenwijn.com\/wp-content\/uploads\/2026\/01\/Ichendorf-Milano-Desert-Plants-Wijnglas-Cactus-Green.jpg\"><img decoding=\"async\" class=\"wp-image-77442 alignleft\" src=\"https:\/\/www.designenwijn.com\/wp-content\/uploads\/2026\/01\/Ichendorf-Milano-Desert-Plants-Wijnglas-Cactus-Green.jpg\" alt=\"\" width=\"200\" height=\"200\" \/><\/a><\/p>\n<p>&nbsp;<\/p>\n<p>&nbsp;<\/p>\n<p>&nbsp;<\/p>","protected":false},"featured_media":77432,"comment_status":"open","ping_status":"closed","template":"","meta":{"_et_pb_use_builder":"","_et_pb_old_content":"","_et_gb_content_width":"","footnotes":""},"product_brand":[],"product_cat":[1148,474],"product_tag":[],"class_list":{"0":"post-77410","1":"product","2":"type-product","3":"status-publish","4":"has-post-thumbnail","6":"product_cat-cocktailglazen","7":"product_cat-wijnglazen-en-tumblers","8":"pa_afmetingen-h-17-cm-o-12-cm","9":"pa_functie-cocktailglas","10":"pa_kleur-product-amber","11":"pa_kleur-product-transparant","12":"pa_land-van-herkomst-italie","13":"pa_materiaal-glas","14":"pa_merk-ichendorf-milano","15":"pa_ontwerper-alessandra-baldereschi","17":"first","18":"instock","19":"taxable","20":"shipping-taxable","21":"purchasable","22":"product-type-simple"},"_links":{"self":[{"href":"https:\/\/www.designenwijn.com\/de\/wp-json\/wp\/v2\/product\/77410","targetHints":{"allow":["GET"]}}],"collection":[{"href":"https:\/\/www.designenwijn.com\/de\/wp-json\/wp\/v2\/product"}],"about":[{"href":"https:\/\/www.designenwijn.com\/de\/wp-json\/wp\/v2\/types\/product"}],"replies":[{"embeddable":true,"href":"https:\/\/www.designenwijn.com\/de\/wp-json\/wp\/v2\/comments?post=77410"}],"version-history":[{"count":3,"href":"https:\/\/www.designenwijn.com\/de\/wp-json\/wp\/v2\/product\/77410\/revisions"}],"predecessor-version":[{"id":77460,"href":"https:\/\/www.designenwijn.com\/de\/wp-json\/wp\/v2\/product\/77410\/revisions\/77460"}],"wp:featuredmedia":[{"embeddable":true,"href":"https:\/\/www.designenwijn.com\/de\/wp-json\/wp\/v2\/media\/77432"}],"wp:attachment":[{"href":"https:\/\/www.designenwijn.com\/de\/wp-json\/wp\/v2\/media?parent=77410"}],"wp:term":[{"taxonomy":"product_brand","embeddable":true,"href":"https:\/\/www.designenwijn.com\/de\/wp-json\/wp\/v2\/product_brand?post=77410"},{"taxonomy":"product_cat","embeddable":true,"href":"https:\/\/www.designenwijn.com\/de\/wp-json\/wp\/v2\/product_cat?post=77410"},{"taxonomy":"product_tag","embeddable":true,"href":"https:\/\/www.designenwijn.com\/de\/wp-json\/wp\/v2\/product_tag?post=77410"}],"curies":[{"name":"wp","href":"https:\/\/api.w.org\/{rel}","templated":true}]}}